{"id":2243,"date":"2016-08-17T07:55:01","date_gmt":"2016-08-17T07:55:01","guid":{"rendered":"http:\/\/sps.gov.ba\/?page_id=2243"},"modified":"2016-09-08T17:35:29","modified_gmt":"2016-09-08T17:35:29","slug":"nadleznost","status":"publish","type":"page","link":"https:\/\/sps.gov.ba?page_id=2243","title":{"rendered":"Nadle\u017enost"},"content":{"rendered":"<p style=\"text-align: justify;\">Slu\u017eba za poslove sa strancima kao upravna organizacija s operativnom samostalno\u0161\u0107u u sastavu Ministarstva bezbjednosti BiH, je nosilac u rje\u0161avanju problematike imigracija, ima jedinstveno postupanje i djelovanje u rje\u0161avanju problematike imigracija na \u010ditavom podru\u010dju BiH i prvenstveno se bavi nadzorom i kontrolom nad kretanjem i boravkom stranaca u BiH, \u010dime se daje zna\u010dajan doprinos za\u0161titi bezbjedonosnog sistema BiH, koji je veoma zahtjevan i slo\u017een.<\/p>\n<p style=\"text-align: justify;\">Uva\u017eavaju\u0107i EU standarde u rje\u0161avanju problematike upravljanja migracijama, jedan od prioritetnih ciljeva Slu\u017ebe za poslove sa strancima je uspostava ravnote\u017ee izme\u0111u efikasnog upravljanja migracijama u BiH i po\u0161tivanja slobode kretanja.<\/p>\n<p style=\"text-align: justify;\">Obavljanjem operativno-inspekcijskih i upravno-pravnih poslova, Slu\u017eba kontroli\u0161e dolazak stranaca iz viznog re\u017eima u BiH kroz postupke ovjere pozivnih pisama, rje\u0161ava o statusu stranaca u BiH kroz odobravanje ili odbijanje boravaka stranaca u zemlji, otkazu boravka, protjerivanju, stavljanju pod nadzor te prisilnom udaljenju stranaca iz zemlje.<\/p>\n<p style=\"text-align: justify;\">Slu\u017eba vr\u0161i prethodno sve neophodne bezbjedonosne provjere, prije odlu\u010divanja kod postupka ovjere pozivnih pisama, provjeri kod izdavanja prethodne saglasnosti za izdavanje vize tipa \u201cD\u201c i prije rje\u0161avanja zahtjeva za odobrenje privremenog i stalnog boravka. Vr\u0161enjem neophodnih bezbjedonosnih provjera u postupku ovjere pozivnih pisama, odnosno prije nego \u0161to stranac do\u0111e u BiH, \u0161titi se bezbjedonosni sistem BiH.<\/p>\n<p style=\"text-align: justify;\">U cilju stvaranja doprinosa ukupnom bezbjedonosnom sistemu BiH, Slu\u017eba u okviru svojih operativno-inspekcijskih nadle\u017enosti, operativnim radom inspektora za strance svakodnevno prikuplja podatke o svim vidovima neregularnih migracija i neregularnim migranatima, nadzire i kontroli\u0161e boravak stranaca kroz njihovu eventualnu zloupotrebu i nezakonitost u kori\u0161tenju boravka i eventualnom ugro\u017eavanju javnog poretka ili nacionalne bezbjednosti zemlje od odre\u0111enih kategorija stranaca.<\/p>\n","protected":false},"excerpt":{"rendered":"<p>Slu\u017eba za poslove sa strancima kao upravna organizacija s operativnom samostalno\u0161\u0107u u sastavu Ministarstva bezbjednosti BiH, je nosilac u rje\u0161avanju problematike imigracija, ima jedinstveno postupanje i djelovanje u rje\u0161avanju problematike imigracija na \u010ditavom podru\u010dju BiH i prvenstveno se bavi nadzorom i kontrolom nad kretanjem i boravkom stranaca u BiH, \u010dime se daje zna\u010dajan doprinos za\u0161titi bezbjedonosnog sistema BiH, koji je&nbsp;<a href=\"https:\/\/sps.gov.ba?page_id=2243\" class=\"read-more\">Continue Reading<\/a><\/p>\n","protected":false},"author":2,"featured_media":0,"parent":0,"menu_order":0,"comment_status":"closed","ping_status":"closed","template":"","meta":{"iawp_total_views":213,"footnotes":""},"class_list":["post-2243","page","type-page","status-publish","hentry"],"_links":{"self":[{"href":"https:\/\/sps.gov.ba\/index.php?rest_route=\/wp\/v2\/pages\/2243","targetHints":{"allow":["GET"]}}],"collection":[{"href":"https:\/\/sps.gov.ba\/index.php?rest_route=\/wp\/v2\/pages"}],"about":[{"href":"https:\/\/sps.gov.ba\/index.php?rest_route=\/wp\/v2\/types\/page"}],"author":[{"embeddable":true,"href":"https:\/\/sps.gov.ba\/index.php?rest_route=\/wp\/v2\/users\/2"}],"replies":[{"embeddable":true,"href":"https:\/\/sps.gov.ba\/index.php?rest_route=%2Fwp%2Fv2%2Fcomments&post=2243"}],"version-history":[{"count":5,"href":"https:\/\/sps.gov.ba\/index.php?rest_route=\/wp\/v2\/pages\/2243\/revisions"}],"predecessor-version":[{"id":3450,"href":"https:\/\/sps.gov.ba\/index.php?rest_route=\/wp\/v2\/pages\/2243\/revisions\/3450"}],"wp:attachment":[{"href":"https:\/\/sps.gov.ba\/index.php?rest_route=%2Fwp%2Fv2%2Fmedia&parent=2243"}],"curies":[{"name":"wp","href":"https:\/\/api.w.org\/{rel}","templated":true}]}}