{"id":2246,"date":"2016-08-17T07:55:40","date_gmt":"2016-08-17T07:55:40","guid":{"rendered":"http:\/\/sps.gov.ba\/?page_id=2246"},"modified":"2023-03-21T07:40:59","modified_gmt":"2023-03-21T07:40:59","slug":"direktor","status":"publish","type":"page","link":"https:\/\/sps.gov.ba?page_id=2246","title":{"rendered":"Direktor"},"content":{"rendered":"<p style=\"text-align: justify;\"><strong><a href=\"https:\/\/sps.gov.ba\/wp-content\/uploads\/2023\/03\/Laketa.jpg\"><img loading=\"lazy\" decoding=\"async\" class=\"size-medium wp-image-6238 alignleft\" src=\"https:\/\/sps.gov.ba\/wp-content\/uploads\/2023\/03\/Laketa-217x300.jpg\" alt=\"\" width=\"217\" height=\"300\" srcset=\"https:\/\/sps.gov.ba\/wp-content\/uploads\/2023\/03\/Laketa-217x300.jpg 217w, https:\/\/sps.gov.ba\/wp-content\/uploads\/2023\/03\/Laketa-739x1024.jpg 739w, https:\/\/sps.gov.ba\/wp-content\/uploads\/2023\/03\/Laketa-768x1064.jpg 768w, https:\/\/sps.gov.ba\/wp-content\/uploads\/2023\/03\/Laketa.jpg 924w\" sizes=\"auto, (max-width: 217px) 100vw, 217px\" \/><\/a>\u017darko Laketa<\/strong> je ro\u0111en 22. 08. 1965. godine u Nevesinju. \u0160kolu unutra\u0161njih poslova (smjer milicioner \u2013 tehni\u010dar za poslove kontrole saobra\u0107aja) upisuje 1981. godine u Sarajevu, gdje nakon zavr\u0161etka\u00a0 1985. godine odlazi u Beograd na dalje \u0161kolovanje. Vojnu Akademiju kopnene vojske (smjer Vojnopolicijske specijalnosti)\u00a0 zavr\u0161ava 1989. godine kada i po\u010dinje njegova policijska karijera.<\/p>\n<hr \/>\n<p>U svom dosada\u0161njem radu obavljao je poslove i zadatke po svim linijama rada, od policajca do razli\u010ditih rukovode\u0107ih pozicija: komandir Stanice milicije, na\u010delnik Stanice javne bezbjednosti, inspektor milicije, pomo\u0107nik komandira, inspektor za suzbijanje op\u0161teg kriminaliteta, Komandir voda - vaspita\u010d U S\u0160UP, inspektor za kontrolu kretanje i boravak stranca, zamjenik komandira, na\u010delnik CJB, pomo\u0107nik direktora za organizaciju i operacije Grani\u010dne policije BiH.<\/p>\n<hr \/>\n<p style=\"text-align: justify;\">Za svoj rad na funkciju pomo\u0107nika direktora za organizaciju i operacije Grani\u010dne policije Bosne i Hercegovine od strane Ministarstva sigurnosti nagra\u0111en je Zlatnom policijskom zna\u010dkom.<\/p>\n<hr \/>\n<p>Funkciju na\u010delnika Centra javne bezbjednosti Trebinje, obavljao u periodu od 01.07.2015. godine, nakon \u010dega od 25. 01. 2019. godine postaje savjetnik ministra Unutra\u0161njih poslova Republike Srpske. Na poziciju savjetnika ministra Ministarstva spoljne trgovine i ekonomskih odnosa Bosne i Hercegovine imenuje se 03. 02. 2020. godine. Savjet ministara Bosne i Hercegovine, na 2. sjednici odr\u017eanoj 9. februara 2023. godine, donio je rje\u0161enje o imenovanju direktora Slu\u017ebe za poslove sa strancima, kojim je imenovan za direktora Slu\u017ebe za poslove sa strancima na mandat od pet godina.<\/p>\n<p>O\u017eenjen, otac troje djece.<\/p>\n<hr \/>\n<p style=\"text-align: justify;\">\n","protected":false},"excerpt":{"rendered":"<p>\u017darko Laketa je ro\u0111en 22. 08. 1965. godine u Nevesinju. \u0160kolu unutra\u0161njih poslova (smjer milicioner \u2013 tehni\u010dar za poslove kontrole saobra\u0107aja) upisuje 1981. godine u Sarajevu, gdje nakon zavr\u0161etka\u00a0 1985. godine odlazi u Beograd na dalje \u0161kolovanje. Vojnu Akademiju kopnene vojske (smjer Vojnopolicijske specijalnosti)\u00a0 zavr\u0161ava 1989. godine kada i po\u010dinje njegova policijska karijera. U svom dosada\u0161njem radu obavljao je poslove&nbsp;<a href=\"https:\/\/sps.gov.ba?page_id=2246\" class=\"read-more\">Continue Reading<\/a><\/p>\n","protected":false},"author":2,"featured_media":0,"parent":0,"menu_order":0,"comment_status":"closed","ping_status":"closed","template":"","meta":{"iawp_total_views":698,"footnotes":""},"class_list":["post-2246","page","type-page","status-publish","hentry"],"_links":{"self":[{"href":"https:\/\/sps.gov.ba\/index.php?rest_route=\/wp\/v2\/pages\/2246","targetHints":{"allow":["GET"]}}],"collection":[{"href":"https:\/\/sps.gov.ba\/index.php?rest_route=\/wp\/v2\/pages"}],"about":[{"href":"https:\/\/sps.gov.ba\/index.php?rest_route=\/wp\/v2\/types\/page"}],"author":[{"embeddable":true,"href":"https:\/\/sps.gov.ba\/index.php?rest_route=\/wp\/v2\/users\/2"}],"replies":[{"embeddable":true,"href":"https:\/\/sps.gov.ba\/index.php?rest_route=%2Fwp%2Fv2%2Fcomments&post=2246"}],"version-history":[{"count":12,"href":"https:\/\/sps.gov.ba\/index.php?rest_route=\/wp\/v2\/pages\/2246\/revisions"}],"predecessor-version":[{"id":6243,"href":"https:\/\/sps.gov.ba\/index.php?rest_route=\/wp\/v2\/pages\/2246\/revisions\/6243"}],"wp:attachment":[{"href":"https:\/\/sps.gov.ba\/index.php?rest_route=%2Fwp%2Fv2%2Fmedia&parent=2246"}],"curies":[{"name":"wp","href":"https:\/\/api.w.org\/{rel}","templated":true}]}}