{"id":2248,"date":"2016-08-17T07:56:07","date_gmt":"2016-08-17T07:56:07","guid":{"rendered":"http:\/\/sps.gov.ba\/?page_id=2248"},"modified":"2024-01-26T08:56:35","modified_gmt":"2024-01-26T08:56:35","slug":"zamjenik","status":"publish","type":"page","link":"https:\/\/sps.gov.ba?page_id=2248","title":{"rendered":"Zamjenik direktora"},"content":{"rendered":"<p style=\"text-align: justify;\"><a href=\"https:\/\/sps.gov.ba\/wp-content\/uploads\/2024\/01\/IMG-20240125-WA0000.jpg\"><img loading=\"lazy\" decoding=\"async\" class=\"wp-image-5369  alignleft\" src=\"https:\/\/sps.gov.ba\/wp-content\/uploads\/2024\/01\/IMG-20240125-WA0000.jpg\" alt=\"\" width=\"230\" height=\"343\" \/><\/a><strong>Almin Imamovi\u0107<\/strong> je na poziciju zamjenika direktora Slu\u017ebe za poslove sa strancima imenovan Odlukom Vije\u0107a ministara BiH od 07. decembra 2023. godine.<\/p>\n<p style=\"text-align: justify;\">Na ovu poziciju imenovan je sa mjesta inspektora za strance u Slu\u017ebi za poslove sa strancima, koje je obavljao od 2012. godine. Kao vi\u0161i stru\u010dni saradnik-inspektor za strance radio je u Slu\u017ebi za poslove sa strancima od 2012. do 2021. godine u terenskom centru Tuzla kao i ostalim terenskim centrima u BiH, te kao koordinator-inspektor za strance u Privremeno prihvatnom centru Miral - Velika Kladu\u0161a 2021. godine i Privremeno prihvatnom centru Lipa - Biha\u0107 u periodu 2021. do 2023 godine.<\/p>\n<p style=\"text-align: justify;\">Diplomirao je 2003. godine na Univerzitetu u Tuzli. Tokom profesionalne karijere prisustvovao je brojnim konferencijama, seminarima i okruglim stolovima iz razli\u010ditih oblasti te zavr\u0161io niz specijalisti\u010dkih obuka u organizaciji Ministarstva sigurnosti BiH, Obavje\u0161tajno-sigurnosne agencije BiH, OSCE-a, US Department of Justice, US Department of State-Bureau of Diplomatic Security, IOM-a, UNHCR-a, UN-\u0430 i drugih.<\/p>\n","protected":false},"excerpt":{"rendered":"<p>Almin Imamovi\u0107 je na poziciju zamjenika direktora Slu\u017ebe za poslove sa strancima imenovan Odlukom Vije\u0107a ministara BiH od 07. decembra 2023. godine. Na ovu poziciju imenovan je sa mjesta inspektora za strance u Slu\u017ebi za poslove sa strancima, koje je obavljao od 2012. godine. Kao vi\u0161i stru\u010dni saradnik-inspektor za strance radio je u Slu\u017ebi za poslove sa strancima od 2012.&nbsp;<a href=\"https:\/\/sps.gov.ba?page_id=2248\" class=\"read-more\">Continue Reading<\/a><\/p>\n","protected":false},"author":2,"featured_media":0,"parent":0,"menu_order":0,"comment_status":"closed","ping_status":"closed","template":"","meta":{"iawp_total_views":329,"footnotes":""},"class_list":["post-2248","page","type-page","status-publish","hentry"],"_links":{"self":[{"href":"https:\/\/sps.gov.ba\/index.php?rest_route=\/wp\/v2\/pages\/2248","targetHints":{"allow":["GET"]}}],"collection":[{"href":"https:\/\/sps.gov.ba\/index.php?rest_route=\/wp\/v2\/pages"}],"about":[{"href":"https:\/\/sps.gov.ba\/index.php?rest_route=\/wp\/v2\/types\/page"}],"author":[{"embeddable":true,"href":"https:\/\/sps.gov.ba\/index.php?rest_route=\/wp\/v2\/users\/2"}],"replies":[{"embeddable":true,"href":"https:\/\/sps.gov.ba\/index.php?rest_route=%2Fwp%2Fv2%2Fcomments&post=2248"}],"version-history":[{"count":14,"href":"https:\/\/sps.gov.ba\/index.php?rest_route=\/wp\/v2\/pages\/2248\/revisions"}],"predecessor-version":[{"id":7578,"href":"https:\/\/sps.gov.ba\/index.php?rest_route=\/wp\/v2\/pages\/2248\/revisions\/7578"}],"wp:attachment":[{"href":"https:\/\/sps.gov.ba\/index.php?rest_route=%2Fwp%2Fv2%2Fmedia&parent=2248"}],"curies":[{"name":"wp","href":"https:\/\/api.w.org\/{rel}","templated":true}]}}