{"id":2250,"date":"2016-08-17T07:57:19","date_gmt":"2016-08-17T07:57:19","guid":{"rendered":"http:\/\/sps.gov.ba\/?page_id=2250"},"modified":"2018-04-11T12:18:24","modified_gmt":"2018-04-11T12:18:24","slug":"pomocnik","status":"publish","type":"page","link":"https:\/\/sps.gov.ba?page_id=2250","title":{"rendered":"Pomo\u0107nik direktora"},"content":{"rendered":"<p style=\"text-align: justify;\"><a href=\"https:\/\/sps.gov.ba\/wp-content\/uploads\/2018\/04\/Grenka-Arapovic.jpg\"><img loading=\"lazy\" decoding=\"async\" class=\"size-medium wp-image-5103 alignleft\" src=\"https:\/\/sps.gov.ba\/wp-content\/uploads\/2018\/04\/Grenka-Arapovic-231x300.jpg\" alt=\"\" width=\"231\" height=\"300\" srcset=\"https:\/\/sps.gov.ba\/wp-content\/uploads\/2018\/04\/Grenka-Arapovic-231x300.jpg 231w, https:\/\/sps.gov.ba\/wp-content\/uploads\/2018\/04\/Grenka-Arapovic-768x998.jpg 768w, https:\/\/sps.gov.ba\/wp-content\/uploads\/2018\/04\/Grenka-Arapovic-788x1024.jpg 788w, https:\/\/sps.gov.ba\/wp-content\/uploads\/2018\/04\/Grenka-Arapovic.jpg 803w\" sizes=\"auto, (max-width: 231px) 100vw, 231px\" \/><\/a><strong>Grenko Arapovi\u0107<\/strong> je imenovan na poziciju pomo\u0107nika direktora za unutra\u0161nju kontrolu Slu\u017ebe za poslove sa strancima odlukom Vije\u0107a ministrara BiH broj: 246\/17 od 31. 10. 2017. godine.<\/p>\n<p style=\"text-align: justify;\">Na ovu poziciju imenovan je sa mjesta \u0161efa Odsjeka za edukaciju u kaznenim stvarima pred Sudom BiH, Ministarstvo pravde Bosne i Hercegovine.<\/p>\n<p style=\"text-align: justify;\">Diplomirao je na Fakultetu pravnih nauka Univerziteta u Sarajevu 1983. godine<\/p>\n<p style=\"text-align: justify;\">Posjeduje \u00a0veoma bogatu profesionalnu kerijeru od policijskih snaga, Dr\u017eavne grani\u010dne slu\u017ebe Bosne i Hercegovine, reforne pravosu\u0111a, Tu\u017eiteljstva Bosne i Hercegovine - istrage ratnih zlo\u010dina, Ured Visokog predstavnika u Bosni i Hercegovini, Visoko sudbeno i tu\u017eiteljsko vije\u0107e, Ministarstvo pravde Bosne i Hercegovine.<\/p>\n<p style=\"text-align: justify;\">Tokom profesionalne karijere bio je aktivno uklju\u010den u rad na \u00a0brojnim konferencijama, seminarima i okruglim stolovima iz razli\u010ditih oblasti, te zavr\u0161io niz specijalisti\u010dkih obuka. Pored navedenog, bio je kontakt to\u010dka Ministarstva pravde BiH i EUROJUST-a, \u010dlan MONEYVAL delegacije Bosne i Hercegovine, kao i \u010dlan vi\u0161e radnih grupa Vije\u0107a ministara Bosne i Hercegovine zadu\u017eenih za izradu strate\u0161kih dokumenata.<\/p>\n","protected":false},"excerpt":{"rendered":"<p>Grenko Arapovi\u0107 je imenovan na poziciju pomo\u0107nika direktora za unutra\u0161nju kontrolu Slu\u017ebe za poslove sa strancima odlukom Vije\u0107a ministrara BiH broj: 246\/17 od 31. 10. 2017. godine. Na ovu poziciju imenovan je sa mjesta \u0161efa Odsjeka za edukaciju u kaznenim stvarima pred Sudom BiH, Ministarstvo pravde Bosne i Hercegovine. Diplomirao je na Fakultetu pravnih nauka Univerziteta u Sarajevu 1983. godine&nbsp;<a href=\"https:\/\/sps.gov.ba?page_id=2250\" class=\"read-more\">Continue Reading<\/a><\/p>\n","protected":false},"author":2,"featured_media":0,"parent":0,"menu_order":0,"comment_status":"closed","ping_status":"closed","template":"","meta":{"iawp_total_views":241,"footnotes":""},"class_list":["post-2250","page","type-page","status-publish","hentry"],"_links":{"self":[{"href":"https:\/\/sps.gov.ba\/index.php?rest_route=\/wp\/v2\/pages\/2250","targetHints":{"allow":["GET"]}}],"collection":[{"href":"https:\/\/sps.gov.ba\/index.php?rest_route=\/wp\/v2\/pages"}],"about":[{"href":"https:\/\/sps.gov.ba\/index.php?rest_route=\/wp\/v2\/types\/page"}],"author":[{"embeddable":true,"href":"https:\/\/sps.gov.ba\/index.php?rest_route=\/wp\/v2\/users\/2"}],"replies":[{"embeddable":true,"href":"https:\/\/sps.gov.ba\/index.php?rest_route=%2Fwp%2Fv2%2Fcomments&post=2250"}],"version-history":[{"count":13,"href":"https:\/\/sps.gov.ba\/index.php?rest_route=\/wp\/v2\/pages\/2250\/revisions"}],"predecessor-version":[{"id":5110,"href":"https:\/\/sps.gov.ba\/index.php?rest_route=\/wp\/v2\/pages\/2250\/revisions\/5110"}],"wp:attachment":[{"href":"https:\/\/sps.gov.ba\/index.php?rest_route=%2Fwp%2Fv2%2Fmedia&parent=2250"}],"curies":[{"name":"wp","href":"https:\/\/api.w.org\/{rel}","templated":true}]}}