{"id":2271,"date":"2016-08-17T08:13:25","date_gmt":"2016-08-17T08:13:25","guid":{"rendered":"http:\/\/sps.gov.ba\/?page_id=2271"},"modified":"2024-04-30T10:24:14","modified_gmt":"2024-04-30T10:24:14","slug":"pristup-informacijama","status":"publish","type":"page","link":"https:\/\/sps.gov.ba?page_id=2271","title":{"rendered":"Pristup informacijama"},"content":{"rendered":"<p>&nbsp;<\/p>\n<p>\nObrazac Zahtjeva za pristup informacijama Slu\u017ebe za poslove sa strancima BiH mo\u017eete preuzeti <a href=\"\/dokumenti\/informacije\/2024\/bs\/obrazac1.pdf\"><strong>OVDJE<\/strong><\/a><\/p>\n<p>\nObrazac Zahtjeva za ponovnu upotrebu dokumenata Slu\u017ebe za poslove sa strancima BiH mo\u017eete preuzeti <a href=\"\/dokumenti\/informacije\/2024\/bs\/obrazac2.pdf\"><strong>OVDJE<\/strong><\/a><\/p>\n<p>\nObrazac Zahtjeva za dopunu ili ispravku informacije Slu\u017ebe za poslove sa strancima BiH mo\u017eete preuzeti <a href=\"\/dokumenti\/informacije\/2024\/bs\/obrazac3.pdf\"><strong>OVDJE<\/strong><\/a><\/p>\n<hr \/>\n<p><a href=\"\/dokumenti\/informacije\/2024\/bs\/Vodic.docx\"><i class=\"fa fa-download\"><\/i> Vodi\u010d za pristup informacijama<\/a><\/p>\n<hr \/>\n<p><a href=\"\/dokumenti\/informacije\/2024\/bs\/ZOSPI.docx\"><i class=\"fa fa-download\"><\/i> Zakon o slobodi pristupa informacijama u Bosni i Hecegovini<\/a><\/p>\n<hr \/>\n<p><a href=\"\/dokumenti\/informacije\/2024\/bs\/TroskoviZOSPI.pdf\"><i class=\"fa fa-download\"><\/i> Tro\u0161kovi umno\u017eavanja po ZOSPI-u<\/a><\/p>\n","protected":false},"excerpt":{"rendered":"<p>&nbsp; Obrazac Zahtjeva za pristup informacijama Slu\u017ebe za poslove sa strancima BiH mo\u017eete preuzeti OVDJE Obrazac Zahtjeva za ponovnu upotrebu dokumenata Slu\u017ebe za poslove sa strancima BiH mo\u017eete preuzeti OVDJE Obrazac Zahtjeva za dopunu ili ispravku informacije Slu\u017ebe za poslove sa strancima BiH mo\u017eete preuzeti OVDJE Vodi\u010d za pristup informacijama Zakon o slobodi pristupa informacijama u Bosni i Hecegovini Tro\u0161kovi&nbsp;<a href=\"https:\/\/sps.gov.ba?page_id=2271\" class=\"read-more\">Continue Reading<\/a><\/p>\n","protected":false},"author":2,"featured_media":0,"parent":0,"menu_order":0,"comment_status":"closed","ping_status":"closed","template":"","meta":{"iawp_total_views":77,"footnotes":""},"class_list":["post-2271","page","type-page","status-publish","hentry"],"_links":{"self":[{"href":"https:\/\/sps.gov.ba\/index.php?rest_route=\/wp\/v2\/pages\/2271","targetHints":{"allow":["GET"]}}],"collection":[{"href":"https:\/\/sps.gov.ba\/index.php?rest_route=\/wp\/v2\/pages"}],"about":[{"href":"https:\/\/sps.gov.ba\/index.php?rest_route=\/wp\/v2\/types\/page"}],"author":[{"embeddable":true,"href":"https:\/\/sps.gov.ba\/index.php?rest_route=\/wp\/v2\/users\/2"}],"replies":[{"embeddable":true,"href":"https:\/\/sps.gov.ba\/index.php?rest_route=%2Fwp%2Fv2%2Fcomments&post=2271"}],"version-history":[{"count":17,"href":"https:\/\/sps.gov.ba\/index.php?rest_route=\/wp\/v2\/pages\/2271\/revisions"}],"predecessor-version":[{"id":7919,"href":"https:\/\/sps.gov.ba\/index.php?rest_route=\/wp\/v2\/pages\/2271\/revisions\/7919"}],"wp:attachment":[{"href":"https:\/\/sps.gov.ba\/index.php?rest_route=%2Fwp%2Fv2%2Fmedia&parent=2271"}],"curies":[{"name":"wp","href":"https:\/\/api.w.org\/{rel}","templated":true}]}}