{"id":2284,"date":"2016-08-17T09:11:01","date_gmt":"2016-08-17T09:11:01","guid":{"rendered":"http:\/\/sps.gov.ba\/?page_id=2284"},"modified":"2016-09-14T10:50:32","modified_gmt":"2016-09-14T10:50:32","slug":"ulazak-stranaca-u-bih","status":"publish","type":"page","link":"https:\/\/sps.gov.ba?page_id=2284","title":{"rendered":"Ulazak stranaca u BiH"},"content":{"rendered":"<div class=\"mp-row-fluid motopress-row mpce-dsbl-margin-left mpce-dsbl-margin-right\">\n<div class=\"mp-span7 motopress-clmn mpce-dsbl-margin-left mpce-dsbl-margin-right motopress-shadow\">\n<div id=\"57d19e19320f8\" class=\"motopress-accordion-obj motopress-accordion motopress-accordion-dark\">\n<div id=\"id-1819148527\" class=\"accordion\">\n<div class=\"accordion-group\"><div class=\"accordion-heading\"><a class=\"accordion-toggle \" data-toggle=\"collapse\" data-parent=\"#id-1819148527\" href=\"#532967485\">PRELAZAK DR\u017dAVNE GRANICE<\/a><\/div><div class=\"accordion-body collapse \" id=\"532967485\"><div class=\"accordion-inner\">\n<p style=\"text-align: justify;\">Stranac mo\u017ee pre\u0107i dr\u017eavnu granicu BiH sa va\u017ee\u0107om putnom ispravom samo na grani\u010dnim prijelazima otvorenim za me\u0111unarodni saobra\u0107aj i u vrijeme u koje grani\u010dni prijelaz radi. Stranac koji je dr\u017eavljanin susjedne zemlje mo\u017ee pre\u0107i dr\u017eavnu granicu BiH i na grani\u010dnim prijelazima namijenjenim za saobra\u0107aj izme\u0111u BiH i susjednih dr\u017eava, osim ako sporazumom izme\u0111u BiH i susjedne dr\u017eave nije odre\u0111eno druga\u010dije.<\/p>\n<p style=\"text-align: justify;\">Vi\u0161e informacija o grani\u010dnim prijelazima mo\u017eete na\u0107i na internet stranici Grani\u010dne policije BiH <a href=\"http:\/\/www.granpol.gov.ba\" target=\"_blank\">www.granpol.gov.ba<\/a>)<\/p>\n<\/div><\/div><\/div>\n<div class=\"accordion-group\"><div class=\"accordion-heading\"><a class=\"accordion-toggle \" data-toggle=\"collapse\" data-parent=\"#id-1819148527\" href=\"#1784340805\">USLOVI ZA ULAZAK STRANCA U BiH<\/a><\/div><div class=\"accordion-body collapse \" id=\"1784340805\"><div class=\"accordion-inner\">\n<p style=\"text-align: justify;\">Stranac je svako lice koje nema dr\u017eavljanstvo BiH ali je dr\u017eavljanin neke druge dr\u017eave prema njenim propisima, kao i lice bez dr\u017eavljanstva ijedne dr\u017eave.<\/p>\n<p style=\"text-align: justify;\">Pored va\u017ee\u0107eg paso\u0161a ili drugog identifikacionog dokumenta stranac mo\u017ee u\u0107i u Bosnu i Hercegovinu ako ispunjava uslove iz \u010dlana 19. Zakona o kretanju i boravku stranaca i azilu.<\/p>\n<\/div><\/div><\/div>\n<div class=\"accordion-group\"><div class=\"accordion-heading\"><a class=\"accordion-toggle \" data-toggle=\"collapse\" data-parent=\"#id-1819148527\" href=\"#251548191\">PUTNI DOKUMENTI<\/a><\/div><div class=\"accordion-body collapse \" id=\"251548191\"><div class=\"accordion-inner\">\n<p style=\"text-align: justify;\">Putna isprava sa kojom stranac mo\u017ee u\u0107i u BiH je va\u017ee\u0107i paso\u0161 ili drugi putni identifikacioni dokument koji je izdao strani nadle\u017eni organ vlasti i koji BiH priznaje, te va\u017ee\u0107a li\u010dna karta ili drugi li\u010dni identifikacioni dokument s fotografijom koji se mo\u017ee koristiti za prelazak dr\u017eavne granice, a priznat je me\u0111unarodnim ugovorom \u010dija je BiH ugovorna strana, kao i putna isprava izdana strancu u BiH.<\/p>\n<p style=\"text-align: justify;\">Stranac mo\u017ee ulaziti u BiH s va\u017ee\u0107om putnom ispravom u koju je unesena viza ili odobrenje boravka, ako Zakonom o strancima ili me\u0111unarodnim ugovorom nije druga\u010dije odre\u0111eno. Od obaveze pribavljanja vize za ulazak u BiH izuzeti su stranci dr\u017eavljani dr\u017eava iz \u010dlana 2. Odluke o vizama i \u010dlana 4. Odluke o vizama.<\/p>\n<p style=\"text-align: justify;\">Dr\u017eavljani slijede\u0107ih dr\u017eava mogu u\u0107i u Bosnu i Hercegovinu do 90 dana u periodu od \u0161est mjeseci, po\u010dev\u0161i od dana prvog ulaska, osim s putnom ispravom i s valjanom li\u010dnom kartom kojom se dokazuje identitet i dr\u017eavljanstvo:<\/p>\n<p style=\"text-align: justify;\">1) dr\u017eave \u010dlanice Europske Unije,<\/p>\n<p style=\"text-align: justify;\">2) dr\u017eave potpisnice \u0160engenskog sporazuma i<\/p>\n<p style=\"text-align: justify;\">3) Andora, Crna Gora, Lihten\u0161tajn, Monako, San Marino, Srbija, Sveta Stolica i \u0160vicarska Konfederacija.<\/p>\n<\/div><\/div><\/div>\n<div class=\"accordion-group\"><div class=\"accordion-heading\"><a class=\"accordion-toggle \" data-toggle=\"collapse\" data-parent=\"#id-1819148527\" href=\"#231146982\">ULAZAK MALOLJETNIKA<\/a><\/div><div class=\"accordion-body collapse \" id=\"231146982\"><div class=\"accordion-inner\">\n<p style=\"text-align: justify;\">Stranac mla\u0111i od 14 godina koji ima li\u010dnu putnu ispravu mo\u017ee prelaziti granicu BiH u pratnji jednog ili oba roditelja, zakonskog zastupnika ili staratelja, odnosno, u pratnji osobe koja je opunomo\u0107ena pratiti ga uz potpisanu i ovjerenu punomo\u0107 roditelja, zakonskog zastupnika ili staratelja. Maloljetnik koji putuje bez pratnje mora imati ovjerenu suglasnost roditelja, zakonskog zastupnika ili staratelja.<\/p>\n<p style=\"text-align: justify;\">Saglasnost ili punomo\u0107 sadr\u017ei podatke iu skladu sa\u00a0Pravilnikom o ulasku i boravku stranaca, a smatra se da maloljetni stranac posjeduje saglasnost ili punomo\u0107 zakonskog zastupnika ako je ispunjen neki od uslova propisanih Pravilnikom o ulasku i boravku stranaca.<\/p>\n<\/div><\/div><\/div>\n<div class=\"accordion-group\"><div class=\"accordion-heading\"><a class=\"accordion-toggle \" data-toggle=\"collapse\" data-parent=\"#id-1819148527\" href=\"#1841040786\">SREDSTVA ZA IZDR\u017dAVANJE<\/a><\/div><div class=\"accordion-body collapse \" id=\"1841040786\"><div class=\"accordion-inner\">\n<p style=\"text-align: justify;\">Posjedovanje sredstava dokazuje se na na\u010din propisan Zakonom o stranacima.<\/p>\n<p style=\"text-align: justify;\">Najmanji iznos sredstava potreban za izdr\u017eavanje stranca za vrijeme namjeravanog boravka u Bosni i Hercegovini i sredstava za izlazak iz zemlje, uklju\u010duju\u0107i i sredstva potrebna za zdravstvenu za\u0161titu stranca je 150,00 KM ili protuvrijednost u stranoj konvertibilnoj valuti, za svaki dan namjeravanog boravka u Bosni i Hercegovini.<\/p>\n<\/div><\/div><\/div>\n<div class=\"accordion-group\"><div class=\"accordion-heading\"><a class=\"accordion-toggle \" data-toggle=\"collapse\" data-parent=\"#id-1819148527\" href=\"#1954576315\">NOV\u010cANA SREDSTVA<\/a><\/div><div class=\"accordion-body collapse \" id=\"1954576315\"><div class=\"accordion-inner\">\n<p style=\"text-align: justify;\">Obaveza stranca je da, na zahtjev policijskog slu\u017ebenika Grani\u010dne policije BiH na grani\u010dnom prjelazu, predo\u010di dokaze o posjedovanju finansijskih sredstava u iznosu od 150,00 KM za svaki dan boravka u BiH. Finansijska sredstva mogu biti u gotovom novcu ili vidovima bezgotovinskog pla\u0107anja, prihva\u0107enim od bankarskog sistema BiH, koja nedvojbeno ukazuju da mogu poslu\u017eiti kao osnova za izdr\u017eavanje stranca u BiH.<\/p>\n<p style=\"text-align: justify;\">Posjedovanje sredstava za izdr\u017eavanje stranca koji u BiH ulazi sa vizom ili je dr\u017eavljanin zemlje bezviznog re\u017eima, kao i razlog ulaska i boravka stranca u BiH mo\u017ee se dokazivati i pozivnim pismom<\/p>\n<\/div><\/div><\/div>\n<div class=\"accordion-group\"><div class=\"accordion-heading\"><a class=\"accordion-toggle \" data-toggle=\"collapse\" data-parent=\"#id-1819148527\" href=\"#2033930055\">POZIVNO PISMO<\/a><\/div><div class=\"accordion-body collapse \" id=\"2033930055\"><div class=\"accordion-inner\">\n<p style=\"text-align: justify;\">Pozivno pismo je pismo kojim se stranac poziva da do\u0111e u BiH radi odre\u0111ene svrhe i u odre\u0111enom vremenskom periodu. Pozivno pismo za ulazak stranca u BiH mo\u017ee izdati dr\u017eavljanin BiH ili stranac sa odobrenim stalnim boravkom u BiH, ili doma\u0107e ili strano pravno lice registrovano u BiH.<\/p>\n<p style=\"text-align: justify;\">Pozivno pismo u svrhu spajanja porodice ili posjete mo\u017ee izdati i stranac koji boravi po osnovu odobrenog privremenog boravka u BiH du\u017ee od jedne godine\u00a0a stranac sa odobrenim privremenim boravkom do jedne godine mo\u017ee izdati pozivno pismo isklju\u010divo u svrhu posjete.<\/p>\n<p style=\"text-align: justify;\">Za ovjeru pozivnog pisma pla\u0107a se administrativna taksa u iznosu od 10,00 KM.<\/p>\n<p style=\"text-align: justify;\">Dokumentacija koja se prila\u017ee uz zahtjev za ovjeru pozivnog pisma dostavlja se u originalnom primjerku ili propisno ovjerenoj kopiji, a dokumenti koji su na stranom jeziku dostavljaju se sa prevodom na jednom od jezika u slu\u017ebenoj upotrebi u BiH.<\/p>\n<\/div><\/div><\/div>\n<div class=\"accordion-group\"><div class=\"accordion-heading\"><a class=\"accordion-toggle \" data-toggle=\"collapse\" data-parent=\"#id-1819148527\" href=\"#1672189983\">VIZE<\/a><\/div><div class=\"accordion-body collapse \" id=\"1672189983\"><div class=\"accordion-inner\">\n<p style=\"text-align: justify;\">Viza je odobrenje za tranzit kroz me\u0111unarodni tranzitni prostor aerodroma ili teritorij BiH ili odobrenje za namjeravani boravak na teritoriji BiH u roku odre\u0111enom u vizi. Vizu izdaje diplomatsko-konzularno predstavni\u0161tvo BiH. Stranac je du\u017ean pribaviti vizu prije dolaska na grani\u010dni prelaz BiH.<\/p>\n<p style=\"text-align: justify;\">Viza se mo\u017ee izdati samo onom strancu koji posjeduje va\u017ee\u0107i paso\u0161 \u010diji rok va\u017eenja prelazi vrijeme va\u017eenja vize za najmanje tri mjeseca. Zahtjev za izdavanje vize podnosi se na obrascu, koji se mora ta\u010dno i potpuno popuniti. Zahtjev za izdavanje vize - Obrazac br. 1 mo\u017eete preuzeti <a href=\"https:\/\/sps.gov.ba\/elektronski-obrasci\/\">ovdje<\/a>.<\/p>\n<p style=\"text-align: justify;\">Aerodromska tranzitna viza (Viza A) omogu\u0107ava prolazak kroz me\u0111unarodno tranzitno podru\u010dje aerodroma bez stvarnog ulaska u zemlju, tokom zaustavljanja ili nastavljanja me\u0111unarodnog leta, mo\u017ee se izdati strancu za jedan, dva ili vi\u0161e prolazaka kroz me\u0111unarodno podru\u010dje aerodroma u periodu tranzita, izdaje se sa rokom va\u017eenja do tri mjeseca.<\/p>\n<p style=\"text-align: justify;\">Viza za kratkoro\u010dni boravak (Viza C) omogu\u0107ava strancu tranzit, jedan ili vi\u0161e ulazaka ili boravaka u zemlji. Nijedan neprekidan boravak ni ukupno trajanje vi\u0161e uzastopnih boravaka u BiH ne mogu biti du\u017ei od 90 dana u periodu od \u0161est mjeseci, ra\u010dunaju\u0107i od dana prvog ulaska. Viza C izdaje se za jedan ili vi\u0161e ulazaka u BiH, a izdaje se s rokom va\u017eenja najvi\u0161e do jedne godine. Izuzetno se mo\u017ee izdati i s rokom va\u017eenja du\u017eim od jedne godine ako je to u interesu BiH, o \u010demu odlu\u010duje Ministarstvo vanjskih poslova po pribavljenoj saglasnosti Slu\u017ebe za poslove sa strancima. Viza za kratkoro\u010dni boravak izdaje se za poslovna putovanja, putovanja u svrhu obrazovanja, obuke ili u sli\u010dnu svrhu, za turisti\u010dka ili druga putovanja u privatne svrhe, za putovanja na politi\u010dke, nau\u010dne, kulturne, sportske, vjerske ili druge doga\u0111aje, kao i za putovanja iz ostalih razloga za koja je dovoljan kratkoro\u010dni boravak.<\/p>\n<p style=\"text-align: justify;\">Viza za kratkoro\u010dni boravak (Viza C) mo\u017ee se produ\u017eiti zbog vi\u0161e sile, humanitarnih, ozbiljnih profesionalnih ili li\u010dnih razloga, a u skladu s pravilima koja va\u017ee za izdavanje vize. Zahtjev za produ\u017eenje Vize C podnosi se na obrascu koji se mora ta\u010dno i potpuno popuniti.<\/p>\n<p style=\"text-align: justify;\">Viza za dugoro\u010dni boravak (Viza D) omogu\u0107ava strancu ulazak i boravak u BiH u periodu od \u0161est mjeseci u toku jedne godine, po\u010dev\u0161i od dana prvog ulaska. Viza za dugoro\u010dni boravak izdaje se za jedan ili vi\u0161e ulazaka u BiH, a izdaje se izuzetno u situacijama kada je za svrhu boravka u BiH potreban period du\u017ei od 90 dana u periodu od \u0161est mjeseci. Izdaje se s rokom va\u017eenja najvi\u0161e do jedne godine. Izuzetno, viza za dugoro\u010dni boravak mo\u017ee se izdati i s rokom va\u017eenja du\u017eim od jedne godine ako je to u interesu BiH, o \u010demu odlu\u010duje Ministarstvo vanjskih poslova po pribavljenoj saglasnosti Slu\u017ebe za poslove sa strancima.<\/p>\n<p style=\"text-align: justify;\">Detaljnije informacije o vizi D sadr\u017eane su u Pravilniku o izdavanju viza za dugoro\u010dni boravak (viza D) i postupanju kod izdavanja takvih viza koji mo\u017eete pogledati <a href=\"https:\/\/sps.gov.ba\/pravilnici\/\">ovdje<\/a>.<\/p>\n<p style=\"text-align: justify;\">Detaljnije informacije o izdavanju viza, potrebnoj dokumentaciji kao i diplomatsko-konzularnim predstavni\u0161tvima Bosne i Hercegovine u kojima mo\u017eete podnijeti zahtjev za izdavanje vize, mo\u017eete na\u0107i na internet stranici Ministarstva vanjskih poslova BiH www.mfa.gov.ba<\/p>\n<\/div><\/div><\/div>\n<div class=\"accordion-group\"><div class=\"accordion-heading\"><a class=\"accordion-toggle \" data-toggle=\"collapse\" data-parent=\"#id-1819148527\" href=\"#1481949872\">IZDAVANJE VIZE NA GRANICI<\/a><\/div><div class=\"accordion-body collapse \" id=\"1481949872\"><div class=\"accordion-inner\">\n<p style=\"text-align: justify;\">U izuzetnim slu\u010dajevima, strancu se mo\u017ee izdati viza na granici i to aerodromska tranzitna viza (Viza A) za prolazak u trajanju od jedan dan ili viza za kratkoro\u010dni boravak (Viza C) za jedan ulazak do 15 dana.<\/p>\n<p style=\"text-align: justify;\">Za izdavanje vize na granici pla\u0107a se administrativna taksa u iznosu od 100,00 KM.<\/p>\n<p style=\"text-align: justify;\">Me\u0111unarodni grani\u010dni prijelazi na kojima se mogu izdati vize na granici su: aerodromi Sarajevo, Banja Luka, Tuzla i Mostar, te kopneni grani\u010dni prijelazi: Iza\u010di\u0107, Bosanska Gradi\u0161ka, Bosanski Brod, Ora\u0161je, Pavlovi\u0107a Most, Karakaj, Hum, Klobuk, Gorica i Doljani. Radno vrijeme ovih grani\u010dnih prijelaza je od 0-24 sata.<\/p>\n<p style=\"text-align: justify;\">Vi\u0161e informacija mo\u017eete na\u0107i na internet stranici Grani\u010dne policije BiH <a href=\"http:\/\/www.granpol.gov.ba\" target=\"_blank\">www.granpol.gov.ba<\/a>)<\/p>\n<\/div><\/div><\/div>\n<div class=\"accordion-group\"><div class=\"accordion-heading\"><a class=\"accordion-toggle \" data-toggle=\"collapse\" data-parent=\"#id-1819148527\" href=\"#1168384861\">RAZLOZI ODBIJANJA ULASKA U BIH<\/a><\/div><div class=\"accordion-body collapse \" id=\"1168384861\"><div class=\"accordion-inner\">\n<p style=\"text-align: justify;\">Strancu mo\u017ee biti odbijen ulazak u BiH i kada ispunjava uslove za ulazak predvi\u0111ene \u010dlanom 19. iz razloga iz \u010dlana 25. Zakona o\u00a0strancima.<\/p>\n<\/div><\/div><\/div>\n<\/div>\n<\/div>\n<\/div>\n<\/div>\n<p>&nbsp;<\/p>\n","protected":false},"excerpt":{"rendered":"<p>&nbsp;<\/p>\n","protected":false},"author":2,"featured_media":0,"parent":0,"menu_order":0,"comment_status":"closed","ping_status":"closed","template":"","meta":{"iawp_total_views":1071,"footnotes":""},"class_list":["post-2284","page","type-page","status-publish","hentry"],"_links":{"self":[{"href":"https:\/\/sps.gov.ba\/index.php?rest_route=\/wp\/v2\/pages\/2284","targetHints":{"allow":["GET"]}}],"collection":[{"href":"https:\/\/sps.gov.ba\/index.php?rest_route=\/wp\/v2\/pages"}],"about":[{"href":"https:\/\/sps.gov.ba\/index.php?rest_route=\/wp\/v2\/types\/page"}],"author":[{"embeddable":true,"href":"https:\/\/sps.gov.ba\/index.php?rest_route=\/wp\/v2\/users\/2"}],"replies":[{"embeddable":true,"href":"https:\/\/sps.gov.ba\/index.php?rest_route=%2Fwp%2Fv2%2Fcomments&post=2284"}],"version-history":[{"count":11,"href":"https:\/\/sps.gov.ba\/index.php?rest_route=\/wp\/v2\/pages\/2284\/revisions"}],"predecessor-version":[{"id":4051,"href":"https:\/\/sps.gov.ba\/index.php?rest_route=\/wp\/v2\/pages\/2284\/revisions\/4051"}],"wp:attachment":[{"href":"https:\/\/sps.gov.ba\/index.php?rest_route=%2Fwp%2Fv2%2Fmedia&parent=2284"}],"curies":[{"name":"wp","href":"https:\/\/api.w.org\/{rel}","templated":true}]}}