{"id":2290,"date":"2016-08-17T09:12:37","date_gmt":"2016-08-17T09:12:37","guid":{"rendered":"http:\/\/sps.gov.ba\/?page_id=2290"},"modified":"2016-11-14T09:43:06","modified_gmt":"2016-11-14T09:43:06","slug":"potrebni-dokumenti","status":"publish","type":"page","link":"https:\/\/sps.gov.ba?page_id=2290","title":{"rendered":"Potrebni dokumenti"},"content":{"rendered":"<p><strong>IZDAVANJE PUTNOG LISTA<\/strong><\/p>\n<ol>\n<li><a href=\"\/dokumenti\/dokumentacija\/PL-1.pdf\">Putni list za stranca<\/a><\/li>\n<li><a href=\"\/dokumenti\/dokumentacija\/PL-2.pdf\">Putni list za apartida<\/a><\/li>\n<\/ol>\n<hr \/>\n<p><strong>OVJERA POZIVNOG PISMA<\/strong><\/p>\n<ol>\n<li>Za izdavanje \u201eC\u201c vize\n<ul>\n<li><a href=\"\/dokumenti\/dokumentacija\/PP-1.1.pdf\">pozivalac fizi\u010dko lice<\/a><\/li>\n<li><a href=\"\/dokumenti\/dokumentacija\/PP-1.2.pdf\">pozivalac pravno lice<\/a><\/li>\n<\/ul>\n<\/li>\n<li>Za izdavanje \u201eD\u201c vize\n<ul>\n<li><a href=\"\/dokumenti\/dokumentacija\/PP-2.1.pdf\">pozivalac fizi\u010dko lice<\/a><\/li>\n<li><a href=\"\/dokumenti\/dokumentacija\/PP-2.2.pdf\">pozivalac pravno lice<\/a><\/li>\n<\/ul>\n<\/li>\n<\/ol>\n<hr \/>\n<p><strong>PRODU\u017dENJE VIZE<\/strong><\/p>\n<ol>\n<li><a href=\"\/dokumenti\/dokumentacija\/PV-1.pdf\">Produ\u017eenje \u201eC\u201c vize<\/a><\/li>\n<\/ol>\n<hr \/>\n<p><strong>PRIVREMENI BORAVAK<\/strong><\/p>\n<ol>\n<li>Spajanje porodice\n<ul>\n<li><a href=\"\/dokumenti\/dokumentacija\/PB-1.1.pdf\">brak sa BH dr\u017eavljaninom<\/a><\/li>\n<li><a href=\"\/dokumenti\/dokumentacija\/PB-1.2.pdf\">vanbra\u010dna zajednica sa BH dr\u017eavljaninom<\/a><\/li>\n<li><a href=\"\/dokumenti\/dokumentacija\/PB-1.3.pdf\">bra\u010dni drug sa partnerom koji ima boravak<\/a><\/li>\n<li><a href=\"\/dokumenti\/dokumentacija\/PB-1.4.pdf\">novoro\u0111enog djeteta sa roditeljima<\/a><\/li>\n<li><a href=\"\/dokumenti\/dokumentacija\/PB-1.5.pdf\">djeteta \u010diji je roditelj BH dr\u017eavljanin<\/a><\/li>\n<li><a href=\"\/dokumenti\/dokumentacija\/PB-1.6.pdf\">djeteta \u010diji je roditelj stranac<\/a><\/li>\n<li><a href=\"\/dokumenti\/dokumentacija\/PB-1.7.pdf\">roditelja sa djetetom BH dr\u017eavljaninom<\/a><\/li>\n<\/ul>\n<\/li>\n<li>Obrazovanje\n<ul>\n<li><a href=\"\/dokumenti\/dokumentacija\/PB-2.1.pdf\">osnovno obrazovanje<\/a><\/li>\n<li><a href=\"\/dokumenti\/dokumentacija\/PB-2.2.pdf\">srednjo\u0161kolsko obrazovanje<\/a><\/li>\n<li><a href=\"\/dokumenti\/dokumentacija\/PB-2.3.pdf\">visoko\u0161kolsko obrazovanje<\/a><\/li>\n<li><a href=\"\/dokumenti\/dokumentacija\/PB-2.4.pdf\">nepla\u0107eno pripravni\u0161tvo<\/a><\/li>\n<li><a href=\"\/dokumenti\/dokumentacija\/PB-2.5.pdf\">volonterski rad<\/a><\/li>\n<\/ul>\n<\/li>\n<li>Humanitarni razlozi\n<ul>\n<li><a href=\"\/dokumenti\/dokumentacija\/PB-3.1.pdf\">lije\u010denje, rehabilitacija<\/a><\/li>\n<li><a href=\"\/dokumenti\/dokumentacija\/PB-3.2.pdf\">boravak u stara\u010dkom domu<\/a><\/li>\n<li><a href=\"\/dokumenti\/dokumentacija\/PB-3.3.pdf\">\u017ertva trgovine ljudima<\/a><\/li>\n<li><a href=\"\/dokumenti\/dokumentacija\/PB-3.4.pdf\">maloljetnom djetetu stranca<\/a><\/li>\n<li><a href=\"\/dokumenti\/dokumentacija\/PB-3.5.pdf\">licu bez dr\u017eavljanstva<\/a><\/li>\n<li><a href=\"\/dokumenti\/dokumentacija\/PB-3.6.pdf\">na prijedlog Ministarstva<\/a><\/li>\n<\/ul>\n<\/li>\n<li>Rad s radnom dozvolom\n<ul>\n<li><a href=\"\/dokumenti\/dokumentacija\/PB-4.1.pdf\">radna dozvola<\/a><\/li>\n<li><a href=\"\/dokumenti\/dokumentacija\/PB-4.2.pdf\">sezonski radnici<\/a><\/li>\n<\/ul>\n<\/li>\n<li>Rad bez radne dozvole\n<ul>\n<li><a href=\"\/dokumenti\/dokumentacija\/PB-5.1.pdf\">visokokvalifikovano zapo\u0161ljavanje<\/a><\/li>\n<li><a href=\"\/dokumenti\/dokumentacija\/PB-5.2.pdf\">premje\u0161tanja unutar pravnog lica<\/a><\/li>\n<li><a href=\"\/dokumenti\/dokumentacija\/PB-5.3.pdf\">nau\u010dno istra\u017eivanje<\/a><\/li>\n<li><a href=\"\/dokumenti\/dokumentacija\/PB-5.4.pdf\">osniva\u010di preduze\u0107a<\/a><\/li>\n<li><a href=\"\/dokumenti\/dokumentacija\/PB-5.5.pdf\">realizacija me\u0111unarodnog sporazuma<\/a><\/li>\n<li><a href=\"\/dokumenti\/dokumentacija\/PB-5.6.pdf\">realizacija projekata zna\u010dajnih za BiH<\/a><\/li>\n<li><a href=\"\/dokumenti\/dokumentacija\/PB-5.7.pdf\">\u010dlanovi me\u0111unarodnih misija<\/a><\/li>\n<li><a href=\"\/dokumenti\/dokumentacija\/PB-5.8.pdf\">boravak slu\u017ebenika vlada stranih dr\u017eava<\/a><\/li>\n<li><a href=\"\/dokumenti\/dokumentacija\/PB-5.9.pdf\">slu\u017ebenika koji rade za vladu BiH<\/a><\/li>\n<li><a href=\"\/dokumenti\/dokumentacija\/PB-5.10.pdf\">dopisnici ili izvje\u0161ta\u010di stranih medija<\/a><\/li>\n<li><a href=\"\/dokumenti\/dokumentacija\/PB-5.11.pdf\">nastavnici ili predava\u010di u okviru kulturne saradnje<\/a><\/li>\n<li><a href=\"\/dokumenti\/dokumentacija\/PB-5.12.pdf\">boravak slu\u017ebenika vjerskih organizacija<\/a><\/li>\n<\/ul>\n<\/li>\n<li><a href=\"\/dokumenti\/dokumentacija\/PB-6.pdf\">Drugi opravdani razlozi<\/a><\/li>\n<li><a href=\"\/dokumenti\/dokumentacija\/PB-7.pdf\">Vlasni\u0161tvo nad nepokretnom imovinom<\/a><\/li>\n<\/ol>\n<hr \/>\n<p><strong>STALNI BORAVAK<\/strong><\/p>\n<ol>\n<li><a href=\"\/dokumenti\/dokumentacija\/SB-1.pdf\">Odobrenje stalnog boravka<\/a><\/li>\n<\/ol>\n","protected":false},"excerpt":{"rendered":"<p>IZDAVANJE PUTNOG LISTA Putni list za stranca Putni list za apartida OVJERA POZIVNOG PISMA Za izdavanje \u201eC\u201c vize pozivalac fizi\u010dko lice pozivalac pravno lice Za izdavanje \u201eD\u201c vize pozivalac fizi\u010dko lice pozivalac pravno lice PRODU\u017dENJE VIZE Produ\u017eenje \u201eC\u201c vize PRIVREMENI BORAVAK Spajanje porodice brak sa BH dr\u017eavljaninom vanbra\u010dna zajednica sa BH dr\u017eavljaninom bra\u010dni drug sa partnerom koji ima boravak novoro\u0111enog&nbsp;<a href=\"https:\/\/sps.gov.ba?page_id=2290\" class=\"read-more\">Continue Reading<\/a><\/p>\n","protected":false},"author":2,"featured_media":0,"parent":0,"menu_order":0,"comment_status":"closed","ping_status":"closed","template":"","meta":{"iawp_total_views":7383,"footnotes":""},"class_list":["post-2290","page","type-page","status-publish","hentry"],"_links":{"self":[{"href":"https:\/\/sps.gov.ba\/index.php?rest_route=\/wp\/v2\/pages\/2290","targetHints":{"allow":["GET"]}}],"collection":[{"href":"https:\/\/sps.gov.ba\/index.php?rest_route=\/wp\/v2\/pages"}],"about":[{"href":"https:\/\/sps.gov.ba\/index.php?rest_route=\/wp\/v2\/types\/page"}],"author":[{"embeddable":true,"href":"https:\/\/sps.gov.ba\/index.php?rest_route=\/wp\/v2\/users\/2"}],"replies":[{"embeddable":true,"href":"https:\/\/sps.gov.ba\/index.php?rest_route=%2Fwp%2Fv2%2Fcomments&post=2290"}],"version-history":[{"count":17,"href":"https:\/\/sps.gov.ba\/index.php?rest_route=\/wp\/v2\/pages\/2290\/revisions"}],"predecessor-version":[{"id":4296,"href":"https:\/\/sps.gov.ba\/index.php?rest_route=\/wp\/v2\/pages\/2290\/revisions\/4296"}],"wp:attachment":[{"href":"https:\/\/sps.gov.ba\/index.php?rest_route=%2Fwp%2Fv2%2Fmedia&parent=2290"}],"curies":[{"name":"wp","href":"https:\/\/api.w.org\/{rel}","templated":true}]}}