{"id":2292,"date":"2016-08-17T09:13:05","date_gmt":"2016-08-17T09:13:05","guid":{"rendered":"http:\/\/sps.gov.ba\/?page_id=2292"},"modified":"2025-02-20T11:38:14","modified_gmt":"2025-02-20T11:38:14","slug":"administrativne-takse","status":"publish","type":"page","link":"https:\/\/sps.gov.ba?page_id=2292","title":{"rendered":"Administrativne takse"},"content":{"rendered":"<h4 style=\"text-align: center;\"><strong><span style=\"color: #000080;\">INSTRUKCIJE ZA POPUNJAVANJE UPLATNICE PRI UPLATI ADMINISTRATIVNIH TAKSI<\/span><\/strong><\/h4>\n<hr \/>\n<p><span style=\"color: #808080;\"><strong><span style=\"color: #333399;\">UPLATIO JE:<\/span>\u00a0<\/strong><\/span><em>\u010ditko upisati<\/em>\u00a0V<em>a\u0161e<\/em> <strong>ime, prezime, adresu i kontak telefon\u00a0<\/strong><em>odnosno podatke osobe ili pravnog licana koju se uplata odnosi ukoliko se li\u010dno ne upla\u0107uje<\/em><\/p>\n<hr \/>\n<p><span style=\"color: #808080;\"><strong><span style=\"color: #333399;\">SVRHA UPLATE:<\/span><span style=\"color: #808080;\">\u00a0<\/span><\/strong>\u00a0<\/span><em>napisati razlog uplate, npr:<\/em><\/p>\n<p><strong>odobrenje stalnog boravka<\/strong><\/p>\n<p><strong>odobrenje\/produ\u017eenje privremenog boravka<\/strong><\/p>\n<p><strong>izdavanje uvjerenja<\/strong><\/p>\n<p><strong>ovjera pozivnog pisma<\/strong><\/p>\n<hr \/>\n<p><strong><span style=\"color: #333399;\">PRIMALAC:\u00a0\u00a0<\/span><\/strong>\u00a0<strong>JRT Trezor BiH<\/strong><\/p>\n<hr \/>\n<p><strong><span style=\"color: #333399;\">RA\u010cUN PRIMAOCA:\u00a0<\/span><\/strong>\u00a0\u00a0<em>upisati jedan od sljede\u0107ih depozitnih ra\u010duna:<\/em><\/p>\n<p><strong>3380002210018390 \u00a0 \u00a0\u00a0\u00a0 <\/strong><em>(Unikredit banka DD Mostar)<\/em><\/p>\n<p><em><strong>5517902220404858\u00a0 \u00a0 \u00a0\u00a0 <\/strong>(Unikredit banka AD Banja Luka)<\/em><\/p>\n<p><strong>5556000060067744 \u00a0 \u00a0\u00a0<\/strong> <em>(Nova banka AD Banja Luka)<\/em><\/p>\n<p><strong>1341021020000276<\/strong><em> \u00a0\u00a0\u00a0\u00a0\u00a0 (ASA banka Na\u0161a i sna\u017ena DD Sarajevo)<\/em><\/p>\n<hr \/>\n<p><strong><span style=\"color: #333399;\">IZNOS:<\/span> <\/strong> <em>upisati iznos takse iz tabele ispod - <strong>Prilog 1<\/strong><\/em><em>\u00a0<\/em><\/p>\n<hr \/>\n<p><strong><span style=\"color: #333399;\">BROJ PORES. OBAVEZNIKA<\/span><\/strong>: \u00a0popuniti na jedan od sljede\u0107ih na\u010dina, upisati<\/p>\n<p><strong>jedinstveni mati\u010dni broj<\/strong> <em>ukoliko se radi o licu koje ima JMB<\/em><\/p>\n<p><strong>1111111111111 <\/strong><em>ukoliko se radi o fizi\u010dkom licu koji nema JMB<\/em><\/p>\n<p><strong>identifikacioni broj <\/strong><em>ukoliko se radi o pravnom licu<\/em><\/p>\n<hr \/>\n<p><strong><span style=\"color: #333399;\">VRSTA UPLATE:\u00a0\u00a0<\/span><\/strong>\u00a0<strong>0<\/strong><\/p>\n<hr \/>\n<p><strong><span style=\"color: #333399;\">VRSTA PRIHODA:\u00a0 <\/span><\/strong><span style=\"color: #333399;\"><em><span style=\"color: #000000;\">treba da sadr\u017ei \u0161estocifreni broj iz tabele ispod - <strong>Prilog 1<\/strong><\/span><\/em><\/span><\/p>\n<hr \/>\n<p><strong><span style=\"color: #000080;\">OP\u0160TINA: \u00a0<\/span><\/strong> <em>upisati trocifrenu \u0161ifru op\u0161tine prebivali\u0161ta\/sjedi\u0161ta uplatioca iz tabele ispod - <strong>Prilog 2<\/strong><\/em><\/p>\n<hr \/>\n<p><strong><span style=\"color: #333399;\">POREZNI PERIOD:<\/span><\/strong>\u00a0 \u00a0<em>treba da odgovara datumu uplate u formatu DDMMGGGG<\/em><\/p>\n<hr \/>\n<p><strong><span style=\"color: #333399;\">BUD\u017dETSKA ORGANIZACIJA<\/span>: <\/strong><em>upisati<\/em><\/p>\n<p><strong>0<\/strong><strong>701<\/strong><strong>999<\/strong><strong> - <\/strong><em>ukoliko se upla\u0107uje taksa za izdavanje putnog lista<\/em><\/p>\n<p><strong>2704999<\/strong>\u00a0 <em>- ukoliko se upla\u0107uje bilo koja druga uplata ili administrativna taksa<\/em><\/p>\n<hr \/>\n<p><strong><span style=\"color: #333399;\">POZIV NA BROJ:<\/span>\u00a0\u00a00000000000<\/strong><\/p>\n<hr \/>\n<p><strong><span style=\"color: #000080;\">Prilog 1 -\u00a0<a href=\"\/dokumenti\/takse\/Prilog 1.pdf\">IZNOSI ADMINISTRATIVNIH TAKSI I VRSTE PRIHODA<\/a><\/span><\/strong><\/p>\n<p><strong><span style=\"color: #000080;\">Prilog 2 - <a href=\"\/dokumenti\/takse\/Prilog 2.pdf\">\u0160IFRE OP\u0160TINA U BOSNI I HERCEGOVINI<\/a><\/span><\/strong><\/p>\n<hr \/>\n<p style=\"text-align: justify;\">\n","protected":false},"excerpt":{"rendered":"<p>INSTRUKCIJE ZA POPUNJAVANJE UPLATNICE PRI UPLATI ADMINISTRATIVNIH TAKSI UPLATIO JE:\u00a0\u010ditko upisati\u00a0Va\u0161e ime, prezime, adresu i kontak telefon\u00a0odnosno podatke osobe ili pravnog licana koju se uplata odnosi ukoliko se li\u010dno ne upla\u0107uje SVRHA UPLATE:\u00a0\u00a0napisati razlog uplate, npr: odobrenje stalnog boravka odobrenje\/produ\u017eenje privremenog boravka izdavanje uvjerenja ovjera pozivnog pisma PRIMALAC:\u00a0\u00a0\u00a0JRT Trezor BiH RA\u010cUN PRIMAOCA:\u00a0\u00a0\u00a0upisati jedan od sljede\u0107ih depozitnih ra\u010duna: 3380002210018390 \u00a0 \u00a0\u00a0\u00a0&nbsp;<a href=\"https:\/\/sps.gov.ba?page_id=2292\" class=\"read-more\">Continue Reading<\/a><\/p>\n","protected":false},"author":2,"featured_media":0,"parent":0,"menu_order":0,"comment_status":"closed","ping_status":"closed","template":"","meta":{"iawp_total_views":4991,"footnotes":""},"class_list":["post-2292","page","type-page","status-publish","hentry"],"_links":{"self":[{"href":"https:\/\/sps.gov.ba\/index.php?rest_route=\/wp\/v2\/pages\/2292","targetHints":{"allow":["GET"]}}],"collection":[{"href":"https:\/\/sps.gov.ba\/index.php?rest_route=\/wp\/v2\/pages"}],"about":[{"href":"https:\/\/sps.gov.ba\/index.php?rest_route=\/wp\/v2\/types\/page"}],"author":[{"embeddable":true,"href":"https:\/\/sps.gov.ba\/index.php?rest_route=\/wp\/v2\/users\/2"}],"replies":[{"embeddable":true,"href":"https:\/\/sps.gov.ba\/index.php?rest_route=%2Fwp%2Fv2%2Fcomments&post=2292"}],"version-history":[{"count":41,"href":"https:\/\/sps.gov.ba\/index.php?rest_route=\/wp\/v2\/pages\/2292\/revisions"}],"predecessor-version":[{"id":8892,"href":"https:\/\/sps.gov.ba\/index.php?rest_route=\/wp\/v2\/pages\/2292\/revisions\/8892"}],"wp:attachment":[{"href":"https:\/\/sps.gov.ba\/index.php?rest_route=%2Fwp%2Fv2%2Fmedia&parent=2292"}],"curies":[{"name":"wp","href":"https:\/\/api.w.org\/{rel}","templated":true}]}}