{"id":2309,"date":"2016-08-17T09:21:13","date_gmt":"2016-08-17T09:21:13","guid":{"rendered":"http:\/\/sps.gov.ba\/?page_id=2309"},"modified":"2026-02-24T10:47:15","modified_gmt":"2026-02-24T10:47:15","slug":"uputstva","status":"publish","type":"page","link":"https:\/\/sps.gov.ba?page_id=2309","title":{"rendered":"Uputstva"},"content":{"rendered":"<p style=\"text-align: justify;\"><a href=\"\/bdokumenti\/Korupcija_obrazac.doc\" target=\"_blank\"><i class=\"fa fa-download\"><\/i> Uputstvo za popunjavanje Obrasca za podno\u0161enje pritu\u017ebe<\/a><\/p>\n<p style=\"text-align: justify;\">\n\n<p style=\"text-align: justify;\"><a href=\"\/dokumenti\/PodzakonskiUputstva\/Kodeks.pdf\">Kodeks dr\u017eavnih slu\u017ebenika u institucijama BiH<\/a><\/p>\n<p style=\"text-align: justify;\">\u00a0<\/p>\n\n\n<p><\/p>\n","protected":false},"excerpt":{"rendered":"<p>Uputstvo za popunjavanje Obrasca za podno\u0161enje pritu\u017ebe Kodeks dr\u017eavnih slu\u017ebenika u institucijama BiH \u00a0<\/p>\n","protected":false},"author":2,"featured_media":0,"parent":0,"menu_order":0,"comment_status":"closed","ping_status":"closed","template":"","meta":{"iawp_total_views":88,"footnotes":""},"class_list":["post-2309","page","type-page","status-publish","hentry"],"_links":{"self":[{"href":"https:\/\/sps.gov.ba\/index.php?rest_route=\/wp\/v2\/pages\/2309","targetHints":{"allow":["GET"]}}],"collection":[{"href":"https:\/\/sps.gov.ba\/index.php?rest_route=\/wp\/v2\/pages"}],"about":[{"href":"https:\/\/sps.gov.ba\/index.php?rest_route=\/wp\/v2\/types\/page"}],"author":[{"embeddable":true,"href":"https:\/\/sps.gov.ba\/index.php?rest_route=\/wp\/v2\/users\/2"}],"replies":[{"embeddable":true,"href":"https:\/\/sps.gov.ba\/index.php?rest_route=%2Fwp%2Fv2%2Fcomments&post=2309"}],"version-history":[{"count":6,"href":"https:\/\/sps.gov.ba\/index.php?rest_route=\/wp\/v2\/pages\/2309\/revisions"}],"predecessor-version":[{"id":9746,"href":"https:\/\/sps.gov.ba\/index.php?rest_route=\/wp\/v2\/pages\/2309\/revisions\/9746"}],"wp:attachment":[{"href":"https:\/\/sps.gov.ba\/index.php?rest_route=%2Fwp%2Fv2%2Fmedia&parent=2309"}],"curies":[{"name":"wp","href":"https:\/\/api.w.org\/{rel}","templated":true}]}}