{"id":2315,"date":"2016-08-17T09:23:11","date_gmt":"2016-08-17T09:23:11","guid":{"rendered":"http:\/\/sps.gov.ba\/?page_id=2315"},"modified":"2025-01-15T11:05:39","modified_gmt":"2025-01-15T11:05:39","slug":"izvjestaji-o-radu","status":"publish","type":"page","link":"https:\/\/sps.gov.ba?page_id=2315","title":{"rendered":"Izvje\u0161taji o radu"},"content":{"rendered":"<p>Na linkovima ispod mo\u017eete preuzeti godi\u0161nje izvje\u0161taje o radu Slu\u017ebe za poslove sa strancima.<\/p>\n<hr \/>\n<p style=\"text-align: center;\"><a href=\"\/dokumenti\/izvjestaji\/izvjestaj2023.pdf\" target=\"_blank\" rel=\"noopener noreferrer\">\u00a0Izvje\u0161taj o radu Slu\u017ebe za <strong>2023<\/strong>. godinu<\/a><\/p>\n<hr \/>\n<p style=\"text-align: center;\"><a href=\"\/dokumenti\/izvjestaji\/izvjestaj2022.pdf\" target=\"_blank\" rel=\"noopener noreferrer\">\u00a0Izvje\u0161taj o radu Slu\u017ebe za <strong>2022<\/strong>. godinu<\/a><\/p>\n<hr \/>\n<p style=\"text-align: center;\"><a href=\"\/dokumenti\/izvjestaji\/SPS - izvjestaj za 2021.pdf\" target=\"_blank\" rel=\"noopener noreferrer\"><i class=\"fa fa-file-pdf-o\"><\/i>\u00a0Izvje\u0161taj o radu Slu\u017ebe za <strong>2021<\/strong>. godinu<\/a><\/p>\n<hr \/>\n<p style=\"text-align: center;\"><a href=\"\/dokumenti\/izvjestaji\/SPS - izvjestaj za 2020.pdf\" target=\"_blank\" rel=\"noopener noreferrer\"><i class=\"fa fa-file-pdf-o\"><\/i>\u00a0Izvje\u0161taj o radu Slu\u017ebe za <strong>2020<\/strong>. godinu<\/a><\/p>\n<hr \/>\n<p style=\"text-align: center;\"><a href=\"\/dokumenti\/izvjestaji\/SPS - izvjestaj za 2019.pdf\" target=\"_blank\" rel=\"noopener noreferrer\"><i class=\"fa fa-file-pdf-o\"><\/i>\u00a0Izvje\u0161taj o radu Slu\u017ebe za <strong>2019<\/strong>. godinu<\/a><\/p>\n<hr \/>\n<p style=\"text-align: center;\"><a href=\"\/dokumenti\/izvjestaji\/SPS - izvjestaj za 2018.pdf\" target=\"_blank\" rel=\"noopener noreferrer\"><i class=\"fa fa-file-pdf-o\"><\/i> Izvje\u0161taj o radu Slu\u017ebe za <strong>2018<\/strong>. godinu<\/a><\/p>\n<hr \/>\n<p style=\"text-align: center;\"><a href=\"\/dokumenti\/izvjestaji\/SPS - izvjestaj za 2017.pdf\" target=\"_blank\" rel=\"noopener noreferrer\"><i class=\"fa fa-file-pdf-o\"><\/i> Izvje\u0161taj o radu Slu\u017ebe za <strong>2017<\/strong>. godinu<\/a><\/p>\n<hr \/>\n<p style=\"text-align: center;\"><a href=\"\/dokumenti\/izvjestaji\/SPS - izvjestaj za 2016.pdf\" target=\"_blank\" rel=\"noopener noreferrer\"><i class=\"fa fa-file-pdf-o\"><\/i> Izvje\u0161taj o radu Slu\u017ebe za <strong>2016<\/strong>. godinu<\/a><\/p>\n<hr \/>\n<p style=\"text-align: center;\"><a href=\"\/dokumenti\/izvjestaji\/SPS - izvjestaj za 2015.pdf\" target=\"_blank\" rel=\"noopener noreferrer\"><i class=\"fa fa-file-pdf-o\"><\/i> Izvje\u0161taj o radu Slu\u017ebe za <strong>2015<\/strong>. godinu<\/a><\/p>\n<hr \/>\n<p style=\"text-align: center;\"><a href=\"\/dokumenti\/izvjestaji\/SPS - izvjestaj za 2014.pdf\" target=\"_blank\" rel=\"noopener noreferrer\"><i class=\"fa fa-file-pdf-o\"><\/i> Izvje\u0161taj o radu Slu\u017ebe za <strong>2014<\/strong>. godinu<\/a><\/p>\n<hr \/>\n<p style=\"text-align: center;\"><a href=\"\/dokumenti\/izvjestaji\/SPS - izvjestaj za 2013.pdf\" target=\"_blank\" rel=\"noopener noreferrer\"><i class=\"fa fa-file-pdf-o\"><\/i> Izvje\u0161taj o radu Slu\u017ebe za <strong>2013<\/strong>. godinu<\/a><\/p>\n<hr \/>\n<p style=\"text-align: center;\"><a href=\"\/dokumenti\/izvjestaji\/SPS - izvjestaj za 2012.pdf\" target=\"_blank\" rel=\"noopener noreferrer\"><i class=\"fa fa-file-pdf-o\"><\/i> Izvje\u0161taj o radu Slu\u017ebe za <strong>2012<\/strong>. godinu<\/a><\/p>\n<hr \/>\n<p style=\"text-align: center;\"><a href=\"\/dokumenti\/izvjestaji\/SPS - izvjestaj za 2011.pdf\" target=\"_blank\" rel=\"noopener noreferrer\"><i class=\"fa fa-file-pdf-o\"><\/i> Izvje\u0161taj o radu Slu\u017ebe za <strong>2011<\/strong>. godinu<\/a><\/p>\n<hr \/>\n<p style=\"text-align: center;\"><a href=\"\/dokumenti\/izvjestaji\/SPS - izvjestaj za 2010.pdf\" target=\"_blank\" rel=\"noopener noreferrer\"><i class=\"fa fa-file-pdf-o\"><\/i> Izvje\u0161taj o radu Slu\u017ebe za <strong>2010<\/strong>. godinu<\/a><\/p>\n<hr \/>\n<p style=\"text-align: center;\"><a href=\"\/dokumenti\/izvjestaji\/SPS - izvjestaj za 2009.pdf\" target=\"_blank\" rel=\"noopener noreferrer\"><i class=\"fa fa-file-pdf-o\"><\/i> Izvje\u0161taj o radu Slu\u017ebe za <strong>2009<\/strong>. godinu<\/a><\/p>\n<hr \/>\n<p style=\"text-align: center;\"><a href=\"\/dokumenti\/izvjestaji\/SPS - izvjestaj za 2008.pdf\" target=\"_blank\" rel=\"noopener noreferrer\"><i class=\"fa fa-file-pdf-o\"><\/i> Izvje\u0161taj o radu Slu\u017ebe za <strong>2008<\/strong>. godinu<\/a><\/p>\n<hr \/>\n<p style=\"text-align: center;\"><a href=\"\/dokumenti\/izvjestaji\/SPS - izvjestaj za 2007.pdf\" target=\"_blank\" rel=\"noopener noreferrer\"><i class=\"fa fa-file-pdf-o\"><\/i> Izvje\u0161taj o radu Slu\u017ebe za <strong>2007<\/strong>. godinu<\/a><\/p>\n<hr \/>\n","protected":false},"excerpt":{"rendered":"<p>Na linkovima ispod mo\u017eete preuzeti godi\u0161nje izvje\u0161taje o radu Slu\u017ebe za poslove sa strancima. \u00a0Izvje\u0161taj o radu Slu\u017ebe za 2023. godinu \u00a0Izvje\u0161taj o radu Slu\u017ebe za 2022. godinu \u00a0Izvje\u0161taj o radu Slu\u017ebe za 2021. godinu \u00a0Izvje\u0161taj o radu Slu\u017ebe za 2020. godinu \u00a0Izvje\u0161taj o radu Slu\u017ebe za 2019. godinu Izvje\u0161taj o radu Slu\u017ebe za 2018. godinu Izvje\u0161taj o radu Slu\u017ebe&nbsp;<a href=\"https:\/\/sps.gov.ba?page_id=2315\" class=\"read-more\">Continue Reading<\/a><\/p>\n","protected":false},"author":2,"featured_media":0,"parent":0,"menu_order":0,"comment_status":"closed","ping_status":"closed","template":"","meta":{"iawp_total_views":51,"footnotes":""},"class_list":["post-2315","page","type-page","status-publish","hentry"],"_links":{"self":[{"href":"https:\/\/sps.gov.ba\/index.php?rest_route=\/wp\/v2\/pages\/2315","targetHints":{"allow":["GET"]}}],"collection":[{"href":"https:\/\/sps.gov.ba\/index.php?rest_route=\/wp\/v2\/pages"}],"about":[{"href":"https:\/\/sps.gov.ba\/index.php?rest_route=\/wp\/v2\/types\/page"}],"author":[{"embeddable":true,"href":"https:\/\/sps.gov.ba\/index.php?rest_route=\/wp\/v2\/users\/2"}],"replies":[{"embeddable":true,"href":"https:\/\/sps.gov.ba\/index.php?rest_route=%2Fwp%2Fv2%2Fcomments&post=2315"}],"version-history":[{"count":21,"href":"https:\/\/sps.gov.ba\/index.php?rest_route=\/wp\/v2\/pages\/2315\/revisions"}],"predecessor-version":[{"id":8888,"href":"https:\/\/sps.gov.ba\/index.php?rest_route=\/wp\/v2\/pages\/2315\/revisions\/8888"}],"wp:attachment":[{"href":"https:\/\/sps.gov.ba\/index.php?rest_route=%2Fwp%2Fv2%2Fmedia&parent=2315"}],"curies":[{"name":"wp","href":"https:\/\/api.w.org\/{rel}","templated":true}]}}