{"id":2601,"date":"2016-08-18T19:28:33","date_gmt":"2016-08-18T19:28:33","guid":{"rendered":"http:\/\/sps.gov.ba\/?page_id=2601"},"modified":"2025-06-02T10:07:59","modified_gmt":"2025-06-02T10:07:59","slug":"budzet-sps","status":"publish","type":"page","link":"https:\/\/sps.gov.ba?page_id=2601","title":{"rendered":"Bud\u017eet Slu\u017ebe"},"content":{"rendered":"\n<p class=\"has-text-align-center\"><strong>2024<\/strong><\/p>\n\n\n\n<hr class=\"wp-block-separator has-alpha-channel-opacity\"\/>\n\n\n\n<p><a href=\"https:\/\/sps.gov.ba\/dokumenti\/budzet\/2024\/SPSTEKSTOBRAZLOZENJE2024.pdf\" target=\"_blank\" rel=\"noreferrer noopener\">Izvje\u0161taja o izvr\u0161enju bud\u017eeta za 2024. godinu<\/a><\/p>\n\n\n\n<p><a href=\"https:\/\/sps.gov.ba\/dokumenti\/budzet\/2024\/SPSIzvrsenje2024.xls\" target=\"_blank\" rel=\"noreferrer noopener\">Izvje\u0161taja o izvr\u0161enju bud\u017eeta za 2024. godinu - SPS Izvr\u0161enje<\/a><\/p>\n\n\n\n<p class=\"has-text-align-center\"><strong>2023.<\/strong><\/p>\n\n\n\n<hr class=\"wp-block-separator has-alpha-channel-opacity\"\/>\n\n\n\n<p><a href=\"https:\/\/sps.gov.ba\/dokumenti\/budzet\/2023\/Zavrsniizvjestaj2023.pdf\" target=\"_blank\" rel=\"noopener noreferrer\"> Izvje\u0161taj o izvr\u0161enju Bud\u017eeta za 2023. godinu<\/a><\/p>\n\n\n\n<p class=\"has-text-align-center\"><strong>2022.<\/strong><\/p>\n\n\n\n<hr class=\"wp-block-separator has-alpha-channel-opacity\"\/>\n\n\n\n<p><a href=\"https:\/\/sps.gov.ba\/dokumenti\/budzet\/2022\/izvjestaj2022.pdf\" target=\"_blank\" rel=\"noopener noreferrer\"><i class=\"fa fa-download\"><\/i> Izvje\u0161taj o izvr\u0161enju Bud\u017eeta za 2022. godinu<\/a><\/p>\n\n\n\n<p class=\"has-text-align-center\"><strong>2018.<\/strong><\/p>\n\n\n\n<hr class=\"wp-block-separator has-alpha-channel-opacity\"\/>\n\n\n\n<p><a href=\"https:\/\/sps.gov.ba\/dokumenti\/budzet\/2018\/izvjestaj_2018.pdf\" target=\"_blank\" rel=\"noopener noreferrer\"><i class=\"fa fa-download\"><\/i> Izvje\u0161taj o izvr\u0161enju Bud\u017eeta za 2018. godinu<\/a><\/p>\n\n\n\n<p><a href=\"https:\/\/sps.gov.ba\/dokumenti\/budzet\/2018\/T1.pdf\" target=\"_blank\" rel=\"noopener noreferrer\"><i class=\"fa fa-file-pdf-o\"><\/i> Tabela 1<\/a> <a href=\"https:\/\/sps.gov.ba\/dokumenti\/budzet\/2018\/T2.pdf\" target=\"_blank\" rel=\"noopener noreferrer\"><i class=\"fa fa-file-pdf-o\"><\/i> Tabela 2<\/a> <a href=\"https:\/\/sps.gov.ba\/dokumenti\/budzet\/2018\/T3.pdf\" target=\"_blank\" rel=\"noopener noreferrer\"><i class=\"fa fa-file-pdf-o\"><\/i> Tabela 3<\/a> <a href=\"https:\/\/sps.gov.ba\/dokumenti\/budzet\/2018\/T4.pdf\" target=\"_blank\" rel=\"noopener noreferrer\"><i class=\"fa fa-file-pdf-o\"><\/i> Tabela 4<\/a><\/p>\n\n\n\n<p><a href=\"https:\/\/sps.gov.ba\/dokumenti\/budzet\/2018\/T5.pdf\" target=\"_blank\" rel=\"noopener noreferrer\"><i class=\"fa fa-file-pdf-o\"><\/i> Tabela 5 <\/a> <a href=\"https:\/\/sps.gov.ba\/dokumenti\/budzet\/2018\/T6.pdf\" target=\"_blank\" rel=\"noopener noreferrer\"><i class=\"fa fa-file-pdf-o\"><\/i> Tabela 6 <\/a> <a href=\"https:\/\/sps.gov.ba\/dokumenti\/budzet\/2018\/T7.pdf\" target=\"_blank\" rel=\"noopener noreferrer\"><i class=\"fa fa-file-pdf-o\"><\/i> Tabela 7 <\/a> <a href=\"https:\/\/sps.gov.ba\/dokumenti\/budzet\/2018\/T8.pdf\" target=\"_blank\" rel=\"noopener noreferrer\"><i class=\"fa fa-file-pdf-o\"><\/i> Tabela 8 <\/a><\/p>\n\n\n\n<hr class=\"wp-block-separator has-alpha-channel-opacity\"\/>\n\n\n\n<p class=\"has-text-align-center\"><strong>2017.<\/strong><\/p>\n\n\n\n<hr class=\"wp-block-separator has-alpha-channel-opacity\"\/>\n\n\n\n<p><a href=\"https:\/\/sps.gov.ba\/dokumenti\/budzet\/2017\/Izvjestaj_2017.pdf\" target=\"_blank\" rel=\"noopener noreferrer\"><i class=\"fa fa-download\"><\/i> Izvjestaj o izvrsenju Bud\u017eeta za 2017. godinu<\/a><\/p>\n\n\n\n<p><a href=\"https:\/\/sps.gov.ba\/dokumenti\/budzet\/2017\/T1.pdf\" target=\"_blank\" rel=\"noopener noreferrer\"><i class=\"fa fa-download\"><\/i> Izvjestaj o izvrsenju Bud\u017eeta za 2017. godinu - tabele 1<\/a><\/p>\n\n\n\n<p><a href=\"https:\/\/sps.gov.ba\/dokumenti\/budzet\/2017\/T2.pdf\" target=\"_blank\" rel=\"noopener noreferrer\"><i class=\"fa fa-download\"><\/i> Izvjestaj o izvrsenju Bud\u017eeta za 2017. godinu - tabele 2<\/a><\/p>\n\n\n\n<p><a href=\"https:\/\/sps.gov.ba\/dokumenti\/budzet\/2017\/T3.pdf\" target=\"_blank\" rel=\"noopener noreferrer\"><i class=\"fa fa-download\"><\/i> Izvjestaj o izvrsenju Bud\u017eeta za 2017. godinu - tabele 3<\/a><\/p>\n\n\n\n<hr class=\"wp-block-separator has-alpha-channel-opacity\"\/>\n\n\n\n<p class=\"has-text-align-center\"><strong>2016.<\/strong><\/p>\n\n\n\n<hr class=\"wp-block-separator has-alpha-channel-opacity\"\/>\n\n\n\n<p><a href=\"https:\/\/sps.gov.ba\/dokumenti\/budzet\/2016\/Izvjestaj_2016.pdf\" target=\"_blank\" rel=\"noopener noreferrer\"><i class=\"fa fa-download\"><\/i> Izvjestaj o izvrsenju Budzeta za 2016. godinu<\/a><\/p>\n\n\n\n<p><a href=\"https:\/\/sps.gov.ba\/dokumenti\/budzet\/2016\/T1.pdf\" target=\"_blank\" rel=\"noopener noreferrer\"><i class=\"fa fa-download\"><\/i> Izvjestaj o izvrsenju Budzeta za 2016. godinu - tabele 1<\/a><\/p>\n\n\n\n<p><a href=\"https:\/\/sps.gov.ba\/dokumenti\/budzet\/2016\/T2.pdf\" target=\"_blank\" rel=\"noopener noreferrer\"><i class=\"fa fa-download\"><\/i> Izvjestaj o izvrsenju Budzeta za 2016. godinu - tabele 2<\/a><\/p>\n\n\n\n<p><a href=\"https:\/\/sps.gov.ba\/dokumenti\/budzet\/2016\/T3.pdf\" target=\"_blank\" rel=\"noopener noreferrer\"><i class=\"fa fa-download\"><\/i> Izvjestaj o izvrsenju Budzeta za 2016. godinu - tabele 3<\/a><\/p>\n\n\n\n<hr class=\"wp-block-separator has-alpha-channel-opacity\"\/>\n\n\n\n<p class=\"has-text-align-center\"><strong>2015.<\/strong><\/p>\n\n\n\n<hr class=\"wp-block-separator has-alpha-channel-opacity\"\/>\n\n\n\n<p><a href=\"\/dokumenti\/budzet\/2015\/Izvjestaj_2015.pdf\" target=\"_blank\" rel=\"noopener noreferrer\"><i class=\"fa fa-download\"><\/i> Izvjestaj o izvrsenju Budzeta za 2015. godinu<\/a><\/p>\n\n\n\n<p><a href=\"\/dokumenti\/budzet\/2015\/T1.pdf\" target=\"_blank\" rel=\"noopener noreferrer\"><i class=\"fa fa-download\"><\/i> Izvjestaj o izvrsenju Budzeta za 2015. godinu - tabele 1<\/a><\/p>\n\n\n\n<p><a href=\"\/dokumenti\/budzet\/2015\/T2.pdf\" target=\"_blank\" rel=\"noopener noreferrer\"><i class=\"fa fa-download\"><\/i> Izvjestaj o izvrsenju Budzeta za 2015. godinu - tabele 2<\/a><\/p>\n\n\n\n<p><a href=\"\/dokumenti\/budzet\/2015\/T3.pdf\" target=\"_blank\" rel=\"noopener noreferrer\"><i class=\"fa fa-download\"><\/i> Izvjestaj o izvrsenju Budzeta za 2015. godinu - tabele 3<\/a><\/p>\n","protected":false},"excerpt":{"rendered":"<p>2024 Izvje\u0161taja o izvr\u0161enju bud\u017eeta za 2024. godinu Izvje\u0161taja o izvr\u0161enju bud\u017eeta za 2024. godinu - SPS Izvr\u0161enje 2023. Izvje\u0161taj o izvr\u0161enju Bud\u017eeta za 2023. godinu 2022. Izvje\u0161taj o izvr\u0161enju Bud\u017eeta za 2022. godinu 2018. Izvje\u0161taj o izvr\u0161enju Bud\u017eeta za 2018. godinu Tabela 1 Tabela 2 Tabela 3 Tabela 4 Tabela 5 Tabela 6 Tabela 7 Tabela 8 2017. Izvjestaj&nbsp;<a href=\"https:\/\/sps.gov.ba?page_id=2601\" class=\"read-more\">Continue Reading<\/a><\/p>\n","protected":false},"author":2,"featured_media":0,"parent":0,"menu_order":0,"comment_status":"closed","ping_status":"closed","template":"","meta":{"iawp_total_views":48,"footnotes":""},"class_list":["post-2601","page","type-page","status-publish","hentry"],"_links":{"self":[{"href":"https:\/\/sps.gov.ba\/index.php?rest_route=\/wp\/v2\/pages\/2601","targetHints":{"allow":["GET"]}}],"collection":[{"href":"https:\/\/sps.gov.ba\/index.php?rest_route=\/wp\/v2\/pages"}],"about":[{"href":"https:\/\/sps.gov.ba\/index.php?rest_route=\/wp\/v2\/types\/page"}],"author":[{"embeddable":true,"href":"https:\/\/sps.gov.ba\/index.php?rest_route=\/wp\/v2\/users\/2"}],"replies":[{"embeddable":true,"href":"https:\/\/sps.gov.ba\/index.php?rest_route=%2Fwp%2Fv2%2Fcomments&post=2601"}],"version-history":[{"count":30,"href":"https:\/\/sps.gov.ba\/index.php?rest_route=\/wp\/v2\/pages\/2601\/revisions"}],"predecessor-version":[{"id":9123,"href":"https:\/\/sps.gov.ba\/index.php?rest_route=\/wp\/v2\/pages\/2601\/revisions\/9123"}],"wp:attachment":[{"href":"https:\/\/sps.gov.ba\/index.php?rest_route=%2Fwp%2Fv2%2Fmedia&parent=2601"}],"curies":[{"name":"wp","href":"https:\/\/api.w.org\/{rel}","templated":true}]}}