{"id":3274,"date":"2016-09-06T16:40:55","date_gmt":"2016-09-06T16:40:55","guid":{"rendered":"http:\/\/sps.gov.ba\/?page_id=3274"},"modified":"2026-04-29T15:43:32","modified_gmt":"2026-04-29T15:43:32","slug":"tenderi","status":"publish","type":"page","link":"https:\/\/sps.gov.ba?page_id=3274","title":{"rendered":"Tenderi i pozivi"},"content":{"rendered":"\n<p class=\"has-text-align-center\"><strong>2026.<\/strong><\/p>\n\n\n\n<p>Javni poziv za prikupljanje ponuda za kupovinu poslovnog prostora u Mostaru za potrebe smje\u0161taja Terenskog centra Mostar Slu\u017ebe za poslove sa strancima mo\u017eete preuzeti <a href=\"\/dokumenti\/tenderi\/TCMostar.pdf\">ovdje<\/a>.<\/p>\n\n\n\n<hr class=\"wp-block-separator has-alpha-channel-opacity\"\/>\n\n\n\n<p class=\"has-text-align-center\"><strong>2025.<\/strong><\/p>\n\n\n\n<p>Javni poziv za prikupljanje ponuda za kupovinu poslovnog prostora u Zenici za potrebe smje\u0161taja Terenskog centra Zenica Slu\u017ebe za poslove sa strancima mo\u017eete preuzeti <a href=\"\/dokumenti\/tenderi\/TCZenica.pdf\">ovdje<\/a>.<\/p>\n\n\n\n<hr class=\"wp-block-separator has-alpha-channel-opacity\"\/>\n\n\n\n<p class=\"has-text-align-center\"><strong>2024.<\/strong><\/p>\n\n\n\n<p>Javni poziv za prikupljanje ponuda za kupovinu poslovnog prostora u Ljubu\u0161kom za potrebe smje\u0161taja Terenskog centra Ljubu\u0161ki Slu\u017ebe za poslove sa strancima mo\u017eete preuzeti <a href=\"\/dokumenti\/tenderi\/ljubuski.pdf\">ovdje<\/a>.<\/p>\n\n\n\n<p>Javni poziv za prikupljanje ponuda za kupovinu poslovnog prostora u Trebinju za potrebe smje\u0161taja Terenskog centra Trebinje Slu\u017ebe za poslove sa strancima mo\u017eete preuzeti <a href=\"\/dokumenti\/tenderi\/trebinje2024.pdf\">ovdje<\/a>.<\/p>\n\n\n\n<p>Javni poziv za prodaju vozila putem postupka licitacije sistemom zatvorenih ponuda mo\u017eete preuzeti <a href=\"\/dokumenti\/tenderi\/auta2024.pdf\">ovdje<\/a>.<\/p>\n\n\n\n<hr class=\"wp-block-separator has-alpha-channel-opacity\"\/>\n\n\n\n<p class=\"has-text-align-center\"><strong>2023.<\/strong><\/p>\n\n\n\n<p>Javni poziv za prodaju vozila putem postupka licitacije sistemom zatvorenih ponuda mo\u017eete preuzeti <a href=\"\/dokumenti\/tenderi\/prodaja_vozila2023.pdf\">ovdje<\/a>.<\/p>\n\n\n\n<hr class=\"wp-block-separator has-alpha-channel-opacity\"\/>\n\n\n\n<p>Dopunu javnog poziva za prodaju vozila putem postupka licitacije sistemom zatvorenih ponuda mo\u017eete preuzeti <a href=\"\/dokumenti\/tenderi\/dopuna_vozila.pdf\">ovdje<\/a>.<\/p>\n\n\n\n<hr class=\"wp-block-separator has-alpha-channel-opacity\"\/>\n\n\n\n<p class=\"has-text-align-center\"><strong>2022.<\/strong><\/p>\n\n\n\n<p>Poziv za dostavljanje ponuda za vr\u0161enje tehni\u010dkog pregleda i registracije motornih vozila mo\u017eete preuzeti <a href=\"\/dokumenti\/tenderi\/registracija2022.pdf\">ovdje<\/a>.<\/p>\n\n\n\n<hr class=\"wp-block-separator has-alpha-channel-opacity\"\/>\n\n\n\n<p>Poziv za dostavljanje ponuda za usluge pranja automobila mo\u017eete preuzeti na sljede\u0107em <a href=\"https:\/\/sps.gov.ba\/dokumenti\/tenderi\/pranje22b.pdf\">linku<\/a>.<\/p>\n\n\n\n<hr class=\"wp-block-separator has-alpha-channel-opacity\"\/>\n\n\n\n<p class=\"has-text-align-center\"><strong>2021.<\/strong><\/p>\n\n\n\n<p>Javni poziv za prodaju vozila putem postupka licitacije sistemom zatvorenih ponuda mo\u017eete preuzeti <a href=\"\/dokumenti\/tenderi\/Javnipozivauta.pdf\">ovdje<\/a>.<\/p>\n\n\n\n<hr class=\"wp-block-separator has-alpha-channel-opacity\"\/>\n\n\n\n<p>Poziv za dostavljanje ponuda za vr\u0161enje tehni\u010dkog pregleda i registracije motornih vozila mo\u017eete preuzeti <a href=\"\/dokumenti\/tenderi\/registracija2021.pdf\">ovdje<\/a>.<\/p>\n\n\n\n<hr class=\"wp-block-separator has-alpha-channel-opacity\"\/>\n\n\n\n<p>Poziv za dostavljanje ponuda za usluge pranja automobila mo\u017eete preuzeti na sljede\u0107em <a href=\"https:\/\/sps.gov.ba\/dokumenti\/tenderi\/Pranjevozilapolokacijama2021.pdf\">linku<\/a>.<\/p>\n\n\n\n<hr class=\"wp-block-separator has-alpha-channel-opacity\"\/>\n\n\n\n<p>Poziv za dostavljanje ponuda za usluge sekundane zdravstvene za\u0161tite za korisnike Imigracionog centra mo\u017eete preuzeti na sljede\u0107em <a href=\"https:\/\/sps.gov.ba\/dokumenti\/tenderi\/Zastita2021.pdf\">linku<\/a>.<\/p>\n\n\n\n<hr class=\"wp-block-separator has-alpha-channel-opacity\"\/>\n\n\n\n<p>Poziv za dostavljanje ponuda za labaratorijske usluge mo\u017eete preuzeti na sljede\u0107em <a href=\"https:\/\/sps.gov.ba\/dokumenti\/tenderi\/labusl.pdf\">linku<\/a>.<\/p>\n\n\n\n<hr class=\"wp-block-separator has-alpha-channel-opacity\"\/>\n\n\n\n<p>Poziv za dostavljanje ponuda za usluge hotelskog smje\u0161taja u BiH mo\u017eete preuzeti na sljede\u0107em <a href=\"https:\/\/sps.gov.ba\/dokumenti\/tenderi\/smjestaj2021.pdf\">linku<\/a>.<\/p>\n\n\n\n<hr class=\"wp-block-separator has-alpha-channel-opacity\"\/>\n\n\n\n<p>Poziv za dostavljanje ponuda za usluge primarne zdravstvene za\u0161tite mo\u017eete preuzeti na sljede\u0107em <a href=\"https:\/\/sps.gov.ba\/dokumenti\/tenderi\/zastita2020.pdf\">linku<\/a>.<\/p>\n\n\n\n<hr class=\"wp-block-separator has-alpha-channel-opacity\"\/>\n\n\n\n<p>Poziv za dostavljanje ponuda za usluge tehni\u010dkog pregleda automobila mo\u017eete preuzeti na sljede\u0107em <a href=\"https:\/\/sps.gov.ba\/dokumenti\/tenderi\/tehnicki.pdf\">linku<\/a>.<\/p>\n\n\n\n<hr class=\"wp-block-separator has-alpha-channel-opacity\"\/>\n\n\n\n<p>Poziv za dostavljanje ponuda za usluge pranja automobila mo\u017eete preuzeti na sljede\u0107em <a href=\"https:\/\/sps.gov.ba\/dokumenti\/tenderi\/pranje.pdf\">linku<\/a>.<\/p>\n\n\n\n<hr class=\"wp-block-separator has-alpha-channel-opacity\"\/>\n\n\n\n<p>Poziv za dostavljanje ponuda za usluge hotelskog smje\u0161taja u BiH mo\u017eete preuzeti na sljede\u0107em <a href=\"https:\/\/sps.gov.ba\/dokumenti\/tenderi\/Smjestaj.pdf\">linku<\/a>.<\/p>\n\n\n\n<hr class=\"wp-block-separator has-alpha-channel-opacity\"\/>\n\n\n\n<p>Poziv za dostavljanje ponuda za vr\u0161enje tehni\u010dkog pregleda i registracije motornih vozila mo\u017eete preuzeti <a href=\"\/dokumenti\/tenderi\/PozivRegistracija2019.pdf\">ovdje<\/a>.<\/p>\n\n\n\n<hr class=\"wp-block-separator has-alpha-channel-opacity\"\/>\n\n\n\n<p>Poziv za dostavljanje ponuda za usluge pranja vozila po lokacijama mo\u017eete preuzeti na sljede\u0107em <a href=\"https:\/\/sps.gov.ba\/dokumenti\/tenderi\/PozivPranjeVozila2019.pdf\">linku<\/a>.<\/p>\n\n\n\n<hr class=\"wp-block-separator has-alpha-channel-opacity\"\/>\n\n\n\n<p>Poziv za dostavljanje ponuda za usluge pranja vozila po lokacijama mo\u017eete preuzeti na sljede\u0107em <a href=\"https:\/\/sps.gov.ba\/dokumenti\/tenderi\/pranjeauta.pdf\">linku<\/a>.<\/p>\n\n\n\n<hr class=\"wp-block-separator has-alpha-channel-opacity\"\/>\n\n\n\n<p>Poziv za dostavljanje ponuda za usluge primarne zdravstvene za\u0161tite u 2019. za korisnike Imigracionog centra mo\u017eete preuzeti <a href=\"https:\/\/sps.gov.ba\/dokumenti\/tenderi\/zastita2019.pdf\">ovdje<\/a>.<\/p>\n\n\n\n<hr class=\"wp-block-separator has-alpha-channel-opacity\"\/>\n\n\n\n<p>Poziv za dostavljanje ponuda za usluge primarne zdravstvene za\u0161tite u 2018. za korisnike Imigracionog centra mo\u017eete preuzeti <a href=\"https:\/\/sps.gov.ba\/dokumenti\/tenderi\/poziv_ic.pdf\">ovdje<\/a>.<\/p>\n\n\n\n<hr class=\"wp-block-separator has-alpha-channel-opacity\"\/>\n\n\n\n<p>Poziv za dostavljanje ponuda i tendersku dokumentaciju za kupovinu vozila mo\u017eete preuzeti <a href=\"https:\/\/sps.gov.ba\/dokumenti\/tenderi\/TD.pdf\">ovdje<\/a>.<\/p>\n\n\n\n<hr class=\"wp-block-separator has-alpha-channel-opacity\"\/>\n\n\n\n<p>Poziv za dostavljanje ponuda za usluge primarne zdravstvene za\u0161tite u 2017. za korisnike Imigracionog centra mo\u017eete preuzeti <a href=\"https:\/\/sps.gov.ba\/dokumenti\/tenderi\/Usluge primarne zdravstvene zastite.pdf\">ovdje<\/a>.<\/p>\n\n\n\n<hr class=\"wp-block-separator has-alpha-channel-opacity\"\/>\n\n\n\n<p>Poziv za dostavljanje ponuda za za usluge sekunarne zdravstvene za\u0161tite u za korisnike Imigracionog centra&nbsp;mo\u017eete preuzeti <a href=\"https:\/\/sps.gov.ba\/dokumenti\/tenderi\/zzastita.pdf\">ovdje<\/a>.<\/p>\n\n\n\n<hr class=\"wp-block-separator has-alpha-channel-opacity\"\/>\n\n\n\n<p>Poziv za dostavljanje ponuda za vr\u0161enje tehni\u010dkog pregleda i registracije motornih vozila mo\u017eete preuzeti <a href=\"\/dokumenti\/tenderi\/registracija2017.pdf\">ovdje<\/a>.<\/p>\n","protected":false},"excerpt":{"rendered":"<p>2026. Javni poziv za prikupljanje ponuda za kupovinu poslovnog prostora u Mostaru za potrebe smje\u0161taja Terenskog centra Mostar Slu\u017ebe za poslove sa strancima mo\u017eete preuzeti ovdje. 2025. Javni poziv za prikupljanje ponuda za kupovinu poslovnog prostora u Zenici za potrebe smje\u0161taja Terenskog centra Zenica Slu\u017ebe za poslove sa strancima mo\u017eete preuzeti ovdje. 2024. Javni poziv za prikupljanje ponuda za kupovinu&nbsp;<a href=\"https:\/\/sps.gov.ba?page_id=3274\" class=\"read-more\">Continue Reading<\/a><\/p>\n","protected":false},"author":2,"featured_media":0,"parent":0,"menu_order":0,"comment_status":"closed","ping_status":"closed","template":"","meta":{"iawp_total_views":137,"footnotes":""},"class_list":["post-3274","page","type-page","status-publish","hentry"],"_links":{"self":[{"href":"https:\/\/sps.gov.ba\/index.php?rest_route=\/wp\/v2\/pages\/3274","targetHints":{"allow":["GET"]}}],"collection":[{"href":"https:\/\/sps.gov.ba\/index.php?rest_route=\/wp\/v2\/pages"}],"about":[{"href":"https:\/\/sps.gov.ba\/index.php?rest_route=\/wp\/v2\/types\/page"}],"author":[{"embeddable":true,"href":"https:\/\/sps.gov.ba\/index.php?rest_route=\/wp\/v2\/users\/2"}],"replies":[{"embeddable":true,"href":"https:\/\/sps.gov.ba\/index.php?rest_route=%2Fwp%2Fv2%2Fcomments&post=3274"}],"version-history":[{"count":51,"href":"https:\/\/sps.gov.ba\/index.php?rest_route=\/wp\/v2\/pages\/3274\/revisions"}],"predecessor-version":[{"id":9886,"href":"https:\/\/sps.gov.ba\/index.php?rest_route=\/wp\/v2\/pages\/3274\/revisions\/9886"}],"wp:attachment":[{"href":"https:\/\/sps.gov.ba\/index.php?rest_route=%2Fwp%2Fv2%2Fmedia&parent=3274"}],"curies":[{"name":"wp","href":"https:\/\/api.w.org\/{rel}","templated":true}]}}