{"id":3503,"date":"2016-09-09T07:49:35","date_gmt":"2016-09-09T07:49:35","guid":{"rendered":"http:\/\/sps.gov.ba\/?page_id=3503"},"modified":"2023-02-21T09:10:07","modified_gmt":"2023-02-21T09:10:07","slug":"prijava-korupcije","status":"publish","type":"page","link":"https:\/\/sps.gov.ba?page_id=3503","title":{"rendered":"Prijava korupcije"},"content":{"rendered":"<p><a href=\"\/dokumenti\/korupcija\/plan_borbe_22.pdf\"><i class=\"fa fa-download\"><\/i> Plan borbe protiv korupcije Slu\u017ebe za poslove sa strancima 2022<\/a><\/p>\n<hr>\n<p><a href=\"\/dokumenti\/korupcija\/Deklaracija.pdf\"><i class=\"fa fa-download\"><\/i> Deklaracija o nultoj stopi tolerancije na korupciju<\/a><\/p>\n<hr>\n<p><a href=\"\/dokumenti\/korupcija\/Kodeks_drzavnih_sluzbenika.pdf\" target=\"_blank\" rel=\"noopener\"><i class=\"fa fa-download\"><\/i> Eti\u010dki kodeks&nbsp;dr\u017eavnih slu\u017ebenika u institucijama Bosne i Hercegovine<\/a><\/p>\n<hr>\n<p><a href=\"\/dokumenti\/korupcija\/Korupcija_obrazac.doc\" target=\"_blank\" rel=\"noopener\"><i class=\"fa fa-download\"><\/i> Uputstvo i obrazac za podno\u0161enje pritu\u017ebi na rad&nbsp;zaposlenih u Slu\u017ebi<\/a><\/p>\n<hr>\n<p><a href=\"\/dokumenti\/korupcija\/Korupcija_pravilnik.pdf\" target=\"_blank\" rel=\"noopener\"><i class=\"fa fa-download\"><\/i> Pravilnik o internom prijavljivanju korupcije i za\u0161titi lica koje prijavi korupciju u Slu\u017ebi<\/a><\/p>\n<hr>\n<p><a href=\"\/dokumenti\/korupcija\/Korupcija_zakon.pdf\" target=\"_blank\" rel=\"noopener\"><i class=\"fa fa-download\"><\/i> Zakon o za\u0161titi lica koje prijave korupciju u institucijama Bosne i Hercegovine<\/a><\/p>\n","protected":false},"excerpt":{"rendered":"<p>Plan borbe protiv korupcije Slu\u017ebe za poslove sa strancima 2022 Deklaracija o nultoj stopi tolerancije na korupciju Eti\u010dki kodeks&nbsp;dr\u017eavnih slu\u017ebenika u institucijama Bosne i Hercegovine Uputstvo i obrazac za podno\u0161enje pritu\u017ebi na rad&nbsp;zaposlenih u Slu\u017ebi Pravilnik o internom prijavljivanju korupcije i za\u0161titi lica koje prijavi korupciju u Slu\u017ebi Zakon o za\u0161titi lica koje prijave korupciju u institucijama Bosne i Hercegovine<\/p>\n","protected":false},"author":2,"featured_media":0,"parent":0,"menu_order":0,"comment_status":"closed","ping_status":"closed","template":"","meta":{"iawp_total_views":41,"footnotes":""},"class_list":["post-3503","page","type-page","status-publish","hentry"],"_links":{"self":[{"href":"https:\/\/sps.gov.ba\/index.php?rest_route=\/wp\/v2\/pages\/3503","targetHints":{"allow":["GET"]}}],"collection":[{"href":"https:\/\/sps.gov.ba\/index.php?rest_route=\/wp\/v2\/pages"}],"about":[{"href":"https:\/\/sps.gov.ba\/index.php?rest_route=\/wp\/v2\/types\/page"}],"author":[{"embeddable":true,"href":"https:\/\/sps.gov.ba\/index.php?rest_route=\/wp\/v2\/users\/2"}],"replies":[{"embeddable":true,"href":"https:\/\/sps.gov.ba\/index.php?rest_route=%2Fwp%2Fv2%2Fcomments&post=3503"}],"version-history":[{"count":10,"href":"https:\/\/sps.gov.ba\/index.php?rest_route=\/wp\/v2\/pages\/3503\/revisions"}],"predecessor-version":[{"id":6205,"href":"https:\/\/sps.gov.ba\/index.php?rest_route=\/wp\/v2\/pages\/3503\/revisions\/6205"}],"wp:attachment":[{"href":"https:\/\/sps.gov.ba\/index.php?rest_route=%2Fwp%2Fv2%2Fmedia&parent=3503"}],"curies":[{"name":"wp","href":"https:\/\/api.w.org\/{rel}","templated":true}]}}