{"id":4219,"date":"2016-10-07T12:22:14","date_gmt":"2016-10-07T12:22:14","guid":{"rendered":"http:\/\/sps.gov.ba\/?page_id=4219"},"modified":"2018-03-25T18:48:08","modified_gmt":"2018-03-25T18:48:08","slug":"dokumenti-u-izradi","status":"publish","type":"page","link":"https:\/\/sps.gov.ba?page_id=4219","title":{"rendered":"Dokumenti u izradi"},"content":{"rendered":"<p style=\"text-align: center;\" align=\"justify\"><strong>Pregled realizovanja aktivnosti iz Programa rada za 2017. godinu<\/strong><\/p>\n<p>U skladu sa Odlukom o godi\u0161njem planiranju rada i na\u010dinu pra\u0107enja i izvje\u0161tavanja u institucijama Bosne i Hercegovine (\u201eSlu\u017ebeni glasnik BiH\u201c, br. 94\/14), kao i Uputstvu o na\u010dinu pripreme godi\u0161njeg programa rada i izvje\u0161taja o radu u institucijama Bosne i Hercegovine (\u201cSlu\u017ebeni glasnik BiH\u201d, br. 45\/15), Slu\u017eba za poslove sa strancima objavljuje Nacrt \u201eGodi\u0161njeg izvje\u0161taja o radu Slu\u017ebe za poslove sa strancima za 2017. godinu\u201c.<\/p>\n<p>Svi zainteresirani gra\u0111ani, pravne osobe i partnerske institucije mogu svojim prijedlozima i komentarima dati doprinos izradi \u0161to kvalitetnijeg Srednjoro\u010dnog plana.<\/p>\n<p>Proces javnih konsultacija otvoren je od 1.3. do 19.3. 2018. godine, a Va\u0161e prijedloge, komentare i sugestije mo\u017eete slati na e-mail <strong>planiranje@sps.gov.ba<\/strong>.<\/p>\n<p align=\"justify\">Nacrt izvje\u0161taja mo\u017eete preuzeti <a href=\"\/dokumenti\/planovi\/2017_nacrt_izvjestaj_web.pdf\">ovdje<\/a><\/p>\n<hr \/>\n<p style=\"text-align: center;\" align=\"justify\"><strong>Srednjoro\u010dni plan 2018-2020<\/strong><\/p>\n<p>U skladu sa Odlukom o srednjoro\u010dnom planiranju, pra\u0107enju i izvje\u0161tavanju u institucijama BiH, Slu\u017eba za poslove sa strancima objavljuje Nacrt Srednjoro\u010dnog plana Slu\u017ebe za poslove sa strancima 2018-2020.<\/p>\n<p>Svi zainteresirani gra\u0111ani, pravne osobe i partnerske institucije mogu svojim prijedlozima i komentarima dati doprinos izradi \u0161to kvalitetnijeg Srednjoro\u010dnog plana.<\/p>\n<p>Proces javnih konsultacija otvoren je od 2.6. do 1.9. 2017. godine, a Va\u0161e prijedloge, komentare i sugestije mo\u017eete slati na e-mail <strong>planiranje@sps.gov.ba<\/strong>.<\/p>\n<p align=\"justify\">Nacrt Srednjoro\u010dnog plana mo\u017eete preuzeti <a href=\"\/dokumenti\/planovi\/2018-2020_srednjorocni_plan_nacrt_web.pdf\">ovdje<\/a><\/p>\n<hr \/>\n<p style=\"text-align: center;\" align=\"justify\"><strong>Nacrt programa rada Slu\u017ebe<\/strong><\/p>\n<p>U skladu sa Odlukom o godi\u0161njem planiranju rada i na\u010dinu pra\u0107enja i izvje\u0161tavanja u institucijama Bosne i Hercegovine (\u201eSlu\u017ebeni glasnik BiH\u201c, br. 94\/14), kao i Uputstvu o na\u010dinu pripreme godi\u0161njeg programa rada i izvje\u0161taja o radu u institucijama Bosne i Hercegovine (\u201cSlu\u017ebeni glasnik BiH\u201d, br. 45\/15),, Slu\u017eba za poslove sa strancima objavljuje Nacrt \u201eGodi\u0161njeg programa rada Slu\u017ebe za poslove sa strancima za 2018. Godinu\u201c.<\/p>\n<p>Svi zainteresirani gra\u0111ani, pravne osobe i partnerske institucije mogu svojim prijedlozima i komentarima dati doprinos izradi \u0161to kvalitetnijeg Srednjoro\u010dnog plana.<\/p>\n<p>Proces javnih konsultacija otvoren je od 15.10. do 15.11.2017. godine, a Va\u0161e prijedloge, komentare i sugestije mo\u017eete slati na e-mail\u00a0<strong><a href=\"mailto:planiranje@sps.gov.ba\" target=\"_blank\" rel=\"noopener\">planiranje@sps.gov.ba<\/a><\/strong>.<\/p>\n<p>Nacrt Godisnjeg programa rada Slu\u017ebe za poslove sa strancima za 2018. godinu mo\u017eete preuzeti\u00a0 <a href=\"\/dokumenti\/planovi\/Nacrt_Programa_Rada_Sluzbe_Za_2018_01082017_web.pdf\">ovdje<\/a><\/p>\n<hr \/>\n<p align=\"justify\">\n","protected":false},"excerpt":{"rendered":"<p>Pregled realizovanja aktivnosti iz Programa rada za 2017. godinu U skladu sa Odlukom o godi\u0161njem planiranju rada i na\u010dinu pra\u0107enja i izvje\u0161tavanja u institucijama Bosne i Hercegovine (\u201eSlu\u017ebeni glasnik BiH\u201c, br. 94\/14), kao i Uputstvu o na\u010dinu pripreme godi\u0161njeg programa rada i izvje\u0161taja o radu u institucijama Bosne i Hercegovine (\u201cSlu\u017ebeni glasnik BiH\u201d, br. 45\/15), Slu\u017eba za poslove sa strancima&nbsp;<a href=\"https:\/\/sps.gov.ba?page_id=4219\" class=\"read-more\">Continue Reading<\/a><\/p>\n","protected":false},"author":2,"featured_media":0,"parent":0,"menu_order":0,"comment_status":"closed","ping_status":"closed","template":"","meta":{"iawp_total_views":85,"footnotes":""},"class_list":["post-4219","page","type-page","status-publish","hentry"],"_links":{"self":[{"href":"https:\/\/sps.gov.ba\/index.php?rest_route=\/wp\/v2\/pages\/4219","targetHints":{"allow":["GET"]}}],"collection":[{"href":"https:\/\/sps.gov.ba\/index.php?rest_route=\/wp\/v2\/pages"}],"about":[{"href":"https:\/\/sps.gov.ba\/index.php?rest_route=\/wp\/v2\/types\/page"}],"author":[{"embeddable":true,"href":"https:\/\/sps.gov.ba\/index.php?rest_route=\/wp\/v2\/users\/2"}],"replies":[{"embeddable":true,"href":"https:\/\/sps.gov.ba\/index.php?rest_route=%2Fwp%2Fv2%2Fcomments&post=4219"}],"version-history":[{"count":14,"href":"https:\/\/sps.gov.ba\/index.php?rest_route=\/wp\/v2\/pages\/4219\/revisions"}],"predecessor-version":[{"id":5064,"href":"https:\/\/sps.gov.ba\/index.php?rest_route=\/wp\/v2\/pages\/4219\/revisions\/5064"}],"wp:attachment":[{"href":"https:\/\/sps.gov.ba\/index.php?rest_route=%2Fwp%2Fv2%2Fmedia&parent=4219"}],"curies":[{"name":"wp","href":"https:\/\/api.w.org\/{rel}","templated":true}]}}