{"id":2494,"date":"2016-08-17T09:23:39","date_gmt":"2016-08-17T09:23:39","guid":{"rendered":"http:\/\/sps.gov.ba\/elektronski-obrasci\/?lang=en"},"modified":"2018-03-28T20:19:29","modified_gmt":"2018-03-28T20:19:29","slug":"elektronski-obrasci","status":"publish","type":"page","link":"https:\/\/sps.gov.ba?page_id=2317","title":{"rendered":"E-documents"},"content":{"rendered":"<p>Na sljede\u0107im linkovima mo\u017eete preuzeti potrebne elektronske obrasce:<\/p>\n<hr \/>\n<p style=\"padding-left: 30px;\">Obrazac zahtjeva za izdavanje vize - <a href=\"\/dokumenti\/obrasci\/zahtjev_izdavanje_vize.doc\" target=\"_blank\" rel=\"noopener\"><strong>DOC<\/strong><\/a><strong> -<\/strong> <a href=\"\/dokumenti\/obrasci\/zahtjev_izdavanje_vize.pdf\" target=\"_blank\" rel=\"noopener\"><strong>PDF<\/strong><\/a><\/p>\n<hr \/>\n<p style=\"padding-left: 30px;\">Obrazac zahtjeva za produ\u017eenje vize - <strong><a href=\"\/dokumenti\/obrasci\/zahtjev_produzenje_vize.xls\" target=\"_blank\" rel=\"noopener\">XLS <\/a>- <a href=\"\/dokumenti\/obrasci\/zahtjev_produzenje_vize.pdf\" target=\"_blank\" rel=\"noopener\">PDF<\/a><\/strong><\/p>\n<hr \/>\n<p style=\"padding-left: 30px;\">Obrazac zahtjeva za ovjeru pozivnog pisma - <a href=\"\/dokumenti\/obrasci\/zahtjev_pozivno_pojedinacno.doc\"><strong>DOC<\/strong> <\/a>- <a href=\"\/dokumenti\/obrasci\/zahtjev_pozivno_pojedinacno.pdf\"><strong>PDF<\/strong><\/a><\/p>\n<hr \/>\n<p style=\"padding-left: 30px;\">Obrazac zahtjeva za ovjeru grupnog pozivnog pisma -<strong><a href=\"\/dokumenti\/obrasci\/zahtjev_pozivno_grupno.doc\" target=\"_blank\" rel=\"noopener\"> DOC <\/a>- <a href=\"\/dokumenti\/obrasci\/zahtjev_pozivno_grupno.pdf\" target=\"_blank\" rel=\"noopener\">PDF<\/a><\/strong><\/p>\n<hr \/>\n<p style=\"padding-left: 30px;\">Obrazac pozivnog pisma za pravna lica -\u00a0<strong><a href=\"\/dokumenti\/obrasci\/pozivno_pravna.doc\" target=\"_blank\" rel=\"noopener\"> DOC <\/a>- <a href=\"\/dokumenti\/obrasci\/pozivno_pravna.pdf\" target=\"_blank\" rel=\"noopener\">PDF<\/a><\/strong><\/p>\n<hr \/>\n<p style=\"padding-left: 30px;\">Obrazac pozivnog pisma za fizi\u010dka lica -\u00a0<strong><a href=\"\/dokumenti\/obrasci\/pozivno_fizicka.doc\" target=\"_blank\" rel=\"noopener\"> DOC <\/a>- <a href=\"\/dokumenti\/obrasci\/pozivno_fizicka.pdf\" target=\"_blank\" rel=\"noopener\">PDF<\/a><\/strong><\/p>\n<hr \/>\n<p style=\"padding-left: 30px;\">Obrazac zahtjeva za privremeni boravak -<strong><a href=\"\/dokumenti\/obrasci\/zahtjev_privremeni.xls\" target=\"_blank\" rel=\"noopener\"> XLS <\/a>- <a href=\"\/dokumenti\/obrasci\/zahtjev_privremeni.pdf\" target=\"_blank\" rel=\"noopener\">PDF<\/a><\/strong><\/p>\n<hr \/>\n<p style=\"padding-left: 30px;\">Obrazac zahtjeva za stalni boravak -\u00a0<strong><a href=\"\/dokumenti\/obrasci\/zahtjev_stalni.xls\" target=\"_blank\" rel=\"noopener\"> XLS <\/a>- <a href=\"\/dokumenti\/obrasci\/zahtjev_stalni.pdf\" target=\"_blank\" rel=\"noopener\">PDF<\/a><\/strong><\/p>\n<hr \/>\n<p style=\"padding-left: 30px;\">Obrazac zahtjeva za izdavanje potvrde o prijavi rada -\u00a0<strong><a href=\"\/dokumenti\/obrasci\/zahtjev_za_izdavanje_potvrde_o_prijavi_rada.doc\" target=\"_blank\" rel=\"noopener\"> DOC <\/a>- <a href=\"\/dokumenti\/obrasci\/zahtjev_za_izdavanje_potvrde_o_prijavi_rada.pdf\" target=\"_blank\" rel=\"noopener\">PDF<\/a><\/strong><\/p>\n<hr \/>\n<p style=\"padding-left: 30px;\">Obrazac prijave boravi\u0161ta i potvrda o prijavi -\u00a0<strong><a href=\"\/dokumenti\/obrasci\/Prijava_boravista_1.doc\" target=\"_blank\" rel=\"noopener\"> OBRAZAC<\/a>- <a href=\"\/dokumenti\/obrasci\/Prijava_boravista_2.doc\" target=\"_blank\" rel=\"noopener\">POTVRDA<\/a><\/strong><\/p>\n<hr \/>\n<p style=\"padding-left: 30px;\">Prijave boravka - hoteli - <a href=\"\/dokumenti\/obrasci\/hoteli.xls\" target=\"_blank\" rel=\"noopener\"><strong>XLS<\/strong><\/a><\/p>\n<hr \/>\n<p style=\"color: red; padding-left: 30px; text-align: left;\"><strong>NAPOMENA: Obrasci moraju biti isprintani obostrano!<\/strong><\/p>\n","protected":false},"excerpt":{"rendered":"<p>Na sljede\u0107im linkovima mo\u017eete preuzeti potrebne elektronske obrasce: Obrazac zahtjeva za izdavanje vize - DOC - PDF Obrazac zahtjeva za produ\u017eenje vize - XLS - PDF Obrazac zahtjeva za ovjeru pozivnog pisma - DOC - PDF Obrazac zahtjeva za ovjeru grupnog pozivnog pisma - DOC - PDF Obrazac pozivnog pisma za pravna lica -\u00a0 DOC - PDF Obrazac pozivnog pisma&nbsp;<a href=\"https:\/\/sps.gov.ba?page_id=2317\" class=\"read-more\">Continue Reading<\/a><\/p>\n","protected":false},"author":2,"featured_media":0,"parent":0,"menu_order":0,"comment_status":"closed","ping_status":"closed","template":"","meta":{"iawp_total_views":457,"footnotes":""},"class_list":["post-2494","page","type-page","status-publish","hentry"],"_links":{"self":[{"href":"https:\/\/sps.gov.ba\/index.php?rest_route=\/wp\/v2\/pages\/2494","targetHints":{"allow":["GET"]}}],"collection":[{"href":"https:\/\/sps.gov.ba\/index.php?rest_route=\/wp\/v2\/pages"}],"about":[{"href":"https:\/\/sps.gov.ba\/index.php?rest_route=\/wp\/v2\/types\/page"}],"author":[{"embeddable":true,"href":"https:\/\/sps.gov.ba\/index.php?rest_route=\/wp\/v2\/users\/2"}],"replies":[{"embeddable":true,"href":"https:\/\/sps.gov.ba\/index.php?rest_route=%2Fwp%2Fv2%2Fcomments&post=2494"}],"version-history":[{"count":16,"href":"https:\/\/sps.gov.ba\/index.php?rest_route=\/wp\/v2\/pages\/2494\/revisions"}],"predecessor-version":[{"id":5068,"href":"https:\/\/sps.gov.ba\/index.php?rest_route=\/wp\/v2\/pages\/2494\/revisions\/5068"}],"wp:attachment":[{"href":"https:\/\/sps.gov.ba\/index.php?rest_route=%2Fwp%2Fv2%2Fmedia&parent=2494"}],"curies":[{"name":"wp","href":"https:\/\/api.w.org\/{rel}","templated":true}]}}