{"id":2504,"date":"2016-08-17T09:23:11","date_gmt":"2016-08-17T09:23:11","guid":{"rendered":"http:\/\/sps.gov.ba\/izvjestaji-u-oradu\/?lang=hr"},"modified":"2018-07-24T12:15:22","modified_gmt":"2018-07-24T12:15:22","slug":"izvjestaji-u-oradu","status":"publish","type":"page","link":"https:\/\/sps.gov.ba?page_id=2315","title":{"rendered":"Izvje\u0161taji o radu"},"content":{"rendered":"<p style=\"text-align: center;\"><a href=\"\/dokumenti\/izvjestaji\/SPS - izvjestaj za 2017.pdf\" target=\"_blank\" rel=\"noopener\"><i class=\"fa fa-file-pdf-o\"><\/i> Izvje\u0161taj o radu Slu\u017ebe za <strong>2017<\/strong>. godinu<\/a><\/p>\n<hr \/>\n<p style=\"text-align: center;\"><a href=\"\/dokumenti\/izvjestaji\/SPS - izvjestaj za 2016.pdf\" target=\"_blank\" rel=\"noopener\"><i class=\"fa fa-file-pdf-o\"><\/i> Izvje\u0161taj o radu Slu\u017ebe za <strong>2016<\/strong>. godinu<\/a><\/p>\n<hr \/>\n<p style=\"text-align: center;\"><a href=\"\/dokumenti\/izvjestaji\/SPS - izvjestaj za 2015.pdf\" target=\"_blank\" rel=\"noopener\"><i class=\"fa fa-file-pdf-o\"><\/i> Izvje\u0161taj o radu Slu\u017ebe za <strong>2015<\/strong>. godinu<\/a><\/p>\n<hr \/>\n<p style=\"text-align: center;\"><a href=\"\/dokumenti\/izvjestaji\/SPS - izvjestaj za 2014.pdf\" target=\"_blank\" rel=\"noopener\"><i class=\"fa fa-file-pdf-o\"><\/i> Izvje\u0161taj o radu Slu\u017ebe za <strong>2014<\/strong>. godinu<\/a><\/p>\n<hr \/>\n<p style=\"text-align: center;\"><a href=\"\/dokumenti\/izvjestaji\/SPS - izvjestaj za 2013.pdf\" target=\"_blank\" rel=\"noopener\"><i class=\"fa fa-file-pdf-o\"><\/i> Izvje\u0161taj o radu Slu\u017ebe za <strong>2013<\/strong>. godinu<\/a><\/p>\n<hr \/>\n<p style=\"text-align: center;\"><a href=\"\/dokumenti\/izvjestaji\/SPS - izvjestaj za 2012.pdf\" target=\"_blank\" rel=\"noopener\"><i class=\"fa fa-file-pdf-o\"><\/i> Izvje\u0161taj o radu Slu\u017ebe za <strong>2012<\/strong>. godinu<\/a><\/p>\n<hr \/>\n<p style=\"text-align: center;\"><a href=\"\/dokumenti\/izvjestaji\/SPS - izvjestaj za 2011.pdf\" target=\"_blank\" rel=\"noopener\"><i class=\"fa fa-file-pdf-o\"><\/i> Izvje\u0161taj o radu Slu\u017ebe za <strong>2011<\/strong>. godinu<\/a><\/p>\n<hr \/>\n<p style=\"text-align: center;\"><a href=\"\/dokumenti\/izvjestaji\/SPS - izvjestaj za 2010.pdf\" target=\"_blank\" rel=\"noopener\"><i class=\"fa fa-file-pdf-o\"><\/i> Izvje\u0161taj o radu Slu\u017ebe za <strong>2010<\/strong>. godinu<\/a><\/p>\n<hr \/>\n<p style=\"text-align: center;\"><a href=\"\/dokumenti\/izvjestaji\/SPS - izvjestaj za 2009.pdf\" target=\"_blank\" rel=\"noopener\"><i class=\"fa fa-file-pdf-o\"><\/i> Izvje\u0161taj o radu Slu\u017ebe za <strong>2009<\/strong>. godinu<\/a><\/p>\n<hr \/>\n<p style=\"text-align: center;\"><a href=\"\/dokumenti\/izvjestaji\/SPS - izvjestaj za 2008.pdf\" target=\"_blank\" rel=\"noopener\"><i class=\"fa fa-file-pdf-o\"><\/i> Izvje\u0161taj o radu Slu\u017ebe za <strong>2008<\/strong>. godinu<\/a><\/p>\n<hr \/>\n<p style=\"text-align: center;\"><a href=\"\/dokumenti\/izvjestaji\/SPS - izvjestaj za 2007.pdf\" target=\"_blank\" rel=\"noopener\"><i class=\"fa fa-file-pdf-o\"><\/i> Izvje\u0161taj o radu Slu\u017ebe za <strong>2007<\/strong>. godinu<\/a><\/p>\n<hr \/>\n<p>&nbsp;<\/p>\n","protected":false},"excerpt":{"rendered":"<p>Izvje\u0161taj o radu Slu\u017ebe za 2017. godinu Izvje\u0161taj o radu Slu\u017ebe za 2016. godinu Izvje\u0161taj o radu Slu\u017ebe za 2015. godinu Izvje\u0161taj o radu Slu\u017ebe za 2014. godinu Izvje\u0161taj o radu Slu\u017ebe za 2013. godinu Izvje\u0161taj o radu Slu\u017ebe za 2012. godinu Izvje\u0161taj o radu Slu\u017ebe za 2011. godinu Izvje\u0161taj o radu Slu\u017ebe za 2010. godinu Izvje\u0161taj o radu Slu\u017ebe&nbsp;<a href=\"https:\/\/sps.gov.ba?page_id=2315\" class=\"read-more\">Continue Reading<\/a><\/p>\n","protected":false},"author":2,"featured_media":0,"parent":0,"menu_order":0,"comment_status":"closed","ping_status":"closed","template":"","meta":{"iawp_total_views":35,"footnotes":""},"class_list":["post-2504","page","type-page","status-publish","hentry"],"_links":{"self":[{"href":"https:\/\/sps.gov.ba\/index.php?rest_route=\/wp\/v2\/pages\/2504","targetHints":{"allow":["GET"]}}],"collection":[{"href":"https:\/\/sps.gov.ba\/index.php?rest_route=\/wp\/v2\/pages"}],"about":[{"href":"https:\/\/sps.gov.ba\/index.php?rest_route=\/wp\/v2\/types\/page"}],"author":[{"embeddable":true,"href":"https:\/\/sps.gov.ba\/index.php?rest_route=\/wp\/v2\/users\/2"}],"replies":[{"embeddable":true,"href":"https:\/\/sps.gov.ba\/index.php?rest_route=%2Fwp%2Fv2%2Fcomments&post=2504"}],"version-history":[{"count":7,"href":"https:\/\/sps.gov.ba\/index.php?rest_route=\/wp\/v2\/pages\/2504\/revisions"}],"predecessor-version":[{"id":5205,"href":"https:\/\/sps.gov.ba\/index.php?rest_route=\/wp\/v2\/pages\/2504\/revisions\/5205"}],"wp:attachment":[{"href":"https:\/\/sps.gov.ba\/index.php?rest_route=%2Fwp%2Fv2%2Fmedia&parent=2504"}],"curies":[{"name":"wp","href":"https:\/\/api.w.org\/{rel}","templated":true}]}}