{"id":2518,"date":"2016-08-17T09:13:42","date_gmt":"2016-08-17T09:13:42","guid":{"rendered":"http:\/\/sps.gov.ba\/najcesca-pitanja\/?lang=en"},"modified":"2020-01-28T09:28:35","modified_gmt":"2020-01-28T09:28:35","slug":"najcesca-pitanja","status":"publish","type":"page","link":"https:\/\/sps.gov.ba?page_id=2294","title":{"rendered":"Naj\u010de\u0161\u0107a pitanja"},"content":{"rendered":"<p style=\"text-align: justify;\"><strong>P: Koliko stranac smije boraviti u BiH na osnovu bezviznog re\u017eima?<\/strong><\/p>\n<p style=\"text-align: justify;\">O: Bezvizni boravak je pravo na boravak u BiH stranaca koji dolaze iz dr\u017eava bezviznog re\u017eima ukupno u trajanju do 90 dana u bilo kojem periodu od 180 dana koji podrazumijeva uzimanje u obzir perioda od 180 dana koji prethodi svakom danu boravka, ako druga\u010dije nije odre\u0111eno me\u0111unarodnim ugovorom \u010dija je BiH ugovorna strana.<\/p>\n<hr>\n<p style=\"text-align: justify;\"><strong> P: Da li stranac koji \u017eeli boraviti u BiH na osnovu bezviznog re\u017eima du\u017ean prijaviti svoj boravak u BiH?<\/strong><\/p>\n<p style=\"text-align: justify;\">O: Stranac koji ne koristi usluge smje\u0161taja pravnih i fizi\u010dkih lica koji pru\u017eaju usluge smje\u0161taja ili fizi\u010dko lice kod kojeg je stranac u posjeti du\u017eni su nadle\u017enoj organizacionoj jedinici Slu\u017ebe ili policije prijaviti boravak stranca u BiH u roku od 48 sati od ulaska stranca u BiH ako \u0107e stranac u BiH boraviti du\u017ee od tri dana.<\/p>\n<hr>\n<p style=\"text-align: justify;\"><strong>P: Kakve su obaveze stranih dr\u017eavljana koji \u017eele\/namjeravaju raditi u BiH?<\/strong><\/p>\n<p style=\"text-align: justify;\">O: Ako stranac namjerava boraviti u BiH s ciljem pla\u0107enog rada, mora imati radnu dozvolu koju je izdao organ nadle\u017ean za poslove zapo\u0161ljavanja stranaca osim kad je ovim zakonom ili me\u0111unarodnim sporazumom odre\u0111eno da za pojedine vrste rada radna dozvola nije potrebna. Po dobivanju radne dozvole, stranac podnosi zahtjev za odobrenje privremenog boravka u BiH bez kojeg ne mo\u017ee raditi u BiH.<\/p>\n<hr>\n<p style=\"text-align: justify;\"><strong> P: Kakav je postupak dobivanja radne dozvole u BiH?<\/strong><\/p>\n<p style=\"text-align: justify;\">O:Postupak za dobijanje radne dozvole je sljede\u0107i:<\/p>\n<ul>\n<li style=\"text-align: justify;\">Stranac pronalazi posao ili biva pozvan da radi<\/li>\n<li style=\"text-align: justify;\">Poslodavac pribavlja stranom dr\u017eavljaninu radnu dozvolu u Zavodu za zapo\u0161ljavanje, a strani dr\u017eavljanin ulazi u Bosnu i Hercegovinu tek nakon pribavljene radne dozvole.<\/li>\n<li style=\"text-align: justify;\">Stranac u Slu\u017ebi za poslove sa strancima, po osnovu izdate radne dozvole podnosi zahtjev za odobrenje boravka u BiH. Van BiH zahtjev se Slu\u017ebi podnosi putem diplomatsko konzularnog predstavnistva Bosne i Hercegovine, a u BiH direktno nadle\u017enoj organizacionoj jedinici Slu\u017ebe. U pravilu, zahtjev za odobrenje prvog privremenog boravka stranac mora podnijeti izvan BiH putem DKP-a BiH, i to li\u010dno. Na teritoriji BiH stranac mo\u017ee podnijeti zahtjev za odobrenje prvog privremenog boravka samo ako je u BiH u\u0161ao s vizom za dugoro\u010dni boravak (Viza D) ili ako je dr\u017eavljanin zemlje bezviznog re\u017eima.<\/li>\n<\/ul>\n<hr>\n<p style=\"text-align: justify;\"><strong> P: Kad stranac mo\u017ee po\u010deti raditi?<\/strong><\/p>\n<p style=\"text-align: justify;\">O: Stranac ne mo\u017ee po\u010deti raditi u BiH na osnovu radne dozvole prije nego \u0161to mu je odobren privremeni boravak, ako ovim zakonom nije druga\u010dije propisano. Stranac mo\u017ee raditi u BiH samo na osnovu one radne dozvole na osnovu koje mu je odobren privremeni boravak. Na osnovu radne dozvole, stranac mo\u017ee raditi u BiH samo na onom radnom mjestu ili na onoj vrsti poslova za \u010dije je obavljanje radna dozvola izdata, te na osnovu koje je strancu odobren privremeni boravak u BiH.<\/p>\n<p style=\"text-align: justify;\">Privremeni boravak po osnovu radne dozvole odobrava se na period va\u017eenja radne dozvole uz dodatnih 30 dana, ali ne du\u017ee od jedne godine.<\/p>\n<p style=\"text-align: justify;\"><strong><br \/>\nP: Koliko va\u017ei odobrenje privremenog boravka u BiH?<\/strong><\/p>\n<p style=\"text-align: justify;\">O: Odobrenje privremenog boravka mo\u017ee se izdati najdu\u017ee na period do jedne godine pod uslovom da je u BiH u\u0161ao zakonito i da ispunjava op\u0107e uslove za odobrenje boravka.<\/p>\n<p style=\"text-align: justify;\"><strong>&nbsp;<\/strong><\/p>\n<p style=\"text-align: justify;\"><strong>P: Boravak u BiH bez dozvole boravka-posljedice? <\/strong><\/p>\n<p style=\"text-align: justify;\">O: Svaki strani dr\u017eavljanin bez reguliranog boravka u skladu sa zakonima BiH, smatra se ilegalnim migrantom kojem u kona\u010dnici prijeti i deportacija iz Bosne i Hercegovine sa izricanjem mjere zabrane ulaska u BiH u trajanju od minimalno jedne do pet godina. Nov\u010danom kaznom u iznosu od 300 KM do 1500 KM kaznit \u0107e se za prekr\u0161aj stranac ako u BiH boravi du\u017ee od vremena odre\u0111enog u vizi ili u dozvoli privremenog boravka, odnosno du\u017ee od vremena va\u017eenja bezviznog boravka.<\/p>\n<hr>\n<p style=\"text-align: justify;\"><strong>P: Koji su uvjeti za odobravanje stalnog boravka stranim dr\u017eavljanima?<\/strong><\/p>\n<p style=\"text-align: justify;\">O: Odobrenje stalnog boravka stranim dr\u017eavljanima se mo\u017ee dobriti strancu pod sljede\u0107im uvjetima:<\/p>\n<ul>\n<li style=\"text-align: justify;\">da na osnovu odobrenja privremenog boravka neprekidno boravi na teritoriji Bosne i Hercegovine najmanje pet godina prije podno\u0161enja zahtjeva za odobrenje stalnog boravka.  Smatra se da je stranac neprekidno boravio u BiH i ako je u periodu od pet godina izbivao iz Bosne i Hercegovine vi\u0161ekratno do 10 mjeseci ukupno ili jednokratno \u0161est mjeseci.<\/li>\n<li style=\"text-align: justify;\">U vrijeme podno\u0161enja zahtjeva i odlu\u010divanja o zahtjevu za odobrenje stalnog boravka stranac mora imati odobren privremeni boravak u BiH.<\/li>\n<\/ul>\n<hr>\n<p style=\"text-align: justify;\">Pored gore navedenih uvjeta, potrebno je da stranac ispunjava i ostale uvjete za odobrenje stalnog boravka propisane \u010dlanom 79. Zakona o strancima (\u201eSlu\u017ebeni glasnik BiH\u201c, broj 88\/15) i \u010dl. 73. Pravilnika o ulasku i boravku stranaca (\u201eSlu\u017ebeni glasnik BiH\u201c, broj 25\/16).<\/p>\n","protected":false},"excerpt":{"rendered":"<p>P: Koliko stranac smije boraviti u BiH na osnovu bezviznog re\u017eima? O: Bezvizni boravak je pravo na boravak u BiH stranaca koji dolaze iz dr\u017eava bezviznog re\u017eima ukupno u trajanju do 90 dana u bilo kojem periodu od 180 dana koji podrazumijeva uzimanje u obzir perioda od 180 dana koji prethodi svakom danu boravka, ako druga\u010dije nije odre\u0111eno me\u0111unarodnim ugovorom&nbsp;<a href=\"https:\/\/sps.gov.ba?page_id=2294\" class=\"read-more\">Continue Reading<\/a><\/p>\n","protected":false},"author":2,"featured_media":0,"parent":0,"menu_order":0,"comment_status":"closed","ping_status":"closed","template":"","meta":{"iawp_total_views":154,"footnotes":""},"class_list":["post-2518","page","type-page","status-publish","hentry"],"_links":{"self":[{"href":"https:\/\/sps.gov.ba\/index.php?rest_route=\/wp\/v2\/pages\/2518","targetHints":{"allow":["GET"]}}],"collection":[{"href":"https:\/\/sps.gov.ba\/index.php?rest_route=\/wp\/v2\/pages"}],"about":[{"href":"https:\/\/sps.gov.ba\/index.php?rest_route=\/wp\/v2\/types\/page"}],"author":[{"embeddable":true,"href":"https:\/\/sps.gov.ba\/index.php?rest_route=\/wp\/v2\/users\/2"}],"replies":[{"embeddable":true,"href":"https:\/\/sps.gov.ba\/index.php?rest_route=%2Fwp%2Fv2%2Fcomments&post=2518"}],"version-history":[{"count":9,"href":"https:\/\/sps.gov.ba\/index.php?rest_route=\/wp\/v2\/pages\/2518\/revisions"}],"predecessor-version":[{"id":5410,"href":"https:\/\/sps.gov.ba\/index.php?rest_route=\/wp\/v2\/pages\/2518\/revisions\/5410"}],"wp:attachment":[{"href":"https:\/\/sps.gov.ba\/index.php?rest_route=%2Fwp%2Fv2%2Fmedia&parent=2518"}],"curies":[{"name":"wp","href":"https:\/\/api.w.org\/{rel}","templated":true}]}}