{"id":2531,"date":"2016-08-17T09:19:44","date_gmt":"2016-08-17T09:19:44","guid":{"rendered":"http:\/\/sps.gov.ba\/pravilnici\/?lang=hr"},"modified":"2017-09-08T07:20:44","modified_gmt":"2017-09-08T07:20:44","slug":"pravilnici","status":"publish","type":"page","link":"https:\/\/sps.gov.ba?page_id=2305","title":{"rendered":"Pravilnici"},"content":{"rendered":"<hr \/>\n<p style=\"text-align: justify;\"><a href=\"\/dokumenti\/pravilnici\/Pravilnik o ulasku i boravku stranaca BOS.pdf\"><i class=\"fa fa-file-pdf-o\"><\/i> Pravilnik o ulasku i boravku stranaca<\/a><\/p>\n<hr \/>\n<p style=\"text-align: justify;\"><a href=\"\/dokumenti\/pravilnici\/Pravilnik o udaljenju i nadzoru stranaca-BOS.pdf\"><i class=\"fa fa-file-pdf-o\"><\/i> Pravilnik o udaljenju i nadzoru stranaca<\/a><\/p>\n<hr \/>\n<p style=\"text-align: justify;\"><a href=\"\/dokumenti\/pravilnici\/Pravilnik o sluzbenim evidencijama SRP.pdf\"> <i class=\"fa fa-file-pdf-o\"><\/i> Pravilnik o slu\u017ebenim evidencijama o strancima<\/a><\/p>\n<hr \/>\n<p style=\"text-align: justify;\"><a href=\"\/bdokumenti\/pravilnik_baza_ba.pdf\" target=\"_blank\" rel=\"noopener\"><i class=\"fa fa-file-pdf-o\"><\/i> Pravilnik o Centralnoj bazi podataka o strancima<\/a><\/p>\n<hr \/>\n<p style=\"text-align: justify;\"><a href=\"\/dokumenti\/pravilnici\/Pravilnik o registrovanju biometrijskih karakteristika stranaca SRP.pdf\"><i class=\"fa fa-file-pdf-o\"><\/i> Pravilnik o registrovanju biometrijskih karakteristika stranaca<\/a><\/p>\n<hr \/>\n<p style=\"text-align: justify;\"><a href=\"\/dokumenti\/pravilnici\/Pravilnik o zastiti stranaca zrtava SRP.pdf\" target=\"_blank\" rel=\"noopener\"><i class=\"fa fa-file-pdf-o\"><\/i> Pravilnik o za\u0161titi stranaca \u017ertava trgovine ljudima<\/a><\/p>\n<hr \/>\n<p style=\"text-align: justify;\"><a href=\"\/dokumenti\/pravilnici\/Pravilnik o ozdavanju kratkorocne i aerodromske vize.pdf\"><i class=\"fa fa-file-pdf-o\"><\/i> Pravilnik o izdavalju kratkorocnih (viza C) i aerodromskih viza (viza A)<\/a><\/p>\n<hr \/>\n<p style=\"text-align: justify;\"><a href=\"\/bdokumenti\/pravilnik_vize_ba.pdf\" target=\"_blank\" rel=\"noopener\"><i class=\"fa fa-file-pdf-o\"><\/i> Pravilnik o izdavanju viza za dugoro\u010dni boravak (viza D)<\/a><\/p>\n<hr \/>\n<p style=\"text-align: justify;\"><a href=\"\/bdokumenti\/Pravilnik%20o%20znacki%20i%20iskaznici.pdf\" target=\"_blank\" rel=\"noopener\"><i class=\"fa fa-file-pdf-o\"><\/i> Pravilnik o slu\u017ebenoj iskaznici i zna\u010dki<\/a><\/p>\n<hr \/>\n<p style=\"text-align: justify;\"><a href=\"\/bdokumenti\/Pravilnik%20Belma.pdf\" target=\"_blank\" rel=\"noopener\"><i class=\"fa fa-file-pdf-o\"><\/i> Pravilnik o na\u010dinu primjene ovlasti inspektora za strance<\/a><\/p>\n<hr \/>\n<p style=\"text-align: justify;\"><a href=\"\/bdokumenti\/Pravilnik_obaveze_prevoznika_web_ba.pdf\" target=\"_blank\" rel=\"noopener\"><i class=\"fa fa-file-pdf-o\"><\/i> Pravilnik o obavezama prevoznika i organizatora turisti\u010dkog ili sli\u010dnog putovanja<\/a><\/p>\n<hr \/>\n<p style=\"text-align: justify;\"><a href=\"\/bdokumenti\/Pravilnik_pokrice_troskova_web_ba.pdf\" target=\"_blank\" rel=\"noopener\"><i class=\"fa fa-file-pdf-o\"><\/i> Pravilnik o pokri\u0107u tro\u0161kova vra\u0107anja i stavljanja stranca pod nadzor<\/a><\/p>\n<hr \/>\n<p style=\"text-align: justify;\"><a href=\"\/dokumenti\/pravilnici\/Pravilnik o standardima funkcionisanja IC SRP.pdf\" target=\"_blank\" rel=\"noopener\"><i class=\"fa fa-file-pdf-o\"><\/i> Pravilnik o standardima funkcionisanja i drugim pitanjima zna\u010dajnim za rad IC<\/a><\/p>\n<hr \/>\n<p style=\"text-align: justify;\"><i class=\"fa fa-file-pdf-o\"><\/i><a href=\"\/dokumenti\/pravilnici\/Pravilnik o putnom listu za stranca SRP.pdf\"> Pravilnik o putnom listu za stranca<\/a><\/p>\n<hr \/>\n<p style=\"text-align: justify;\"><i class=\"fa fa-file-pdf-o\"><\/i> <a href=\"\/dokumenti\/pravilnici\/Pravilnik o izgledu i sadr\u017eaju putnog lista SRP.pdf\">Pravilnik o\u00a0izgledu i sadr\u017eaju zahtjeva za izdavanje putne isprave<\/a><\/p>\n<hr \/>\n","protected":false},"excerpt":{"rendered":"<p>Pravilnik o ulasku i boravku stranaca Pravilnik o udaljenju i nadzoru stranaca Pravilnik o slu\u017ebenim evidencijama o strancima Pravilnik o Centralnoj bazi podataka o strancima Pravilnik o registrovanju biometrijskih karakteristika stranaca Pravilnik o za\u0161titi stranaca \u017ertava trgovine ljudima Pravilnik o izdavalju kratkorocnih (viza C) i aerodromskih viza (viza A) Pravilnik o izdavanju viza za dugoro\u010dni boravak (viza D) Pravilnik o&nbsp;<a href=\"https:\/\/sps.gov.ba?page_id=2305\" class=\"read-more\">Continue Reading<\/a><\/p>\n","protected":false},"author":2,"featured_media":0,"parent":0,"menu_order":0,"comment_status":"closed","ping_status":"closed","template":"","meta":{"iawp_total_views":74,"footnotes":""},"class_list":["post-2531","page","type-page","status-publish","hentry"],"_links":{"self":[{"href":"https:\/\/sps.gov.ba\/index.php?rest_route=\/wp\/v2\/pages\/2531","targetHints":{"allow":["GET"]}}],"collection":[{"href":"https:\/\/sps.gov.ba\/index.php?rest_route=\/wp\/v2\/pages"}],"about":[{"href":"https:\/\/sps.gov.ba\/index.php?rest_route=\/wp\/v2\/types\/page"}],"author":[{"embeddable":true,"href":"https:\/\/sps.gov.ba\/index.php?rest_route=\/wp\/v2\/users\/2"}],"replies":[{"embeddable":true,"href":"https:\/\/sps.gov.ba\/index.php?rest_route=%2Fwp%2Fv2%2Fcomments&post=2531"}],"version-history":[{"count":18,"href":"https:\/\/sps.gov.ba\/index.php?rest_route=\/wp\/v2\/pages\/2531\/revisions"}],"predecessor-version":[{"id":4743,"href":"https:\/\/sps.gov.ba\/index.php?rest_route=\/wp\/v2\/pages\/2531\/revisions\/4743"}],"wp:attachment":[{"href":"https:\/\/sps.gov.ba\/index.php?rest_route=%2Fwp%2Fv2%2Fmedia&parent=2531"}],"curies":[{"name":"wp","href":"https:\/\/api.w.org\/{rel}","templated":true}]}}