{"id":2534,"date":"2016-08-17T09:09:49","date_gmt":"2016-08-17T09:09:49","guid":{"rendered":"http:\/\/sps.gov.ba\/pravni-okvir\/?lang=hr"},"modified":"2016-09-09T09:58:02","modified_gmt":"2016-09-09T09:58:02","slug":"pravni-okvir","status":"publish","type":"page","link":"https:\/\/sps.gov.ba?page_id=2282","title":{"rendered":"Pravni okvir"},"content":{"rendered":"<div class=\"mp-row-fluid motopress-row mpce-dsbl-margin-left mpce-dsbl-margin-right\">\n<div class=\"mp-span7 motopress-clmn mpce-dsbl-margin-left mpce-dsbl-margin-right motopress-shadow\">\n<div id=\"57d19e19320f8\" class=\"motopress-accordion-obj motopress-accordion motopress-accordion-dark\">\n<div id=\"id-1217640534\" class=\"accordion\">\n<div class=\"accordion-group\"><div class=\"accordion-heading\"><a class=\"accordion-toggle \" data-toggle=\"collapse\" data-parent=\"#id-1217640534\" href=\"#1175851347\">OP\u0106I USLOVI<\/a><\/div><div class=\"accordion-body collapse \" id=\"1175851347\"><div class=\"accordion-inner\">\n<p style=\"text-align: justify;\">Op\u0107i uslovi za ulazak u Bosnu i Hercegovinu, posjedovanje va\u017ee\u0107e putne isprave, prelazak dr\u017eane granice, izdavanje viza, boravak u Bosni i Hercegovini, te me\u0111unarodna za\u0161tita stranaca, regulisani su:<\/p>\n<ul style=\"text-align: justify;\">\n<li style=\"text-align: justify;\">Zakonom o kretanju i boravku stranaca i azilu (\u201eSlu\u017ebeni glasnik BiH\u201c, br. 36\/08 i 87\/12 )<\/li>\n<li style=\"text-align: justify;\">Odlukom o vizana (\u201eSlu\u017ebeni glasnik BiH\u201c, broj 54\/12)<\/li>\n<li style=\"text-align: justify;\">Pravilnikom o izdavanju viza za dugoro\u010dni boravak (viza D) i postupanju kod izdavanja takvih viza (\u201eSlu\u017ebeni glasnik BiH\u201c, broj 104\/08)<\/li>\n<li style=\"text-align: justify;\">Pravilnikom o izdavanju kratkoro\u010dne vize (viza C) i aerodromske tranzitne vize (viza A) u diplomatsko konzularnim predstavni\u0161tvima BiH (\u201eSlu\u017ebeni glasnik BiH\u201c, broj 69\/13)<\/li>\n<li style=\"text-align: justify;\">Uputstvom o postupanju diplomatsko-konzularnih predstavni\u0161tava BiH po zahtjevu za izdavanje vize za ulazak na teritoriju BiH gra\u0111ana Kosova<\/li>\n<li style=\"text-align: justify;\">Pravilnikom o ulasku i boravku stranaca (\u201eSlu\u017ebeni glasnik BiH\u201c, broj 27\/13)<\/li>\n<li style=\"text-align: justify;\">Zakonom o grani\u010dnoj kontroli (\u201eSlu\u017ebeni glasnik BiH\u201c, br. 53\/09 i 54\/10)<\/li>\n<\/ul>\n<\/div><\/div><\/div>\n<div class=\"accordion-group\"><div class=\"accordion-heading\"><a class=\"accordion-toggle \" data-toggle=\"collapse\" data-parent=\"#id-1217640534\" href=\"#766623400\">NADLE\u017dNI ORGANI<\/a><\/div><div class=\"accordion-body collapse \" id=\"766623400\"><div class=\"accordion-inner\">\n<p style=\"text-align: justify;\">Ministarstvo sigurnosti se stara i provodi politiku useljavanja i azila u BiH, a nadle\u017eno je i za ure\u0111enje procedura i na\u010dina organizacije slu\u017ebe u vezi kretanja i boravka stranaca. Sjedi\u0161te Ministarstva sigurnosti je u Sarajevu, ul. Trg BiH 1.<\/p>\n<p style=\"text-align: justify;\">Sektor za azil vr\u0161i upravne i druge stru\u010dne poslove koji se odnose na izvr\u0161enje i sprovo\u0111enje politike i postupka azila u Bosni i Hercegovini. Sektor za imigraciju je nadle\u017ean za rje\u0161avanje po \u017ealbama stranaca na rje\u0161enja donesena od strane Slu\u017ebe za poslove sa strancima i Grani\u010dne policije.<\/p>\n<p style=\"text-align: justify;\">Grani\u010dna policija Bosne i Hercegovine je upravna organizacija u okviru Ministarstva sigurnosti BiH, sa operativnom samostalno\u0161\u0107u, osnovana radi obavljanja policijskih poslova vezanih za nadzor i kontrolu prelaska granice BiH i drugih poslova propisanih zakonom.<\/p>\n<p style=\"text-align: justify;\">Slu\u017eba za poslove sa strancima je upravna organizacija u sastavu Ministarstva sigurnosti BiH, s operativnom samostalno\u0161\u0107u, osnovana radi obavljanja upravnih poslova vezanih za kretanje i boravak stranaca u Bosni i Hercegovini koji su propisani Zakonom o kretanju i boravku stranaca i azilu. Organizacijske jedinice Slu\u017ebe za poslove sa strancima su sljede\u0107i terenski centri: Sarajevo, Isto\u010dno Sarajevo, Banja Luka, Mostar, Zenica, Travnik, Bijeljina, Trebinje, Gora\u017ede, Tuzla, Livno, Ljubu\u0161ki, Ora\u0161je, Biha\u0107, Br\u010dko i Doboj.<\/p>\n<\/div><\/div><\/div>\n<h4><\/h4>\n<\/div>\n<\/div>\n<\/div>\n<\/div>\n<p>&nbsp;<\/p>\n","protected":false},"excerpt":{"rendered":"<p>&nbsp;<\/p>\n","protected":false},"author":2,"featured_media":0,"parent":0,"menu_order":0,"comment_status":"closed","ping_status":"closed","template":"","meta":{"iawp_total_views":55,"footnotes":""},"class_list":["post-2534","page","type-page","status-publish","hentry"],"_links":{"self":[{"href":"https:\/\/sps.gov.ba\/index.php?rest_route=\/wp\/v2\/pages\/2534","targetHints":{"allow":["GET"]}}],"collection":[{"href":"https:\/\/sps.gov.ba\/index.php?rest_route=\/wp\/v2\/pages"}],"about":[{"href":"https:\/\/sps.gov.ba\/index.php?rest_route=\/wp\/v2\/types\/page"}],"author":[{"embeddable":true,"href":"https:\/\/sps.gov.ba\/index.php?rest_route=\/wp\/v2\/users\/2"}],"replies":[{"embeddable":true,"href":"https:\/\/sps.gov.ba\/index.php?rest_route=%2Fwp%2Fv2%2Fcomments&post=2534"}],"version-history":[{"count":6,"href":"https:\/\/sps.gov.ba\/index.php?rest_route=\/wp\/v2\/pages\/2534\/revisions"}],"predecessor-version":[{"id":3546,"href":"https:\/\/sps.gov.ba\/index.php?rest_route=\/wp\/v2\/pages\/2534\/revisions\/3546"}],"wp:attachment":[{"href":"https:\/\/sps.gov.ba\/index.php?rest_route=%2Fwp%2Fv2%2Fmedia&parent=2534"}],"curies":[{"name":"wp","href":"https:\/\/api.w.org\/{rel}","templated":true}]}}