{"id":2546,"date":"2016-08-17T07:59:55","date_gmt":"2016-08-17T07:59:55","guid":{"rendered":"http:\/\/sps.gov.ba\/terenski-centri\/?lang=hr"},"modified":"2026-01-08T11:49:17","modified_gmt":"2026-01-08T11:49:17","slug":"terenski-centri","status":"publish","type":"page","link":"https:\/\/sps.gov.ba?page_id=2256","title":{"rendered":"Terenski centri"},"content":{"rendered":"\n<div class=\"\">\n<ul class=\"nav nav-tabs\">\n<li class=\"active\"><a href=\"#Sarajevo\" data-toggle=\"tab\">Sarajevo<\/a><\/li>\n<li><a href=\"#Banjaluka\" data-toggle=\"tab\">Banja Luka<\/a><\/li>\n<li><a href=\"#Mostar\" data-toggle=\"tab\">Mostar<\/a><\/li>\n<li><a href=\"#Tuzla\" data-toggle=\"tab\">Tuzla<\/a><\/li>\n<li><a href=\"#Zenica\" data-toggle=\"tab\">Zenica<\/a><\/li>\n<li><a href=\"#Br\u010dko\" data-toggle=\"tab\">Br\u010dko<\/a><\/li>\n<li><a href=\"#Doboj\" data-toggle=\"tab\">Doboj<\/a><\/li>\n<li><a href=\"#ISarajevo\" data-toggle=\"tab\">I. Sarajevo<\/a><\/li>\n<\/ul>\n<ul class=\"nav nav-tabs\">\n<li><a href=\"#Biha\u0107\" data-toggle=\"tab\">Biha\u0107<\/a><\/li>\n<li><a href=\"#Travnik\" data-toggle=\"tab\">Travnik<\/a><\/li>\n<li><a href=\"#Trebinje\" data-toggle=\"tab\">Trebinje<\/a><\/li>\n<li><a href=\"#Bijeljina\" data-toggle=\"tab\">Bijeljina<\/a><\/li>\n<li><a href=\"#Livno\" data-toggle=\"tab\">Livno<\/a><\/li>\n<li><a href=\"#Ljubu\u0161ki\" data-toggle=\"tab\">Ljubu\u0161ki<\/a><\/li>\n<li><a href=\"#Ora\u0161je\" data-toggle=\"tab\">Ora\u0161je<\/a><\/li>\n<li><a href=\"#Gora\u017ede\" data-toggle=\"tab\">Gora\u017ede<\/a><\/li>\n<\/ul>\n<div class=\"tab-content\">\n<div id=\"Sarajevo\" class=\"tab-pane fade in active\">\n<h3 style=\"text-align: center;\">Terenski centar<\/h3>\n<h3 style=\"text-align: center;\"><strong>SARAJEVO<\/strong><\/h3>\n<hr>\n<p style=\"padding-left: 30px;\"><strong>Adresa:<\/strong> <a href=\"https:\/\/maps.app.goo.gl\/Vvijq3c5TdmnGDuDA\"><strong>A transverzala-Michael Schumacher 8, Sarajevo<\/strong><\/a> <\/p>\n<hr>\n<p style=\"padding-left: 30px;\"><strong>Telefoni:<\/strong><\/p>\n<p style=\"padding-left: 30px;\">Centrala i protokol - <a href=\"tel:033772994\">033772994<\/a><\/p>\n<p style=\"padding-left: 30px;\">\u0160ef TC-a - <a href=\"tel:033779900\">033779900<\/a>, <a href=\"tel:033779915\">033779915<\/a><\/p>\n<p style=\"padding-left: 30px;\">Voditelji postupka - <a href=\"tel:033772993\">033772993<\/a>, <a href=\"tel:033772996\">033772996<\/a>, <a href=\"tel:033779919\">033779919<\/a><\/p>\n<p style=\"padding-left: 30px;\">Inspektori - <a href=\"tel:033779911\">033779911<\/a>, <a href=\"tel:033779913\">033779913<\/a>, <a href=\"tel:033779914\">033779914<\/a>, <a href=\"tel:033779916\">033779916<\/a>, <a href=\"tel:033779917\">033779917<\/a><\/p>\n<hr>\n<p style=\"padding-left: 30px;\"><strong>Faks:<\/strong> <a href=\"tel:033772990\">033772990<\/a><\/p>\n<hr>\n<p style=\"padding-left: 30px;\"><strong>E-po\u0161ta:<\/strong> <a href=\"mailto:tcsarajevo@sps.gov.ba\"> tcsarajevo@sps.gov.ba<\/a><\/p>\n<hr>\n<p style=\"padding-left: 30px;\"><strong>Nadle\u017enost:<\/strong> Centar, Had\u017ei\u0107i, Ilid\u017ea, Ilija\u0161, Novi Grad, Novo Sarajevo, Stari Grad, Trnovo (FBiH) i Vogo\u0161\u0107a<\/p>\n<hr>\n<\/div>\n<div id=\"Banjaluka\" class=\"tab-pane fade\">\n<h3 style=\"text-align: center;\">Terenski centar<\/h3>\n<h3 style=\"text-align: center;\"><strong>BANJA LUKA<\/strong><\/h3>\n<hr>\n<p style=\"padding-left: 30px;\"><strong>Adresa:<\/strong> <a href=\"https:\/\/maps.app.goo.gl\/4FLHwWSLAXVH5xvY9\"><strong> Ivana F. Juki\u0107a 7\/II, Banja Luka <\/strong><\/a><\/p>\n<hr>\n<p style=\"padding-left: 30px;\"><strong>Telefon:<\/strong> <a href=\"tel:051213926\">051213926<\/a><\/p>\n<hr>\n<p style=\"padding-left: 30px;\"><strong>E-po\u0161ta:<\/strong> <a href=\"mailto:tcbanjaluka@sps.gov.ba\"> tcbanjaluka@sps.gov.ba<\/a><\/p>\n<hr>\n<p style=\"padding-left: 30px;\"><strong>Nadle\u017enost:<\/strong> Banja Luka, \u010celinac, Gradi\u0161ka, Isto\u010dni Drvar, Jezero, Kne\u017eevo, Kostajnica, Kotor Varo\u0161, Kozarska Dubica, Krupa na Uni, Kupres (RS), Lakta\u0161i, Mrkonji\u0107 Grad, O\u0161tra Luka, Petrovac, Prijedor, Prnjavor, Ribnik, Srbac i \u0160ipovo.<\/p>\n<hr>\n<\/div>\n<div id=\"Mostar\" class=\"tab-pane fade\">\n<h3 style=\"text-align: center;\">Terenski centar<\/h3>\n<h3 style=\"text-align: center;\"><strong>MOSTAR<\/strong><\/h3>\n<hr>\n<p style=\"padding-left: 30px;\"><strong>Adresa: <\/strong><a href=\"https:\/\/maps.app.goo.gl\/2b6mrrS6VPvxhij69\"><strong>Kneza Vi\u0161eslava BB, Mostar<\/strong><\/a> <\/p>\n<hr>\n<p style=\"padding-left: 30px;\"><strong>Telefon:<\/strong> <a href=\"tel:036319118\">036319118<\/a><\/p>\n<hr>\n<p style=\"padding-left: 30px;\"><strong>E-po\u0161ta:<\/strong> <a href=\"mailto:tcmostar@sps.gov.ba\"> tcmostar@sps.gov.ba<\/a><\/p>\n<hr>\n<p style=\"padding-left: 30px;\"><strong>Nadle\u017enost:<\/strong>&nbsp;\u010capljina, \u010citluk, Jablanica, Konjic, Mostar, Neum, Prozor \/ Rama, Ravno i Stolac.<\/p>\n<hr>\n<\/div>\n<div id=\"Tuzla\" class=\"tab-pane fade\">\n<h3 style=\"text-align: center;\">Terenski centar<\/h3>\n<h3 style=\"text-align: center;\"><strong>TUZLA<\/strong><\/h3>\n<hr>\n<p style=\"padding-left: 30px;\"><strong>Adresa:<\/strong> <a href=\"https:\/\/maps.app.goo.gl\/N2Sjn3df1RqXK9D6A\"><strong> Mar\u0161ala Tita 36, Tuzla <\/strong><\/a><\/p>\n<hr>\n<p style=\"padding-left: 30px;\"><strong>Telefon:<\/strong> <a href=\"tel:035362491\">035362491<\/a><\/p>\n<hr>\n<p style=\"padding-left: 30px;\"><strong>E-po\u0161ta:<\/strong> <a href=\"mailto:tctuzla@sps.gov.ba\"> tctuzla@sps.gov.ba<\/a>\n<\/p>\n<hr>\n<p style=\"padding-left: 30px;\"><strong>Nadle\u017enost:<\/strong>&nbsp;Banovi\u0107i, \u010celi\u0107, Doboj Istok, Gra\u010danica, Grada\u010dac, Kalesija, Kladanj, Lukavac, Sapna, Srebrenik. Teo\u010dak, Tuzla i \u017divinice.<\/p>\n<hr>\n<\/div>\n<div id=\"Zenica\" class=\"tab-pane fade\">\n<h3 style=\"text-align: center;\">Terenski centar<\/h3>\n<h3 style=\"text-align: center;\"><strong>ZENICA<\/strong><\/h3>\n<hr>\n<p style=\"padding-left: 30px;\"><strong>Adresa:<\/strong> <a href=\"https:\/\/maps.app.goo.gl\/qmUQNjpjTKodErfk7\"><strong> Dobrovoljnih davalaca krvi 6, Zenica <\/strong><\/a><\/p>\n<hr>\n<p style=\"padding-left: 30px;\"><strong>Telefon:<\/strong> <a href=\"tel:032460410\">032460410<\/a>, <a href=\"tel:032460411\">032460411<\/a>, <a href=\"tel:032460412\">032460412<\/a>, <a href=\"tel:032460413\">032460413<\/a>, <a href=\"tel:032200980\">032200980<\/a><\/p>\n<hr>\n<p style=\"padding-left: 30px;\"><strong>E-po\u0161ta:<\/strong> <a href=\"mailto:tczenica@sps.gov.ba\"> tczenica@sps.gov.ba<\/a>\n\n<\/p>\n<hr>\n<p style=\"padding-left: 30px;\"><strong>Nadle\u017enost:<\/strong>&nbsp;Breza, Doboj Jug, \u017dep\u010de. Kakanj, Maglaj, Olovo, Te\u0161anj, Usora, Vare\u0161, Visoko, Zavidovi\u0107i i Zenica<\/p>\n<hr>\n<\/div>\n<div id=\"Br\u010dko\" class=\"tab-pane fade\">\n<h3 style=\"text-align: center;\">Terenski centar<\/h3>\n<h3 style=\"text-align: center;\"><strong>BR\u010cKO<\/strong><\/h3>\n<hr>\n<p style=\"padding-left: 30px;\"><strong>Adresa:<\/strong> <a href=\"https:\/\/maps.app.goo.gl\/ri6tYrLi1VTwtmau5\"><strong> Ciglana 8 (Nova zgrada policije), Br\u010dko <\/strong><\/a><\/p>\n<hr>\n<p style=\"padding-left: 30px;\"><strong>Telefoni:<\/strong><\/p>\n<p style=\"padding-left: 30px;\"><a href=\"tel:049232160\">049232160<\/a> - voditelj postupka\/protokol\/ fax<\/p>\n<p style=\"padding-left: 30px;\"><a href=\"tel:049232161\">049232161<\/a> - \u0161ef TC-a<\/p>\n<p style=\"padding-left: 30px;\"><a href=\"tel:049232162\">049232162<\/a> - inspektori<\/p>\n<hr>\n<p style=\"padding-left: 30px;\"><strong>E-po\u0161ta:<\/strong> <a href=\"mailto:tcbrcko@sps.gov.ba\"> tcbrcko@sps.gov.ba<\/a>\n<\/p>\n<hr>\n<p style=\"padding-left: 30px;\"><strong>Nadle\u017enost:<\/strong> Br\u010dko distrikt<\/p>\n<hr>\n<\/div>\n<div id=\"Doboj\" class=\"tab-pane fade\">\n<h3 style=\"text-align: center;\">Terenski centar<\/h3>\n<h3 style=\"text-align: center;\"><strong>DOBOJ<\/strong><\/h3>\n<hr>\n<p style=\"padding-left: 30px;\"><strong>Adresa:<\/strong> <a href=\"https:\/\/maps.app.goo.gl\/ZHVMPaaAFLVkhDa17\"><strong> Nikole Pa\u0161i\u0107a 5, Doboj <\/strong><\/a><\/p>\n<hr>\n<p style=\"padding-left: 30px;\"><strong>Telefon:<\/strong> <a href=\"tel:053236498\">053236498<\/a><\/p>\n<hr>\n<p style=\"padding-left: 30px;\"><strong>E-po\u0161ta:<\/strong> <a href=\"mailto:tcdoboj@sps.gov.ba\"> tcdoboj@sps.gov.ba<\/a><\/p>\n<hr>\n<p style=\"padding-left: 30px;\"><strong>Nadle\u017enost:<\/strong>&nbsp;Brod, Derventa, Doboj, Donji \u017dabar, Modri\u010da, Pelagi\u0107evo, Petrovo, stanari, \u0160amac, Tesli\u0107 i Vukosavlje.<\/p>\n<hr>\n<\/div>\n<div id=\"ISarajevo\" class=\"tab-pane fade\">\n<h3 style=\"text-align: center;\">Terenski centar<\/h3>\n<h3 style=\"text-align: center;\"><strong>ISTO\u010cNO SARAJEVO<\/strong><\/h3>\n<hr>\n<p style=\"padding-left: 30px;\"><strong>Adresa:<\/strong> <a href=\"https:\/\/maps.app.goo.gl\/1gMdkHwd4Ku2nJ1M8\"><strong> Trg ilid\u017eanske brigade 2B, Isto\u010dna Ilid\u017ea <\/strong><\/a><\/p>\n<hr>\n<p style=\"padding-left: 30px;\"><strong>Telefon:<\/strong> <a href=\"tel:057224891\">057224891<\/a><\/p>\n<hr>\n<p style=\"padding-left: 30px;\"><strong>E-po\u0161ta:<\/strong> <a href=\"mailto:tcistocnosarajevo@sps.gov.ba\"> tcistocnosarajevo@sps.gov.ba<\/a><\/p>\n<hr>\n<p style=\"padding-left: 30px;\"><strong>Nadle\u017enost:<\/strong>&nbsp;\u010cajni\u010de, Fo\u010da, Han Pijesak, Isto\u010dna Ilid\u017ea, Isto\u010dno Novo Sarajevo, Isto\u010dni Stari Grad, Kalinovik, Novo Gora\u017ede, Pale, Rogatica, Rudo, Sokolac, Trnovo (RS) i Vi\u0161egrad.<\/p>\n<hr>\n<\/div>\n<div id=\"Biha\u0107\" class=\"tab-pane fade\">\n<h3 style=\"text-align: center;\">Terenski centar<\/h3>\n<h3 style=\"text-align: center;\"><strong>BIHA\u0106<\/strong><\/h3>\n<hr>\n<p style=\"padding-left: 30px;\"><strong>Adresa:<\/strong> <a href=\"https:\/\/maps.app.goo.gl\/aHCv3sg12m3cHynq5\"><strong> Ulica V korpusa 14, Biha\u0107 <\/strong><\/a><\/p>\n<hr>\n<p style=\"padding-left: 30px;\"><strong>Telefon:<\/strong><a href=\"tel:037228564\"> 037228564<\/a><\/p>\n<hr>\n<p style=\"padding-left: 30px;\"><strong>E-po\u0161ta:<\/strong> <a href=\"mailto:tcbihac@sps.gov.ba\"> tcbihac@sps.gov.ba<\/a><\/p>\n<hr>\n<p style=\"padding-left: 30px;\"><strong>Nadle\u017enost:<\/strong> Biha\u0107, Bosanska Krupa, Bosanski Petrovac, Bu\u017eim, Cazin, Klju\u010d, Sanski Most i Velika Kladu\u0161a<\/p>\n<hr>\n<\/div>\n<div id=\"Travnik\" class=\"tab-pane fade\">\n<h3 style=\"text-align: center;\">Terenski centar<\/h3>\n<h3 style=\"text-align: center;\"><strong>TRAVNIK<\/strong><\/h3>\n<hr>\n<p style=\"padding-left: 30px;\"><strong>Adresa:<\/strong> <a href=\"https:\/\/maps.app.goo.gl\/gx3y9HdUXMRL2CZG9\"><strong> Aleja konzula 5, Travnik <\/strong><\/a><\/p>\n<hr>\n<p style=\"padding-left: 30px;\"><strong>Telefon:<\/strong> <a href=\"tel:030540117\">030540117<\/a><\/p>\n<hr>\n<p style=\"padding-left: 30px;\"><strong>E-po\u0161ta:<\/strong> <a href=\"mailto:tctravnik@sps.gov.ba\"> tctravnik@sps.gov.ba<\/a><\/p>\n<hr>\n<p style=\"padding-left: 30px;\"><strong>Nadle\u017enost:<\/strong> Busova\u010da, Bugojno, Dobreti\u0107i, Donji Vakuf, Fojnica, Gornji Vakuf \/ Uskoplje, Jajce, Kiseljak, Kre\u0161evo, Novi Travnik, Vitez i Travnik.<\/p>\n<hr>\n<\/div>\n<div id=\"Trebinje\" class=\"tab-pane fade\">\n<h3 style=\"text-align: center;\">Terenski centar<\/h3>\n<h3 style=\"text-align: center;\"><strong>TREBINJE<\/strong><\/h3>\n<hr>\n<p style=\"padding-left: 30px;\"><strong>Adresa:<\/strong> <a href=\"https:\/\/maps.app.goo.gl\/yQoSrBDm3ux44P8PA\"><strong> Sokolska 2a, Trebinje <\/strong><\/a><\/p>\n<hr>\n<p style=\"padding-left: 30px;\"><strong>Telefon:<\/strong> <a href=\"tel:059245051\">059245051<\/a><\/p>\n<hr>\n<p style=\"padding-left: 30px;\"><strong>E-po\u0161ta:<\/strong> <a href=\"mailto:tctrebinje@sps.gov.ba\"> tctrebinje@sps.gov.ba<\/a><\/p>\n<hr>\n<p style=\"padding-left: 30px;\"><strong>Nadle\u017enost:<\/strong>&nbsp;Berkovi\u0107i, Bile\u0107a. Gacko, Isto\u010dni Mostar, Ljubinje, Nevesinje i Trebinje<\/p>\n<hr>\n<\/div>\n<div id=\"Bijeljina\" class=\"tab-pane fade\">\n<h3 style=\"text-align: center;\">Terenski centar<\/h3>\n<h3 style=\"text-align: center;\"><strong>BIJELJINA<\/strong><\/h3>\n<hr>\n<p style=\"padding-left: 30px;\"><strong>Adresa:<\/strong> <a href=\"https:\/\/maps.app.goo.gl\/2kydFTXVGh4DVZxm9\"><strong> Filipa Vi\u0161nji\u0107a 211, Bijeljina <\/strong><\/a><\/p>\n<hr>\n<p style=\"padding-left: 30px;\"><strong>Telefon:<\/strong> <a href=\"tel:055203032\">055203032<\/a><\/p>\n<hr>\n<p style=\"padding-left: 30px;\"><strong>E-po\u0161ta:<\/strong> <a href=\"mailto:tcbijeljina@sps.gov.ba\"> tcbijeljina@sps.gov.ba<\/a><\/p>\n<hr>\n<p style=\"padding-left: 30px;\"><strong>Nadle\u017enost:<\/strong>&nbsp;Bijeljina, Bratunac, Lopare, Mili\u0107i, Osmaci, Srebrenica, \u0160ekovi\u0107i, Ugljevik, Vlasenica i Zvornik.<\/p>\n<hr>\n<\/div>\n<div id=\"Livno\" class=\"tab-pane fade\">\n<h3 style=\"text-align: center;\">Terenski centar<\/h3>\n<h3 style=\"text-align: center;\"><strong>LIVNO<\/strong><\/h3>\n<hr>\n<p style=\"padding-left: 30px;\"><strong>Adresa:<\/strong> <a href=\"https:\/\/maps.app.goo.gl\/kZYRGMxKhuwfLCMo6\"><strong> Matice Hrvatske BB, Livno <\/strong><\/a><\/p>\n<hr>\n<p style=\"padding-left: 30px;\"><strong>Telefon:<\/strong> <a href=\"tel:034204828\">034204828<\/a><\/p>\n<hr>\n<p style=\"padding-left: 30px;\"><strong>E-po\u0161ta:<\/strong> <a href=\"mailto:tclivno@sps.gov.ba\"> tclivno@sps.gov.ba<\/a><\/p>\n<hr>\n<p style=\"padding-left: 30px;\"><strong>Nadle\u017enost:<\/strong>&nbsp;Bosansko Grahovo, Drvar, Glamo\u010d, Kupres (FBiH), Livno i Tomislavgrad.<\/p>\n<hr>\n<\/div>\n<div id=\"Ljubu\u0161ki\" class=\"tab-pane fade\">\n<h3 style=\"text-align: center;\">Terenski centar<\/h3>\n<h3 style=\"text-align: center;\"><strong>LJUBU\u0160KI<\/strong><\/h3>\n<hr>\n<p style=\"padding-left: 30px;\"><strong>Adresa:<\/strong> <a href=\"https:\/\/maps.app.goo.gl\/HZJQAmgMGPSvqSjEA\"><strong> Nikole Ivankovi\u0107a 13b, Ljubu\u0161ki <\/strong><\/a><\/p>\n<hr>\n<p style=\"padding-left: 30px;\"><strong>Telefon:<\/strong> <a href=\"tel:039831084\">039831084<\/a><\/p>\n<hr>\n<p style=\"padding-left: 30px;\"><strong>E-po\u0161ta:<\/strong> <a href=\"mailto:tcljubuski@sps.gov.ba\"> tcljubuski@sps.gov.ba<\/a><\/p>\n<hr>\n<p style=\"padding-left: 30px;\"><strong>Nadle\u017enost:<\/strong>&nbsp;Grude, Ljubu\u0161ki, Posu\u0161je i \u0160iroki Brijeg<\/p>\n<hr>\n<\/div>\n<div id=\"Ora\u0161je\" class=\"tab-pane fade\">\n<h3 style=\"text-align: center;\">Terenski centar<\/h3>\n<h3 style=\"text-align: center;\"><strong>ORA\u0160JE<\/strong><\/h3>\n<hr>\n<p style=\"padding-left: 30px;\"><strong>Adresa:<\/strong> <a href=\"https:\/\/maps.app.goo.gl\/MtDT7MfsH3vRevuB7\"><strong> III ulica 20, Ora\u0161je <\/strong><\/a><\/p>\n<hr>\n<p style=\"padding-left: 30px;\"><strong>Telefon:<\/strong> <a href=\"tel:031714527\">031714527<\/a><\/p>\n<hr>\n<p style=\"padding-left: 30px;\"><strong>E-po\u0161ta:<\/strong> <a href=\"mailto:tcorasje@sps.gov.ba\"> tcorasje@sps.gov.ba<\/a><\/p>\n<hr>\n<p style=\"padding-left: 30px;\"><strong>Nadle\u017enost:<\/strong>&nbsp;Domaljevac \/ \u0160amac, Od\u017eak i Ora\u0161je<\/p>\n<hr>\n<\/div>\n<div id=\"Gora\u017ede\" class=\"tab-pane fade\">\n<h3 style=\"text-align: center;\">Terenski centar<\/h3>\n<h3 style=\"text-align: center;\"><strong>GORA\u017dDE<\/strong><\/h3>\n<hr>\n<p style=\"padding-left: 30px;\"><strong>Adresa:<\/strong> <a href=\"https:\/\/maps.app.goo.gl\/VxZS7gwPcpq5Efvt7\"><strong> Zaima Imamovi\u0107a 5, Gora\u017ede <\/strong><\/a><\/p>\n<hr>\n<p style=\"padding-left: 30px;\"><strong>Telefon:<\/strong> <a href=\"tel:038220018\">038220018<\/a><\/p>\n<hr>\n<p style=\"padding-left: 30px;\"><strong>E-po\u0161ta:<\/strong> <a href=\"mailto:tcgorazde@sps.gov.ba\"> tcgorazde@sps.gov.ba<\/a><\/p>\n<hr>\n<p style=\"padding-left: 30px;\"><strong>Nadle\u017enost:<\/strong>&nbsp;Fo\u010da (FBiH) \/ Ustikolina, Gora\u017ede i Pale (FBiH) \/ Pra\u010da.<\/p>\n<hr>\n<\/div>\n<\/div>\n<\/div>\n\n\n\n<div style=\"width: 100%; height: 500px;\">\r\n            \r\n            \r\n            \r\n            <a name='map22'><\/a>\r\n            \r\n            \r\n            \r\n            \r\n            <div class=\"wpgmza_map \"  id=\"wpgmza_map_22\" style=\"display:block; overflow:auto; width:100%; height:500px; float:left;\" data-settings='{\"id\":\"22\",\"map_title\":\"Terenski bez opstina\",\"map_width\":\"100\",\"map_height\":\"500\",\"map_start_lat\":\"44.001761\",\"map_start_lng\":\"17.368343\",\"map_start_location\":\"44.001760648578525,17.368343390625007\",\"map_start_zoom\":\"7\",\"default_marker\":\"0\",\"type\":\"1\",\"alignment\":\"1\",\"directions_enabled\":\"0\",\"styling_enabled\":\"0\",\"styling_json\":\"\",\"active\":\"0\",\"kml\":\"\",\"bicycle\":\"0\",\"traffic\":\"0\",\"dbox\":\"1\",\"dbox_width\":\"100\",\"listmarkers\":\"0\",\"listmarkers_advanced\":\"0\",\"filterbycat\":\"0\",\"ugm_enabled\":\"0\",\"ugm_category_enabled\":\"0\",\"fusion\":\"\",\"map_width_type\":\"\\\\%\",\"map_height_type\":\"px\",\"mass_marker_support\":\"0\",\"ugm_access\":\"0\",\"order_markers_by\":\"1\",\"order_markers_choice\":\"2\",\"show_user_location\":\"2\",\"default_to\":\"\",\"other_settings\":{\"wpgmza_store_locator_restrict\":\"\",\"wpgmza_sl_animation\":\"1\",\"store_locator_query_string\":\"ZIP \\\/ Address:\",\"store_locator_name_string\":\"Title \\\/ Description:\",\"wpgmza_dbox_width_type\":\"%\",\"map_max_zoom\":\"3\",\"map_min_zoom\":\"21\",\"sl_stroke_color\":\"FF0000\",\"sl_stroke_opacity\":\"0.25\",\"sl_fill_color\":\"FF0000\",\"sl_fill_opacity\":\"0.15\",\"click_open_link\":2,\"transport_layer\":0,\"iw_primary_color\":\"2A3744\",\"iw_accent_color\":\"252F3A\",\"iw_text_color\":\"FFFFFF\",\"wpgmza_iw_type\":\"0\",\"list_markers_by\":\"0\",\"push_in_map\":\"\",\"push_in_map_placement\":\"9\",\"wpgmza_push_in_map_width\":\"\",\"wpgmza_push_in_map_height\":\"\",\"wpgmza_theme_data\":\"[ { \\\\\\\"stylers\\\\\\\": [ { \\\\\\\"color\\\\\\\": \\\\\\\"#f5f5f5\\\\\\\" } ] } ]\",\"wpgmza_theme_selection\":7,\"upload_default_ul_marker\":\"\",\"upload_default_sl_marker\":\"\",\"shortcodeAttributes\":{\"id\":\"22\"}}}' data-map-id='22' data-shortcode-attributes='{\"id\":\"22\"}'> <\/div>\r\n            \r\n               \r\n        <\/div>\n","protected":false},"excerpt":{"rendered":"<p>Sarajevo Banja Luka Mostar Tuzla Zenica Br\u010dko Doboj I. Sarajevo Biha\u0107 Travnik Trebinje Bijeljina Livno Ljubu\u0161ki Ora\u0161je Gora\u017ede Terenski centar SARAJEVO Adresa: A transverzala-Michael Schumacher 8, Sarajevo Telefoni: Centrala i protokol - 033772994 \u0160ef TC-a - 033779900, 033779915 Voditelji postupka - 033772993, 033772996, 033779919 Inspektori - 033779911, 033779913, 033779914, 033779916, 033779917 Faks: 033772990 E-po\u0161ta: tcsarajevo@sps.gov.ba Nadle\u017enost: Centar, Had\u017ei\u0107i, Ilid\u017ea, Ilija\u0161,&nbsp;<a href=\"https:\/\/sps.gov.ba?page_id=2256\" class=\"read-more\">Continue Reading<\/a><\/p>\n","protected":false},"author":8,"featured_media":0,"parent":0,"menu_order":0,"comment_status":"closed","ping_status":"closed","template":"","meta":{"iawp_total_views":1465,"footnotes":""},"class_list":["post-2546","page","type-page","status-publish","hentry"],"_links":{"self":[{"href":"https:\/\/sps.gov.ba\/index.php?rest_route=\/wp\/v2\/pages\/2546","targetHints":{"allow":["GET"]}}],"collection":[{"href":"https:\/\/sps.gov.ba\/index.php?rest_route=\/wp\/v2\/pages"}],"about":[{"href":"https:\/\/sps.gov.ba\/index.php?rest_route=\/wp\/v2\/types\/page"}],"author":[{"embeddable":true,"href":"https:\/\/sps.gov.ba\/index.php?rest_route=\/wp\/v2\/users\/8"}],"replies":[{"embeddable":true,"href":"https:\/\/sps.gov.ba\/index.php?rest_route=%2Fwp%2Fv2%2Fcomments&post=2546"}],"version-history":[{"count":108,"href":"https:\/\/sps.gov.ba\/index.php?rest_route=\/wp\/v2\/pages\/2546\/revisions"}],"predecessor-version":[{"id":9716,"href":"https:\/\/sps.gov.ba\/index.php?rest_route=\/wp\/v2\/pages\/2546\/revisions\/9716"}],"wp:attachment":[{"href":"https:\/\/sps.gov.ba\/index.php?rest_route=%2Fwp%2Fv2%2Fmedia&parent=2546"}],"curies":[{"name":"wp","href":"https:\/\/api.w.org\/{rel}","templated":true}]}}