{"id":3396,"date":"2016-09-07T13:34:17","date_gmt":"2016-09-07T13:34:17","guid":{"rendered":"http:\/\/sps.gov.ba\/javne-nabavke-odluke\/?lang=sr"},"modified":"2019-02-26T11:26:19","modified_gmt":"2019-02-26T11:26:19","slug":"javne-nabavke-odluke","status":"publish","type":"page","link":"https:\/\/sps.gov.ba?page_id=3392","title":{"rendered":"\u041e\u0434\u043b\u0443\u043a\u0435 o \u043d\u0430\u0431\u0430\u0432\u043a\u0430\u043c\u0430"},"content":{"rendered":"<p style=\"text-align: center;\"><strong>2019.<\/strong><\/p>\n<hr \/>\n<p><a href=\"\/dokumenti\/odluke\/2019\/ponistenje_vn.pdf\"><i class=\"fa fa-file-pdf-o\"><\/i> Odluka o poni\u0161tenju ugovora za nabavku video nadzora<\/a><br \/>\n<a href=\"\/dokumenti\/odluke\/2019\/ponistenje_dms.pdf\"><i class=\"fa fa-file-pdf-o\"><\/i> Odluka o poni\u0161tenju ugovora za nabavku DMS sistema<\/a><\/p>\n<hr \/>\n<p style=\"text-align: center;\"><strong>2018.<\/strong><\/p>\n<hr \/>\n<p><a href=\"\/dokumenti\/odluke\/2018\/kancelarijski.pdf\"><i class=\"fa fa-file-pdf-o\"><\/i> Odluka o dodjeli ugovora za nabavku kancelarijskog materijala<\/a><br \/>\n<a href=\"\/dokumenti\/odluke\/2018\/vozilo.pdf\"><i class=\"fa fa-file-pdf-o\"><\/i> Odluka o dodjeli ugovora za nabavku vozila<\/a><br \/>\n<a href=\"\/dokumenti\/odluke\/2018\/licence3.pdf\"><i class=\"fa fa-file-pdf-o\"><\/i> Odluka o dodjeli ugovora za nabavku licenci<\/a><br \/>\n<a href=\"\/dokumenti\/odluke\/2018\/arhiva.pdf\"><i class=\"fa fa-file-pdf-o\"><\/i> Odluka o dodjeli ugovora za usluge sre\u0111ivanja arhive<\/a><br \/>\n<a href=\"\/dokumenti\/odluke\/2018\/mslicence.pdf\"><i class=\"fa fa-file-pdf-o\"><\/i> Odluka o dodjeli ugovora za nabavku MS licenci<\/a><br \/>\n<a href=\"\/dokumenti\/odluke\/2018\/nafta.pdf\"><i class=\"fa fa-file-pdf-o\"><\/i> Odluka o dodjeli ugovora za isporuku nafte<\/a><br \/>\n<a href=\"\/dokumenti\/odluke\/2018\/imovina.pdf\"><i class=\"fa fa-file-pdf-o\"><\/i> Odluka o dodjeli ugovora za osiguranje imovine<\/a><br \/>\n<a href=\"\/dokumenti\/odluke\/2018\/pranje_vozila2.pdf\"><i class=\"fa fa-file-pdf-o\"><\/i> Odluka o dodjeli ugovora za pranje vozila<\/a><br \/>\n<a href=\"\/dokumenti\/odluke\/2018\/osiguranje.pdf\"><i class=\"fa fa-file-pdf-o\"><\/i> Odluka o dodjeli ugovora za osiguranje vozila<\/a><br \/>\n<a href=\"\/dokumenti\/odluke\/2018\/registracija.pdf\"><i class=\"fa fa-file-pdf-o\"><\/i> Odluka o dodjeli ugovora za registraciju vozila<\/a><br \/>\n<a href=\"\/dokumenti\/odluke\/2018\/gorivo.pdf\"><i class=\"fa fa-file-pdf-o\"><\/i> Odluka o dodjeli ugovora o nabavci goriva<\/a><br \/>\n<a href=\"\/dokumenti\/odluke\/2018\/gume2.pdf\"><i class=\"fa fa-file-pdf-o\"><\/i> Odluka o dodjeli ugovora o nabavci guma<\/a><br \/>\n<a href=\"\/dokumenti\/odluke\/2018\/p_higijena.pdf\"><i class=\"fa fa-file-pdf-o\"><\/i> Odluka o poni\u0161tenju ugovora o nabavci sredstava za higijenu<\/a><br \/>\n<a href=\"\/dokumenti\/odluke\/2018\/p_servis.pdf\"><i class=\"fa fa-file-pdf-o\"><\/i> Odluka o poni\u0161tenju ugovora o servisu automobila<\/a><br \/>\n<a href=\"\/dokumenti\/odluke\/2018\/lijekovi.pdf\"><i class=\"fa fa-file-pdf-o\"><\/i> Odluka o dodjeli ugovora o nabavci lijekova<\/a><br \/>\n<a href=\"\/dokumenti\/odluke\/2018\/gume.pdf\"><i class=\"fa fa-file-pdf-o\"><\/i> Odluka o poni\u0161tenju ugovora o nabavci guma<\/a><br \/>\n<a href=\"\/dokumenti\/odluke\/2018\/vozila.pdf\"><i class=\"fa fa-file-pdf-o\"><\/i> Odluka o dodjeli ugovora o nabavci vozila<\/a><br \/>\n<a href=\"\/dokumenti\/odluke\/2018\/namjestaj.pdf\"><i class=\"fa fa-file-pdf-o\"><\/i> Odluka o dodjeli ugovora o nabavci namje\u0161taja<\/a><br \/>\n<a href=\"\/dokumenti\/odluke\/2018\/karte.pdf\"><i class=\"fa fa-file-pdf-o\"><\/i> Odluka o dodjeli ugovora o nabavci avionskih karata<\/a><br \/>\n<a href=\"\/dokumenti\/odluke\/2018\/stampa.pdf\"><i class=\"fa fa-file-pdf-o\"><\/i> Odluka o dodjeli ugovora za usluge \u0161tampe<\/a><br \/>\n<a href=\"\/dokumenti\/odluke\/2018\/higijena3.pdf\"><i class=\"fa fa-file-pdf-o\"><\/i> Odluka o dodjeli ugovora o nabavci sredsava za higijenu<\/a><br \/>\n<a href=\"\/dokumenti\/odluke\/2018\/prehrana.pdf\"><i class=\"fa fa-file-pdf-o\"><\/i> Odluka o dodjeli ugovora za nabavku prehrambenih prouzvoda<\/a><br \/>\n<a href=\"\/dokumenti\/odluke\/2018\/ciscenje.rar\"><i class=\"fa fa-download\"><\/i> Odluke o dodjeli ugovora za \u010di\u0161\u0107enje prostorija<\/a><br \/>\n<a href=\"\/dokumenti\/odluke\/2018\/aviokartepon.pdf\"><i class=\"fa fa-file-pdf-o\"><\/i> Odluka o poni\u0161tenju ugovora o nabavci avionskih karti<\/a><br \/>\n<a href=\"\/dokumenti\/odluke\/2018\/aviokarte.pdf\"><i class=\"fa fa-file-pdf-o\"><\/i> Odluka o dodjeli ugovora za nabavku avionskih karti<\/a><br \/>\n<a href=\"\/dokumenti\/odluke\/2018\/higijena2.pdf\"><i class=\"fa fa-file-pdf-o\"><\/i> Odluka o poni\u0161tenju ugovora o nabavci sredstava za higijenu<\/a><br \/>\n<a href=\"\/dokumenti\/odluke\/2018\/stikeri.pdf\"><i class=\"fa fa-file-pdf-o\"><\/i> Odluka o dodjeli ugovora za nabavku naljepnica odobrenja oboravka<\/a><br \/>\n<a href=\"\/dokumenti\/odluke\/2018\/higijena.pdf\"><i class=\"fa fa-file-pdf-o\"><\/i> Odluka o dodjeli ugovora o nabavci sredstava za higijenu<\/a><\/p>\n<hr \/>\n<p style=\"text-align: center;\"><strong>2017.<\/strong><\/p>\n<hr \/>\n<p><a href=\"\/dokumenti\/odluke\/2017\/Zastita korisnika IC.pdf\"><i class=\"fa fa-file-pdf-o\"><\/i> Odluka o dodjeli ugovora za primarnu za\u0161titu<\/a><br \/>\n<a href=\"\/dokumenti\/odluke\/2017\/uniforme.pdf\"><i class=\"fa fa-file-pdf-o\"><\/i> Odluka o dodjeli ugovora za nabavku uniformi<\/a><br \/>\n<a href=\"\/dokumenti\/odluke\/2017\/osiguranje2.pdf\"><i class=\"fa fa-file-pdf-o\"><\/i> Odluka o dodjeli ugovora za osiguranje #2<\/a><br \/>\n<a href=\"\/dokumenti\/odluke\/2017\/osiguranje.pdf\"><i class=\"fa fa-file-pdf-o\"><\/i> Odluka o dodjeli ugovora za osiguranje<\/a><br \/>\n<a href=\"\/dokumenti\/odluke\/2017\/registracija.pdf\"><i class=\"fa fa-file-pdf-o\"><\/i> Odluka o dodjeli ugovora za registraciju vozila<\/a><br \/>\n<a href=\"\/dokumenti\/odluke\/2017\/zastita.pdf\"><i class=\"fa fa-file-pdf-o\"><\/i> Odluka o dodjeli ugovora za zdravstvenu za\u0161titu<\/a><br \/>\n<a href=\"\/dokumenti\/odluke\/2017\/gume.pdf\"><i class=\"fa fa-file-pdf-o\"><\/i> Odluka o dodjeli ugovora za nabavku auto guma<\/a><br \/>\n<a href=\"\/dokumenti\/odluke\/2017\/prehrambeni.pdf\"><i class=\"fa fa-file-pdf-o\"><\/i> Odluka o nabavci prehrambenih proizvoda<\/a><br \/>\n<a href=\"\/dokumenti\/odluke\/2017\/printex.pdf\"><i class=\"fa fa-file-pdf-o\"><\/i> Odluka o nabavci IT opreme<\/a><br \/>\n<a href=\"\/dokumenti\/odluke\/2017\/higijena.pdf\"><i class=\"fa fa-file-pdf-o\"><\/i> Odluka o nabavci sredstava za higijenu<\/a><br \/>\n<a href=\"\/dokumenti\/odluke\/2017\/Odluka o nabavci vozila LOT1.pdf\"><i class=\"fa fa-file-pdf-o\"><\/i> Odluka o nabavci vozila - LOT 1<\/a><br \/>\n<a href=\"\/dokumenti\/odluke\/2017\/Odluka o nabavci vozila LOT2.pdf\"><i class=\"fa fa-file-pdf-o\"><\/i> Odluka o nabavci vozila - LOT 2<\/a><br \/>\n<a href=\"\/dokumenti\/odluke\/2017\/ciscenje.zip\"><i class=\"fa fa-download\"><\/i> Odluke o dodjeli ugovora za \u010di\u0161\u0107enje prostorija<\/a><\/p>\n<hr \/>\n<p style=\"text-align: center;\"><strong>2016.<\/strong><\/p>\n<hr \/>\n<p><a href=\"\/dokumenti\/odluke\/2016\/stikeri.pdf\"><i class=\"fa fa-file-pdf-o\"><\/i> Odluka o nabavci naljepnica odobrenja boravka<\/a><br \/>\n<a href=\"\/dokumenti\/odluke\/2016\/Odluka za LOT-1.pdf\"><i class=\"fa fa-file-pdf-o\"><\/i> Odluka o nabavci kancelarijskog materijala<\/a><br \/>\n<a href=\"\/dokumenti\/odluke\/2016\/Odluka za LOT-2.pdf\"><i class=\"fa fa-file-pdf-o\"><\/i> Odluka o nabavci ketrid\u017ea i tonera<\/a><br \/>\n<a href=\"\/dokumenti\/odluke\/2016\/specijalna oprema.pdf\"><i class=\"fa fa-file-pdf-o\"><\/i> Odluka o nabavci policijske opreme<\/a><br \/>\n<a href=\"\/dokumenti\/odluke\/2016\/Apoteka.pdf\"><i class=\"fa fa-file-pdf-o\"><\/i> Odluka o isporuci lijekova<\/a><br \/>\n<a href=\"\/dokumenti\/odluke\/2016\/KMtrade.pdf\"><i class=\"fa fa-file-pdf-o\"><\/i> Odluka o nabavci uniformi<\/a><br \/>\n<a href=\"\/dokumenti\/odluke\/2016\/100.pdf\"><i class=\"fa fa-file-pdf-o\"><\/i> Odluka\u00a0o\u00a0nabavci\u00a0kombi vozila<\/a><\/p>\n<hr \/>\n<p style=\"text-align: center;\"><strong>2015.<\/strong><\/p>\n<hr \/>\n<p><a href=\"\/dokumenti\/odluke\/2015\/Odluka ciscenje TC Tuzla.PDF\" target=\"_blank\" rel=\"noopener noreferrer\"><i class=\"fa fa-file-pdf-o\"><\/i> Odluka ciscenje TC Tuzla<\/a><br \/>\n<a href=\"\/dokumenti\/odluke\/2015\/Odluka ciscenje Uprave sluzbe i TC Sarajevo.PDF\" target=\"_blank\" rel=\"noopener noreferrer\"><i class=\"fa fa-file-pdf-o\"><\/i> Odluka ciscenje Uprave sluzbe i TC Sarajevo<\/a><br \/>\n<a href=\"\/dokumenti\/odluke\/2015\/Odluka IT oprema.pdf\" target=\"_blank\" rel=\"noopener noreferrer\"><i class=\"fa fa-file-pdf-o\"><\/i> Odluka IT oprema<\/a><br \/>\n<a href=\"\/dokumenti\/odluke\/2015\/Odluka krecenje prostorija.pdf\" target=\"_blank\" rel=\"noopener noreferrer\"><i class=\"fa fa-file-pdf-o\"><\/i> Odluka krecenje prostorija<\/a><br \/>\n<a href=\"\/dokumenti\/odluke\/2015\/Odluka nabavka avionskih karata.pdf\" target=\"_blank\" rel=\"noopener noreferrer\"><i class=\"fa fa-file-pdf-o\"><\/i> Odluka nabavka avionskih karata<\/a><br \/>\n<a href=\"\/dokumenti\/odluke\/2015\/Odluka nabavka lijekova.pdf\" target=\"_blank\" rel=\"noopener noreferrer\"><i class=\"fa fa-file-pdf-o\"><\/i> Odluka nabavka lijekova<\/a><br \/>\n<a href=\"\/dokumenti\/odluke\/2015\/Odluka nabavka stikera.PDF\" target=\"_blank\" rel=\"noopener noreferrer\"><i class=\"fa fa-file-pdf-o\"><\/i> Odluka nabavka stikera<\/a><br \/>\n<a href=\"\/dokumenti\/odluke\/2015\/Odluka o ponistenju postupka.pdf\" target=\"_blank\" rel=\"noopener noreferrer\"><i class=\"fa fa-file-pdf-o\"><\/i> Odluka o ponistenju postupka<\/a><br \/>\n<a href=\"\/dokumenti\/odluke\/2015\/Odluka prehrambeni proizvodi.pdf\" target=\"_blank\" rel=\"noopener noreferrer\"><i class=\"fa fa-file-pdf-o\"><\/i> Odluka prehrambeni proizvodi<\/a><br \/>\n<a href=\"\/dokumenti\/odluke\/2015\/Odluka servisiranje Brcko ili Bijeljina ili Tuzla.PDF\" target=\"_blank\" rel=\"noopener noreferrer\"><i class=\"fa fa-file-pdf-o\"><\/i> Odluka servisiranje Brcko ili Bijeljina ili Tuzla<\/a><br \/>\n<a href=\"\/dokumenti\/odluke\/2015\/Odluka servisiranje Mostar.PDF\" target=\"_blank\" rel=\"noopener noreferrer\"><i class=\"fa fa-file-pdf-o\"><\/i> Odluka servisiranje Mostar<\/a><br \/>\n<a href=\"\/dokumenti\/odluke\/2015\/Odluka za nabavku vozila -LOT-1.pdf\" target=\"_blank\" rel=\"noopener noreferrer\"><i class=\"fa fa-file-pdf-o\"><\/i> Odluka za nabavku vozila -LOT-1<\/a><br \/>\n<a href=\"\/dokumenti\/odluke\/2015\/Odluka za nabavku vozila-LOT-2.pdf\" target=\"_blank\" rel=\"noopener noreferrer\"><i class=\"fa fa-file-pdf-o\"><\/i> Odluka za nabavku vozila-LOT-2<\/a><\/p>\n<hr \/>\n","protected":false},"excerpt":{"rendered":"<p>2019. Odluka o poni\u0161tenju ugovora za nabavku video nadzora Odluka o poni\u0161tenju ugovora za nabavku DMS sistema 2018. Odluka o dodjeli ugovora za nabavku kancelarijskog materijala Odluka o dodjeli ugovora za nabavku vozila Odluka o dodjeli ugovora za nabavku licenci Odluka o dodjeli ugovora za usluge sre\u0111ivanja arhive Odluka o dodjeli ugovora za nabavku MS licenci Odluka o dodjeli ugovora&nbsp;<a href=\"https:\/\/sps.gov.ba?page_id=3392\" class=\"read-more\">Continue Reading<\/a><\/p>\n","protected":false},"author":2,"featured_media":0,"parent":0,"menu_order":0,"comment_status":"closed","ping_status":"closed","template":"","meta":{"iawp_total_views":6,"footnotes":""},"class_list":["post-3396","page","type-page","status-publish","hentry"],"_links":{"self":[{"href":"https:\/\/sps.gov.ba\/index.php?rest_route=\/wp\/v2\/pages\/3396","targetHints":{"allow":["GET"]}}],"collection":[{"href":"https:\/\/sps.gov.ba\/index.php?rest_route=\/wp\/v2\/pages"}],"about":[{"href":"https:\/\/sps.gov.ba\/index.php?rest_route=\/wp\/v2\/types\/page"}],"author":[{"embeddable":true,"href":"https:\/\/sps.gov.ba\/index.php?rest_route=\/wp\/v2\/users\/2"}],"replies":[{"embeddable":true,"href":"https:\/\/sps.gov.ba\/index.php?rest_route=%2Fwp%2Fv2%2Fcomments&post=3396"}],"version-history":[{"count":7,"href":"https:\/\/sps.gov.ba\/index.php?rest_route=\/wp\/v2\/pages\/3396\/revisions"}],"predecessor-version":[{"id":5310,"href":"https:\/\/sps.gov.ba\/index.php?rest_route=\/wp\/v2\/pages\/3396\/revisions\/5310"}],"wp:attachment":[{"href":"https:\/\/sps.gov.ba\/index.php?rest_route=%2Fwp%2Fv2%2Fmedia&parent=3396"}],"curies":[{"name":"wp","href":"https:\/\/api.w.org\/{rel}","templated":true}]}}