{"id":4227,"date":"2016-10-07T12:22:14","date_gmt":"2016-10-07T12:22:14","guid":{"rendered":"http:\/\/sps.gov.ba\/dokumenti-u-izradi\/?lang=sr"},"modified":"2016-11-22T14:27:55","modified_gmt":"2016-11-22T14:27:55","slug":"dokumenti-u-izradi","status":"publish","type":"page","link":"https:\/\/sps.gov.ba?page_id=4219","title":{"rendered":"\u0414\u043e\u043a\u0443\u043c\u0435\u043d\u0442\u0438 \u0443 \u0438\u0437\u0440\u0430\u0434\u0438"},"content":{"rendered":"<p style=\"text-align: center;\" align=\"justify\"><span style=\"color: #003366;\"><strong>Program rada Slu\u017ebe za 2017. godinu<\/strong><\/span><\/p>\n<p align=\"justify\"><span style=\"font-family: 'Times New Roman', serif;\">U skladu sa Odlukom o godi\u0161njem planiranju rada i na\u010dinu pra\u0107enja i izvje\u0161tavanja u institucijama BiH (\u201eSlu\u017ebeni glasnik BiH\u201c, broj 49\/14), Slu\u017eba za poslove sa strancima objavljuje <\/span><strong><a href=\"\/dokumenti\/razno\/Nacrt Programa rada Slu\u017ebe za 2017.pdf\" target=\"_blank\"><span style=\"font-family: 'Times New Roman', serif;\">Nacrt programa rada Slu\u017ebe za poslove sa strancima za 2017. godinu<\/span><\/a><\/strong><span style=\"font-family: 'Times New Roman', serif;\"><strong>.<\/strong> <\/span><\/p>\n<p align=\"justify\"><span style=\"font-family: 'Times New Roman', serif;\">Svi zainteresovani gra\u0111ani, pravna lica i partnerske institucije svojim prijedlozima i komentarima mogu dati doprinos izradi \u0161to kvalitetnijeg Programa rada.\u00a0<\/span><span style=\"font-family: 'Times New Roman', serif;\">Proces javnih konsultacija otvoren je od <\/span><span style=\"font-family: 'Times New Roman', serif;\"><b>07.10. do 22.10.2016.\u00a0<\/b><\/span><span style=\"font-family: 'Times New Roman', serif;\">godine, a Va\u0161e sugestije, prijedloge i komentare mo\u017eete slati na e-mail: <\/span><strong><a href=\"mailto:planiranje@sps.gov.ba\" target=\"_blank\"><span style=\"font-family: 'Times New Roman', serif;\"><i>planiranje@sps.gov.ba<\/i><\/span><\/a><span style=\"font-family: 'Times New Roman', serif;\"><i>.<\/i><\/span><\/strong><\/p>\n<hr \/>\n<p align=\"justify\">\n","protected":false},"excerpt":{"rendered":"<p>Program rada Slu\u017ebe za 2017. godinu U skladu sa Odlukom o godi\u0161njem planiranju rada i na\u010dinu pra\u0107enja i izvje\u0161tavanja u institucijama BiH (\u201eSlu\u017ebeni glasnik BiH\u201c, broj 49\/14), Slu\u017eba za poslove sa strancima objavljuje Nacrt programa rada Slu\u017ebe za poslove sa strancima za 2017. godinu. Svi zainteresovani gra\u0111ani, pravna lica i partnerske institucije svojim prijedlozima i komentarima mogu dati doprinos izradi&nbsp;<a href=\"https:\/\/sps.gov.ba?page_id=4219\" class=\"read-more\">Continue Reading<\/a><\/p>\n","protected":false},"author":2,"featured_media":0,"parent":0,"menu_order":0,"comment_status":"closed","ping_status":"closed","template":"","meta":{"iawp_total_views":2,"footnotes":""},"class_list":["post-4227","page","type-page","status-publish","hentry"],"_links":{"self":[{"href":"https:\/\/sps.gov.ba\/index.php?rest_route=\/wp\/v2\/pages\/4227","targetHints":{"allow":["GET"]}}],"collection":[{"href":"https:\/\/sps.gov.ba\/index.php?rest_route=\/wp\/v2\/pages"}],"about":[{"href":"https:\/\/sps.gov.ba\/index.php?rest_route=\/wp\/v2\/types\/page"}],"author":[{"embeddable":true,"href":"https:\/\/sps.gov.ba\/index.php?rest_route=\/wp\/v2\/users\/2"}],"replies":[{"embeddable":true,"href":"https:\/\/sps.gov.ba\/index.php?rest_route=%2Fwp%2Fv2%2Fcomments&post=4227"}],"version-history":[{"count":4,"href":"https:\/\/sps.gov.ba\/index.php?rest_route=\/wp\/v2\/pages\/4227\/revisions"}],"predecessor-version":[{"id":4328,"href":"https:\/\/sps.gov.ba\/index.php?rest_route=\/wp\/v2\/pages\/4227\/revisions\/4328"}],"wp:attachment":[{"href":"https:\/\/sps.gov.ba\/index.php?rest_route=%2Fwp%2Fv2%2Fmedia&parent=4227"}],"curies":[{"name":"wp","href":"https:\/\/api.w.org\/{rel}","templated":true}]}}